{"id":10091,"date":"2025-09-28T17:59:15","date_gmt":"2025-09-28T15:59:15","guid":{"rendered":"https:\/\/ensifer.pl\/?post_type=product&#038;p=10091"},"modified":"2026-03-08T12:41:55","modified_gmt":"2026-03-08T11:41:55","slug":"warsztaty-fechtunku","status":"publish","type":"product","link":"https:\/\/ensifer.pl\/pl\/produkt\/warsztaty-fechtunku\/","title":{"rendered":"WARSZTATY FECHTUNKU"},"content":{"rendered":"<p>Zapraszamy na intensywny warsztat 3-4 godzinny po\u015bwi\u0119cony podstawom pracy z mieczem d\u0142ugim \u2013 zar\u00f3wno dla pocz\u0105tkuj\u0105cych, jak i zaawansowanych, kt\u00f3rzy chc\u0105 zg\u0142\u0119bi\u0107 fundamentalne dla fechtunku umiej\u0119tno\u015bci.<\/p>\n<p>W programie:<\/p>\n<ul>\n<li style=\"list-style-type: none;\">\n<ul>\n<li><em>Miecz, Centrum i \u015awist<\/em>\u00a0\u2013 przygotowanie cia\u0142a do ci\u0119cia<\/li>\n<li><em>Serce miecza, p\u0142aszczyzna ci\u0119cia i trzy osie obrotu<\/em>\u00a0\u2013 precyzja w prowadzeniu broni<\/li>\n<li>Analiza techniki ci\u0119cia mistrz\u00f3w wschodnich sztuk walki<\/li>\n<li>\u0106wiczenia praktyczne na \u015bwist z czterech postaw<\/li>\n<li>Podstawowe \u0107wiczenia do czterech nasadze\u0144<\/li>\n<li>Prezentacja i doskonalenie samodzielnych \u0107wicze\u0144 przygotowuj\u0105cych do ci\u0119cia<\/li>\n<\/ul>\n<\/li>\n<\/ul>","protected":false},"excerpt":{"rendered":"<p><strong>Warsztat:\u00a0<\/strong><strong>FUNDAMENTY W\u0141ADANIA BRONI\u0104 BIA\u0141\u0104<\/strong><\/p>\n<p><em>\u0106wiczenia przygotowawcze do przecinania i przebijania pozornik\u00f3w<\/em><\/p>","protected":false},"featured_media":10587,"comment_status":"open","ping_status":"closed","template":"","meta":{"_acf_changed":false,"_kad_blocks_custom_css":"","_kad_blocks_head_custom_js":"","_kad_blocks_body_custom_js":"","_kad_blocks_footer_custom_js":"","_kad_post_transparent":"default","_kad_post_title":"","_kad_post_layout":"default","_kad_post_sidebar_id":"","_kad_post_content_style":"default","_kad_post_vertical_padding":"default","_kad_post_feature":"","_kad_post_feature_position":"","_kad_post_header":false,"_kad_post_footer":false,"_kad_post_classname":""},"product_brand":[],"product_cat":[89],"product_tag":[],"class_list":{"0":"post-10091","1":"product","2":"type-product","3":"status-publish","4":"has-post-thumbnail","6":"product_cat-warsztaty","7":"pa_grip-length-12-cm","8":"pa_grip-length-13-cm","9":"pa_grip-length-14-cm","11":"first","12":"onbackorder","13":"taxable","14":"shipping-taxable","15":"purchasable","16":"product-type-simple","17":"entry","18":"content-bg","19":"loop-entry"},"acf":[],"taxonomy_info":{"product_cat":[{"value":89,"label":"WARSZTATY"}],"pa_grip-length":[{"value":46,"label":"12 cm"},{"value":26,"label":"13 cm"},{"value":27,"label":"14 cm"}]},"featured_image_src_large":["https:\/\/ensifer.pl\/wp-content\/uploads\/2025\/09\/Warsztat-Nordfecht.jpg",1000,563,false],"author_info":[],"comment_info":0,"_links":{"self":[{"href":"https:\/\/ensifer.pl\/pl\/wp-json\/wp\/v2\/product\/10091","targetHints":{"allow":["GET"]}}],"collection":[{"href":"https:\/\/ensifer.pl\/pl\/wp-json\/wp\/v2\/product"}],"about":[{"href":"https:\/\/ensifer.pl\/pl\/wp-json\/wp\/v2\/types\/product"}],"replies":[{"embeddable":true,"href":"https:\/\/ensifer.pl\/pl\/wp-json\/wp\/v2\/comments?post=10091"}],"version-history":[{"count":3,"href":"https:\/\/ensifer.pl\/pl\/wp-json\/wp\/v2\/product\/10091\/revisions"}],"predecessor-version":[{"id":10174,"href":"https:\/\/ensifer.pl\/pl\/wp-json\/wp\/v2\/product\/10091\/revisions\/10174"}],"wp:featuredmedia":[{"embeddable":true,"href":"https:\/\/ensifer.pl\/pl\/wp-json\/wp\/v2\/media\/10587"}],"wp:attachment":[{"href":"https:\/\/ensifer.pl\/pl\/wp-json\/wp\/v2\/media?parent=10091"}],"wp:term":[{"taxonomy":"product_brand","embeddable":true,"href":"https:\/\/ensifer.pl\/pl\/wp-json\/wp\/v2\/product_brand?post=10091"},{"taxonomy":"product_cat","embeddable":true,"href":"https:\/\/ensifer.pl\/pl\/wp-json\/wp\/v2\/product_cat?post=10091"},{"taxonomy":"product_tag","embeddable":true,"href":"https:\/\/ensifer.pl\/pl\/wp-json\/wp\/v2\/product_tag?post=10091"}],"curies":[{"name":"wp","href":"https:\/\/api.w.org\/{rel}","templated":true}]}}