{"id":10498,"date":"2025-11-11T13:31:48","date_gmt":"2025-11-11T12:31:48","guid":{"rendered":"https:\/\/ensifer.pl\/?post_type=product&#038;p=10498"},"modified":"2026-01-19T07:56:13","modified_gmt":"2026-01-19T06:56:13","slug":"graf","status":"publish","type":"product","link":"https:\/\/ensifer.pl\/pl\/produkt\/graf\/","title":{"rendered":"GRAF"},"content":{"rendered":"<p>.<\/p>","protected":false},"excerpt":{"rendered":"<p>Graf Sword with scabbard and chape. Available sharp or blunt on customer request. Blunt edge has 1.0 mm to 0,5 mm.<\/p>\n<table style=\"width: 100%; border-collapse: collapse; background-color: #2e2d2d;\">\n<tbody>\n<tr>\n<td style=\"width: 50%;\"><span style=\"color: #ffffff;\">GRAF<\/span><\/p>\n<p><span style=\"color: #ffffff;\">Waga 1320g -1350g<\/span><br \/>\n<span style=\"color: #ffffff;\">PoB\u00a0 \u00a010,5 cm\u00a0\u00a0<\/span><br \/>\n<span style=\"color: #ffffff;\">BN ~ 58 cm<\/span><br \/>\n<span style=\"color: #ffffff;\">FPP ~ 62 cm<\/span><br \/>\n<span style=\"color: #ffffff;\">APP ~ 29 cm<\/span><br \/>\n<span style=\"color: #ffffff;\">Grubo\u015b\u0107 bazowa klingi \u2013 5mm<\/span><br \/>\n<span style=\"color: #ffffff;\">D\u0142ugo\u015b\u0107 ca\u0142kowita ~ 118 cm<\/span><br \/>\n<span style=\"color: #ffffff;\">D\u0142ugo\u015b\u0107 klingi ~ 92,5 cm<\/span><\/td>\n<td style=\"width: 50%;\"><\/td>\n<\/tr>\n<\/tbody>\n<\/table>","protected":false},"featured_media":10507,"comment_status":"open","ping_status":"closed","template":"","meta":{"_acf_changed":false,"_kad_blocks_custom_css":"","_kad_blocks_head_custom_js":"","_kad_blocks_body_custom_js":"","_kad_blocks_footer_custom_js":"","_kad_post_transparent":"default","_kad_post_title":"hide","_kad_post_layout":"fullwidth","_kad_post_sidebar_id":"","_kad_post_content_style":"unboxed","_kad_post_vertical_padding":"hide","_kad_post_feature":"hide","_kad_post_feature_position":"","_kad_post_header":false,"_kad_post_footer":false,"_kad_post_classname":""},"product_brand":[],"product_cat":[75],"product_tag":[],"class_list":{"0":"post-10498","1":"product","2":"type-product","3":"status-publish","4":"has-post-thumbnail","6":"product_cat-swords","7":"pa_color-black","8":"pa_color-blue","9":"pa_color-green","10":"pa_color-red","12":"first","13":"onbackorder","14":"taxable","15":"shipping-taxable","16":"purchasable","17":"product-type-variable","18":"entry","19":"content-bg","20":"loop-entry"},"acf":[],"taxonomy_info":{"product_cat":[{"value":75,"label":"SWORDS"}],"pa_color":[{"value":16,"label":"Black"},{"value":17,"label":"Dark Blue"},{"value":18,"label":"Dark Green"},{"value":19,"label":"Dark Red"}]},"featured_image_src_large":["https:\/\/ensifer.pl\/wp-content\/uploads\/2025\/11\/GRAF-2-1024x576.jpg",1024,576,true],"author_info":[],"comment_info":0,"_links":{"self":[{"href":"https:\/\/ensifer.pl\/pl\/wp-json\/wp\/v2\/product\/10498","targetHints":{"allow":["GET"]}}],"collection":[{"href":"https:\/\/ensifer.pl\/pl\/wp-json\/wp\/v2\/product"}],"about":[{"href":"https:\/\/ensifer.pl\/pl\/wp-json\/wp\/v2\/types\/product"}],"replies":[{"embeddable":true,"href":"https:\/\/ensifer.pl\/pl\/wp-json\/wp\/v2\/comments?post=10498"}],"version-history":[{"count":21,"href":"https:\/\/ensifer.pl\/pl\/wp-json\/wp\/v2\/product\/10498\/revisions"}],"predecessor-version":[{"id":10756,"href":"https:\/\/ensifer.pl\/pl\/wp-json\/wp\/v2\/product\/10498\/revisions\/10756"}],"wp:featuredmedia":[{"embeddable":true,"href":"https:\/\/ensifer.pl\/pl\/wp-json\/wp\/v2\/media\/10507"}],"wp:attachment":[{"href":"https:\/\/ensifer.pl\/pl\/wp-json\/wp\/v2\/media?parent=10498"}],"wp:term":[{"taxonomy":"product_brand","embeddable":true,"href":"https:\/\/ensifer.pl\/pl\/wp-json\/wp\/v2\/product_brand?post=10498"},{"taxonomy":"product_cat","embeddable":true,"href":"https:\/\/ensifer.pl\/pl\/wp-json\/wp\/v2\/product_cat?post=10498"},{"taxonomy":"product_tag","embeddable":true,"href":"https:\/\/ensifer.pl\/pl\/wp-json\/wp\/v2\/product_tag?post=10498"}],"curies":[{"name":"wp","href":"https:\/\/api.w.org\/{rel}","templated":true}]}}