{"id":18,"date":"2023-08-01T09:07:26","date_gmt":"2023-08-01T07:07:26","guid":{"rendered":"https:\/\/ensifer.t44.pl\/produkt\/kron\/"},"modified":"2026-03-18T13:42:55","modified_gmt":"2026-03-18T12:42:55","slug":"kron","status":"publish","type":"product","link":"https:\/\/ensifer.pl\/pl\/produkt\/kron\/","title":{"rendered":"KRON 2020"},"content":{"rendered":"<div data-elementor-type=\"product-post\" data-elementor-id=\"18\" class=\"elementor elementor-18\" data-elementor-post-type=\"product\">\n\t\t\t\t\t\t<section class=\"elementor-section elementor-top-section elementor-element elementor-element-d10d181 elementor-section-boxed elementor-section-height-default elementor-section-height-default\" data-id=\"d10d181\" data-element_type=\"section\" data-e-type=\"section\" data-settings=\"{&quot;jet_parallax_layout_list&quot;:[]}\">\n\t\t\t\t\t\t<div class=\"elementor-container elementor-column-gap-default\">\n\t\t\t\t\t<div class=\"elementor-column elementor-col-100 elementor-top-column elementor-element elementor-element-06d81d5\" data-id=\"06d81d5\" data-element_type=\"column\" data-e-type=\"column\">\n\t\t\t<div class=\"elementor-widget-wrap elementor-element-populated\">\n\t\t\t\t\t\t<div class=\"elementor-element elementor-element-75ac394 elementor-widget elementor-widget-text-editor\" data-id=\"75ac394\" data-element_type=\"widget\" data-e-type=\"widget\" data-widget_type=\"text-editor.default\">\n\t\t\t\t<div class=\"elementor-widget-container\">\n\t\t\t\t\t\t\t\t\t<ul><li><span style=\"color: #000000;\">Rok gwarancji na z\u0142amanie klingi*<\/span><\/li><li><span style=\"color: #000000;\">Lekka i elastyczna klinga, o wkl\u0119s\u0142ym szlifie i strudzinach na rikassie.<\/span><\/li><li><span style=\"color: #000000;\">Wyj\u0105tkowo wytrzyma\u0142a, zaokr\u0105glona krawed\u017a - od 6 do 4mm grubo\u015bci, twardo\u015b\u0107 50 HRC<\/span><\/li><li><span style=\"color: #000000;\">Historyczne punkty obrotu - Przedni Punkt Obrotu 93 cm od jelca.<\/span><\/li><li><span style=\"color: #000000;\">Wytrzyma\u0142y i  estetycznie wykonany jelec o twardo\u015bci 45 HRC<\/span><\/li><li><span style=\"color: #000000;\">Podw\u00f3jnie zakuwany jelec  chroni\u0105cy przed luzowaniem<\/span><\/li><li><span style=\"color: #000000;\">Bezpieczne ko\u0144c\u00f3wki jelca<\/span><\/li><li><span style=\"color: #000000;\">Thickneded grip covered with durable cord and resin.<\/span><\/li><li><span style=\"color: #000000;\">Pe\u0142ny,  w\u0142a\u015bciwie zaokr\u0105glony i bezpieczny sztych<\/span><\/li><li><span style=\"color: #000000;\">Peened\u00a0 steel pommel<\/span><\/li><\/ul>\t\t\t\t\t\t\t\t<\/div>\n\t\t\t\t<\/div>\n\t\t\t\t\t<\/div>\n\t\t<\/div>\n\t\t\t\t\t<\/div>\n\t\t<\/section>\n\t\t\t\t<section class=\"elementor-section elementor-top-section elementor-element elementor-element-1658e1c elementor-section-boxed elementor-section-height-default elementor-section-height-default\" data-id=\"1658e1c\" data-element_type=\"section\" data-e-type=\"section\" data-settings=\"{&quot;jet_parallax_layout_list&quot;:[]}\">\n\t\t\t\t\t\t<div class=\"elementor-container elementor-column-gap-default\">\n\t\t\t\t\t<div class=\"elementor-column elementor-col-100 elementor-top-column elementor-element elementor-element-cdecbab\" data-id=\"cdecbab\" data-element_type=\"column\" data-e-type=\"column\">\n\t\t\t<div class=\"elementor-widget-wrap\">\n\t\t\t\t\t\t\t<\/div>\n\t\t<\/div>\n\t\t\t\t\t<\/div>\n\t\t<\/section>\n\t\t\t\t<section class=\"elementor-section elementor-top-section elementor-element elementor-element-32eea45 elementor-section-boxed elementor-section-height-default elementor-section-height-default\" data-id=\"32eea45\" data-element_type=\"section\" data-e-type=\"section\" data-settings=\"{&quot;jet_parallax_layout_list&quot;:[]}\">\n\t\t\t\t\t\t<div class=\"elementor-container elementor-column-gap-default\">\n\t\t\t\t\t<div class=\"elementor-column elementor-col-100 elementor-top-column elementor-element elementor-element-40352d2\" data-id=\"40352d2\" data-element_type=\"column\" data-e-type=\"column\">\n\t\t\t<div class=\"elementor-widget-wrap elementor-element-populated\">\n\t\t\t\t\t\t<div class=\"elementor-element elementor-element-4b13327 elementor-widget elementor-widget-image\" data-id=\"4b13327\" data-element_type=\"widget\" data-e-type=\"widget\" data-widget_type=\"image.default\">\n\t\t\t\t<div class=\"elementor-widget-container\">\n\t\t\t\t\t\t\t\t\t\t\t\t\t\t\t<img fetchpriority=\"high\" decoding=\"async\" width=\"2000\" height=\"500\" src=\"https:\/\/ensifer.pl\/wp-content\/uploads\/2023\/08\/KRON_long_SZKIC.svg\" class=\"attachment-full size-full wp-image-4557\" alt=\"\" \/>\t\t\t\t\t\t\t\t\t\t\t\t\t\t\t<\/div>\n\t\t\t\t<\/div>\n\t\t\t\t<div class=\"elementor-element elementor-element-147d759 elementor-widget elementor-widget-image\" data-id=\"147d759\" data-element_type=\"widget\" data-e-type=\"widget\" data-widget_type=\"image.default\">\n\t\t\t\t<div class=\"elementor-widget-container\">\n\t\t\t\t\t\t\t\t\t\t\t\t\t\t\t<img decoding=\"async\" width=\"2000\" height=\"500\" src=\"https:\/\/ensifer.pl\/wp-content\/uploads\/2015\/10\/KRON_SZKIC.svg\" class=\"attachment-full size-full wp-image-3247\" alt=\"\" \/>\t\t\t\t\t\t\t\t\t\t\t\t\t\t\t<\/div>\n\t\t\t\t<\/div>\n\t\t\t\t\t<\/div>\n\t\t<\/div>\n\t\t\t\t\t<\/div>\n\t\t<\/section>\n\t\t\t\t<section class=\"elementor-section elementor-top-section elementor-element elementor-element-1411e31 elementor-section-boxed elementor-section-height-default elementor-section-height-default\" data-id=\"1411e31\" data-element_type=\"section\" data-e-type=\"section\" data-settings=\"{&quot;jet_parallax_layout_list&quot;:[]}\">\n\t\t\t\t\t\t<div class=\"elementor-container elementor-column-gap-default\">\n\t\t\t\t\t<div class=\"elementor-column elementor-col-100 elementor-top-column elementor-element elementor-element-ffe40ac\" data-id=\"ffe40ac\" data-element_type=\"column\" data-e-type=\"column\">\n\t\t\t<div class=\"elementor-widget-wrap elementor-element-populated\">\n\t\t\t\t\t\t<div class=\"elementor-element elementor-element-7492c9f elementor-widget elementor-widget-text-editor\" data-id=\"7492c9f\" data-element_type=\"widget\" data-e-type=\"widget\" data-widget_type=\"text-editor.default\">\n\t\t\t\t<div class=\"elementor-widget-container\">\n\t\t\t\t\t\t\t\t\t<p><span style=\"color: #000000;\"><strong>Blade Integrity and Warranty<\/strong><\/span><\/p><p><span style=\"color: #000000;\">Every blade we produce is thoroughly checked multiple times during production to ensure quality and avoid mistakes. We provide a 1-year warranty for breakage, but not for every bend. We can replace a sword that bends during its first use or sparring session without any issues. However, after a few months of use and sparring, minor bends are normal when subjected to significant forces. While we can straighten the blade in our workshop, we do not cover the shipping costs. <strong><a style=\"color: #000000;\" href=\"https:\/\/academyoffencingmasters.com\/blog\/straighten-fencing-weapon-competition\/\" target=\"_blank\" rel=\"noopener\">Straightening a blade<\/a> <\/strong>is a quick process and can often be done with a simple technique at home, such as applying pressure with your foot.<\/span><\/p><p><span style=\"color: #000000;\"><strong>Blade Flexibility (FLEX)<\/strong><\/span><\/p><p><span style=\"color: #000000;\">We measure blade stiffness using a regular <a style=\"color: #000000;\" href=\"https:\/\/drive.google.com\/file\/d\/1ZqHZPer9iKXjfEnNndWuqI7qodM6jpO0\/view?fbclid=IwZXh0bgNhZW0CMTAAAR27qUwjJss6tb7f3pdBkIPY01NbSZsuBxrA83rPd_Ebfd9wvC81N2CbFBM_aem_Af65M5JJMzPIEvE1rPqvoR70sjEtQnu2dKkbKkpymOKyTrpVuW7samS96_WiuDg5EBqT9BS8Vth35xY9tS5YoUNZ\" target=\"_blank\" rel=\"noopener\"><strong>poprzez wyboczenie<\/strong><\/a> by applying pressure on the pommel on a scale, based on the <span style=\"color: #800000;\"><a style=\"color: #800000;\" href=\"https:\/\/drive.google.com\/file\/d\/1Bc4jlAWHe1g6BRDoWBxCshNt2rZuMgzl\/view?fbclid=IwZXh0bgNhZW0CMTAAAR0dLnXXvhqQKt-hYLZn1zYfsd7zFOyx8bel6Lb9m7cWqtiqGqONdgpeSD0_aem_Af4FvW9I3nU50FxaTyDnbsFudyQU4bmKjzcqd87uOvCv5dRngj2J9AtOewCV_s2260YTAdqfjt0Khkq7Y4j829Fd\" target=\"_blank\" rel=\"noopener\"><strong>Regulamin Polskiej Federacji  DESW - FEDER<\/strong><\/a><\/span><\/span><\/p><p><span style=\"color: #000000;\"><strong>\u201cGOOD FENCING\u201d TIPS:<\/strong><\/span><\/p><ul><li><span style=\"color: #000000;\">Learn to properly thrust with a feder and utilize its blade flexibility \u2013 keep your hands up when thrusting.<\/span><\/li><li><span style=\"color: #000000;\">Cut with proper edge alignment and avoid full-force cuts to rigid targets, such as the strong part of your partner&#8217;s blade or crossguard. If your opponent parries with the strong part of their blade, applying force to it with your weak part will not be effective and will only damage your blade.<\/span><\/li><li><span style=\"color: #000000;\">Avoid charging at each other during sparring \u2013 this can generate huge forces that may bend the blade.<\/span><\/li><\/ul>\t\t\t\t\t\t\t\t<\/div>\n\t\t\t\t<\/div>\n\t\t\t\t\t<\/div>\n\t\t<\/div>\n\t\t\t\t\t<\/div>\n\t\t<\/section>\n\t\t\t\t<section class=\"elementor-section elementor-top-section elementor-element elementor-element-ed3c50c elementor-section-boxed elementor-section-height-default elementor-section-height-default\" data-id=\"ed3c50c\" data-element_type=\"section\" data-e-type=\"section\" data-settings=\"{&quot;jet_parallax_layout_list&quot;:[]}\">\n\t\t\t\t\t\t<div class=\"elementor-container elementor-column-gap-default\">\n\t\t\t\t\t<div class=\"elementor-column elementor-col-33 elementor-top-column elementor-element elementor-element-fd00226\" data-id=\"fd00226\" data-element_type=\"column\" data-e-type=\"column\">\n\t\t\t<div class=\"elementor-widget-wrap elementor-element-populated\">\n\t\t\t\t\t\t<div class=\"elementor-element elementor-element-3f16fa5 elementor-widget elementor-widget-video\" data-id=\"3f16fa5\" data-element_type=\"widget\" data-e-type=\"widget\" data-settings=\"{&quot;youtube_url&quot;:&quot;https:\\\/\\\/www.youtube.com\\\/watch?v=-oRM96vBak4&quot;,&quot;start&quot;:4,&quot;video_type&quot;:&quot;youtube&quot;,&quot;controls&quot;:&quot;yes&quot;}\" data-widget_type=\"video.default\">\n\t\t\t\t<div class=\"elementor-widget-container\">\n\t\t\t\t\t\t\t<div class=\"elementor-wrapper elementor-open-inline\">\n\t\t\t<div class=\"elementor-video\"><\/div>\t\t<\/div>\n\t\t\t\t\t\t<\/div>\n\t\t\t\t<\/div>\n\t\t\t\t\t<\/div>\n\t\t<\/div>\n\t\t\t\t<div class=\"elementor-column elementor-col-33 elementor-top-column elementor-element elementor-element-b4c17ee\" data-id=\"b4c17ee\" data-element_type=\"column\" data-e-type=\"column\">\n\t\t\t<div class=\"elementor-widget-wrap elementor-element-populated\">\n\t\t\t\t\t\t<div class=\"elementor-element elementor-element-56c667c elementor-widget elementor-widget-video\" data-id=\"56c667c\" data-element_type=\"widget\" data-e-type=\"widget\" data-settings=\"{&quot;youtube_url&quot;:&quot;https:\\\/\\\/youtu.be\\\/vGY88Zys2Tk?feature=shared&quot;,&quot;video_type&quot;:&quot;youtube&quot;,&quot;controls&quot;:&quot;yes&quot;}\" data-widget_type=\"video.default\">\n\t\t\t\t<div class=\"elementor-widget-container\">\n\t\t\t\t\t\t\t<div class=\"elementor-wrapper elementor-open-inline\">\n\t\t\t<div class=\"elementor-video\"><\/div>\t\t<\/div>\n\t\t\t\t\t\t<\/div>\n\t\t\t\t<\/div>\n\t\t\t\t\t<\/div>\n\t\t<\/div>\n\t\t\t\t<div class=\"elementor-column elementor-col-33 elementor-top-column elementor-element elementor-element-d49fd33\" data-id=\"d49fd33\" data-element_type=\"column\" data-e-type=\"column\">\n\t\t\t<div class=\"elementor-widget-wrap elementor-element-populated\">\n\t\t\t\t\t\t<div class=\"elementor-element elementor-element-ffb774e elementor-widget elementor-widget-video\" data-id=\"ffb774e\" data-element_type=\"widget\" data-e-type=\"widget\" data-settings=\"{&quot;youtube_url&quot;:&quot;https:\\\/\\\/youtu.be\\\/39GTqsyVnrM?feature=shared&amp;t=163&quot;,&quot;start&quot;:162,&quot;end&quot;:180,&quot;video_type&quot;:&quot;youtube&quot;,&quot;controls&quot;:&quot;yes&quot;}\" data-widget_type=\"video.default\">\n\t\t\t\t<div class=\"elementor-widget-container\">\n\t\t\t\t\t\t\t<div class=\"elementor-wrapper elementor-open-inline\">\n\t\t\t<div class=\"elementor-video\"><\/div>\t\t<\/div>\n\t\t\t\t\t\t<\/div>\n\t\t\t\t<\/div>\n\t\t\t\t\t<\/div>\n\t\t<\/div>\n\t\t\t\t\t<\/div>\n\t\t<\/section>\n\t\t\t\t<section class=\"elementor-section elementor-top-section elementor-element elementor-element-9211631 elementor-section-boxed elementor-section-height-default elementor-section-height-default\" data-id=\"9211631\" data-element_type=\"section\" data-e-type=\"section\" data-settings=\"{&quot;jet_parallax_layout_list&quot;:[]}\">\n\t\t\t\t\t\t<div class=\"elementor-container elementor-column-gap-default\">\n\t\t\t\t\t<div class=\"elementor-column elementor-col-33 elementor-top-column elementor-element elementor-element-f0fe859\" data-id=\"f0fe859\" data-element_type=\"column\" data-e-type=\"column\">\n\t\t\t<div class=\"elementor-widget-wrap elementor-element-populated\">\n\t\t\t\t\t\t<div class=\"elementor-element elementor-element-79d0d0c elementor-widget elementor-widget-text-editor\" data-id=\"79d0d0c\" data-element_type=\"widget\" data-e-type=\"widget\" data-widget_type=\"text-editor.default\">\n\t\t\t\t<div class=\"elementor-widget-container\">\n\t\t\t\t\t\t\t\t\t<p><blockquote class=\"wp-embedded-content\" data-secret=\"7Qn0j4rpzm\"><a href=\"https:\/\/swordstem.com\/2021\/11\/01\/is-a-sword-with-a-set-safer\/\" target=\"_blank\" rel=\"noopener\">Is A Sword With A Set Safer?<\/a><\/blockquote><iframe class=\"wp-embedded-content\" sandbox=\"allow-scripts\" security=\"restricted\" style=\"position: absolute; visibility: hidden;\" title=\"&#8220;Is A Sword With A Set Safer?&#8221; &#8212; Sword STEM\" src=\"https:\/\/swordstem.com\/2021\/11\/01\/is-a-sword-with-a-set-safer\/embed\/#?secret=juVCIiFPZr#?secret=7Qn0j4rpzm\" data-secret=\"7Qn0j4rpzm\" width=\"600\" height=\"338\" frameborder=\"0\" marginwidth=\"0\" marginheight=\"0\" scrolling=\"no\"><\/iframe><\/p>\t\t\t\t\t\t\t\t<\/div>\n\t\t\t\t<\/div>\n\t\t\t\t\t<\/div>\n\t\t<\/div>\n\t\t\t\t<div class=\"elementor-column elementor-col-33 elementor-top-column elementor-element elementor-element-f9f06ae\" data-id=\"f9f06ae\" data-element_type=\"column\" data-e-type=\"column\">\n\t\t\t<div class=\"elementor-widget-wrap elementor-element-populated\">\n\t\t\t\t\t\t<div class=\"elementor-element elementor-element-150d372 elementor-widget elementor-widget-text-editor\" data-id=\"150d372\" data-element_type=\"widget\" data-e-type=\"widget\" data-widget_type=\"text-editor.default\">\n\t\t\t\t<div class=\"elementor-widget-container\">\n\t\t\t\t\t\t\t\t\t<p><blockquote class=\"wp-embedded-content\" data-secret=\"tgRGwy1vg4\"><a href=\"https:\/\/swordstem.com\/2020\/12\/22\/difficulties-with-sca-flex-test-and-buckling-test-for-measuring-blade-stiffness\/\" target=\"_blank\" rel=\"noopener\">Difficulties with SCA Flex Test and Buckling Test for Measuring Blade Stiffness<\/a><\/blockquote><iframe class=\"wp-embedded-content\" sandbox=\"allow-scripts\" security=\"restricted\" style=\"position: absolute; visibility: hidden;\" title=\"&#8220;Difficulties with SCA Flex Test and Buckling Test for Measuring Blade Stiffness&#8221; &#8212; Sword STEM\" src=\"https:\/\/swordstem.com\/2020\/12\/22\/difficulties-with-sca-flex-test-and-buckling-test-for-measuring-blade-stiffness\/embed\/#?secret=WXInjkRJdS#?secret=tgRGwy1vg4\" data-secret=\"tgRGwy1vg4\" width=\"600\" height=\"338\" frameborder=\"0\" marginwidth=\"0\" marginheight=\"0\" scrolling=\"no\"><\/iframe><\/p>\t\t\t\t\t\t\t\t<\/div>\n\t\t\t\t<\/div>\n\t\t\t\t\t<\/div>\n\t\t<\/div>\n\t\t\t\t<div class=\"elementor-column elementor-col-33 elementor-top-column elementor-element elementor-element-483f574\" data-id=\"483f574\" data-element_type=\"column\" data-e-type=\"column\">\n\t\t\t<div class=\"elementor-widget-wrap elementor-element-populated\">\n\t\t\t\t\t\t<div class=\"elementor-element elementor-element-ac6aafe elementor-widget elementor-widget-text-editor\" data-id=\"ac6aafe\" data-element_type=\"widget\" data-e-type=\"widget\" data-widget_type=\"text-editor.default\">\n\t\t\t\t<div class=\"elementor-widget-container\">\n\t\t\t\t\t\t\t\t\t<p><blockquote class=\"wp-embedded-content\" data-secret=\"mc7OhgVxct\"><a href=\"https:\/\/swordstem.com\/2021\/12\/26\/wtf-does-presence-in-the-bind-even-mean\/\" target=\"_blank\" rel=\"noopener\">WTF Does \u201cPresence In The Bind\u201d Even Mean<\/a><\/blockquote><iframe class=\"wp-embedded-content\" sandbox=\"allow-scripts\" security=\"restricted\" style=\"position: absolute; visibility: hidden;\" title=\"&#8220;WTF Does \u201cPresence In The Bind\u201d Even Mean&#8221; &#8212; Sword STEM\" src=\"https:\/\/swordstem.com\/2021\/12\/26\/wtf-does-presence-in-the-bind-even-mean\/embed\/#?secret=8mJPYAGfWf#?secret=mc7OhgVxct\" data-secret=\"mc7OhgVxct\" width=\"600\" height=\"338\" frameborder=\"0\" marginwidth=\"0\" marginheight=\"0\" scrolling=\"no\"><\/iframe><\/p>\t\t\t\t\t\t\t\t<\/div>\n\t\t\t\t<\/div>\n\t\t\t\t\t<\/div>\n\t\t<\/div>\n\t\t\t\t\t<\/div>\n\t\t<\/section>\n\t\t\t\t<section class=\"elementor-section elementor-top-section elementor-element elementor-element-f8a8b37 elementor-section-boxed elementor-section-height-default elementor-section-height-default\" data-id=\"f8a8b37\" data-element_type=\"section\" data-e-type=\"section\" data-settings=\"{&quot;jet_parallax_layout_list&quot;:[]}\">\n\t\t\t\t\t\t<div class=\"elementor-container elementor-column-gap-default\">\n\t\t\t\t\t<div class=\"elementor-column elementor-col-33 elementor-top-column elementor-element elementor-element-785546d\" data-id=\"785546d\" data-element_type=\"column\" data-e-type=\"column\">\n\t\t\t<div class=\"elementor-widget-wrap elementor-element-populated\">\n\t\t\t\t\t\t<div class=\"elementor-element elementor-element-b72b2c6 elementor-widget elementor-widget-text-editor\" data-id=\"b72b2c6\" data-element_type=\"widget\" data-e-type=\"widget\" data-widget_type=\"text-editor.default\">\n\t\t\t\t<div class=\"elementor-widget-container\">\n\t\t\t\t\t\t\t\t\t<p><blockquote class=\"wp-embedded-content\" data-secret=\"wYo7KyqQ4a\"><a href=\"https:\/\/blog.subcaelo.net\/ensis\/documenting-dynamics-of-swords\/\" target=\"_blank\" rel=\"noopener\">Documenting the dynamics of swords<\/a><\/blockquote><iframe class=\"wp-embedded-content\" sandbox=\"allow-scripts\" security=\"restricted\" style=\"position: absolute; visibility: hidden;\" title=\"&#8220;Documenting the dynamics of swords&#8221; &#8212; Ensis Sub Caelo\" src=\"https:\/\/blog.subcaelo.net\/ensis\/documenting-dynamics-of-swords\/embed\/#?secret=30rk19jVcj#?secret=wYo7KyqQ4a\" data-secret=\"wYo7KyqQ4a\" width=\"600\" height=\"338\" frameborder=\"0\" marginwidth=\"0\" marginheight=\"0\" scrolling=\"no\"><\/iframe><\/p>\t\t\t\t\t\t\t\t<\/div>\n\t\t\t\t<\/div>\n\t\t\t\t\t<\/div>\n\t\t<\/div>\n\t\t\t\t<div class=\"elementor-column elementor-col-33 elementor-top-column elementor-element elementor-element-32446ff\" data-id=\"32446ff\" data-element_type=\"column\" data-e-type=\"column\">\n\t\t\t<div class=\"elementor-widget-wrap elementor-element-populated\">\n\t\t\t\t\t\t<div class=\"elementor-element elementor-element-8ff07c1 elementor-widget elementor-widget-text-editor\" data-id=\"8ff07c1\" data-element_type=\"widget\" data-e-type=\"widget\" data-widget_type=\"text-editor.default\">\n\t\t\t\t<div class=\"elementor-widget-container\">\n\t\t\t\t\t\t\t\t\t<p><blockquote class=\"wp-embedded-content\" data-secret=\"JL1rXhL2JD\"><a href=\"https:\/\/blog.subcaelo.net\/ensis\/training-sharps-present-past\/\" target=\"_blank\" rel=\"noopener\">Training with sharps, present and past<\/a><\/blockquote><iframe class=\"wp-embedded-content\" sandbox=\"allow-scripts\" security=\"restricted\" style=\"position: absolute; visibility: hidden;\" title=\"&#8220;Training with sharps, present and past&#8221; &#8212; Ensis Sub Caelo\" src=\"https:\/\/blog.subcaelo.net\/ensis\/training-sharps-present-past\/embed\/#?secret=5TowcEfU6y#?secret=JL1rXhL2JD\" data-secret=\"JL1rXhL2JD\" width=\"600\" height=\"338\" frameborder=\"0\" marginwidth=\"0\" marginheight=\"0\" scrolling=\"no\"><\/iframe><\/p>\t\t\t\t\t\t\t\t<\/div>\n\t\t\t\t<\/div>\n\t\t\t\t\t<\/div>\n\t\t<\/div>\n\t\t\t\t<div class=\"elementor-column elementor-col-33 elementor-top-column elementor-element elementor-element-d09c18d\" data-id=\"d09c18d\" data-element_type=\"column\" data-e-type=\"column\">\n\t\t\t<div class=\"elementor-widget-wrap elementor-element-populated\">\n\t\t\t\t\t\t<div class=\"elementor-element elementor-element-a27a73f elementor-widget elementor-widget-text-editor\" data-id=\"a27a73f\" data-element_type=\"widget\" data-e-type=\"widget\" data-widget_type=\"text-editor.default\">\n\t\t\t\t<div class=\"elementor-widget-container\">\n\t\t\t\t\t\t\t\t\t<p><blockquote class=\"wp-embedded-content\" data-secret=\"Bk9l7yFBfq\"><a href=\"https:\/\/blog.subcaelo.net\/ensis\/review-analysis-vibrational-characteristics-training-longsword\/\" target=\"_blank\" rel=\"noopener\">Review: Analysis of the Vibrational Characteristics of a Training Longsword<\/a><\/blockquote><iframe class=\"wp-embedded-content\" sandbox=\"allow-scripts\" security=\"restricted\" style=\"position: absolute; visibility: hidden;\" title=\"&#8220;Review: Analysis of the Vibrational Characteristics of a Training Longsword&#8221; &#8212; Ensis Sub Caelo\" src=\"https:\/\/blog.subcaelo.net\/ensis\/review-analysis-vibrational-characteristics-training-longsword\/embed\/#?secret=CF3M5LWNCE#?secret=Bk9l7yFBfq\" data-secret=\"Bk9l7yFBfq\" width=\"600\" height=\"338\" frameborder=\"0\" marginwidth=\"0\" marginheight=\"0\" scrolling=\"no\"><\/iframe><\/p>\t\t\t\t\t\t\t\t<\/div>\n\t\t\t\t<\/div>\n\t\t\t\t\t<\/div>\n\t\t<\/div>\n\t\t\t\t\t<\/div>\n\t\t<\/section>\n\t\t\t\t<\/div>","protected":false},"excerpt":{"rendered":"<p>KRON 2020 to linia feder\u00f3w z wkl\u0119s\u0142o szlifowan\u0105 g\u0142owni\u0105, wygodn\u0105 taliowan\u0105 r\u0119koje\u015bci\u0105 i o\u015bmiok\u0105tn\u0105 g\u0142owic\u0105.<\/p>\n<p>Je\u015bli chcesz zobaczy\u0107 zdj\u0119cia w wy\u017cszej rozdzielczo\u015bci prosz\u0119 odwied\u017a nasz <span style=\"color: #99ccff;\"><a style=\"color: #99ccff;\" href=\"https:\/\/ensifer.pl\/pl\/blog\/kron-feder\/\">BLOG<\/a><\/span>.<\/p>\n<table style=\"background-color: #2e2d2d;\">\n<tbody>\n<tr>\n<td><span style=\"color: #ffffff;\"><strong>KRON REGULAR<\/strong><\/span><\/p>\n<p><span style=\"color: #ffffff;\">D\u0142ugo\u015b\u0107 ca\u0142kowita: 126 cm<\/span><br \/>\n<span style=\"color: #ffffff;\">D\u0142ugo\u015b\u0107 klingi: 95 cm<\/span><br \/>\n<span style=\"color: #ffffff;\">Weight:\u00a0 ~ 1450 g<\/span><br \/>\n<span style=\"color: #ffffff;\">Flex &#8211; 14 -15 kg<\/span><br \/>\n<span style=\"color: #ffffff;\">Punkt Ci\u0119\u017cko\u015bci: 7-8 cm<\/span><br \/>\n<span style=\"color: #ffffff;\">Punkt Drga\u0144 ~\u00a0 61 cm<\/span><br \/>\n<span style=\"color: #ffffff;\">Przedni Punkt Obrotu ~ 93 cm<\/span><br \/>\n<span style=\"color: #ffffff;\">Twardo\u015b\u0107 klingi  ~ 50 HRC<\/span><br \/>\n<span style=\"color: #ffffff;\">Twardo\u015b\u0107 jelca ~ 45 HRC<\/span><\/td>\n<td><span style=\"color: #ffffff;\"><strong>KRON LONG<\/strong><\/span><\/p>\n<p><span style=\"color: #ffffff;\">D\u0142ugo\u015b\u0107 ca\u0142kowita: 133 cm<\/span><br \/>\n<span style=\"color: #ffffff;\">D\u0142ugo\u015b\u0107 klingi: 100 cm<\/span><br \/>\n<span style=\"color: #ffffff;\">Weight: ~1550 g<\/span><br \/>\n<span style=\"color: #ffffff;\">Flex &#8211; 14- 15\u00a0 kg<\/span><br \/>\n<span style=\"color: #ffffff;\">Punkt Ci\u0119\u017cko\u015bci: 7-8 cm<\/span><br \/>\n<span style=\"color: #ffffff;\">Punkt Drga\u0144 ~\u00a0 61 cm<\/span><br \/>\n<span style=\"color: #ffffff;\">Przedni Punkt Obrotu ~ 96 cm<\/span><br \/>\n<span style=\"color: #ffffff;\">Twardo\u015b\u0107 klingi  ~ 50 HRC<\/span><br \/>\n<span style=\"color: #ffffff;\">Twardo\u015b\u0107 jelca ~ 45 HRC<\/span><\/td>\n<\/tr>\n<\/tbody>\n<\/table>\n<p>&nbsp;<\/p>","protected":false},"featured_media":4489,"comment_status":"open","ping_status":"closed","template":"","meta":{"_acf_changed":false,"_kad_blocks_custom_css":"","_kad_blocks_head_custom_js":"","_kad_blocks_body_custom_js":"","_kad_blocks_footer_custom_js":"","_kad_post_transparent":"default","_kad_post_title":"","_kad_post_layout":"default","_kad_post_sidebar_id":"","_kad_post_content_style":"default","_kad_post_vertical_padding":"default","_kad_post_feature":"","_kad_post_feature_position":"","_kad_post_header":false,"_kad_post_footer":false,"_kad_post_classname":""},"product_brand":[],"product_cat":[24],"product_tag":[],"class_list":{"0":"post-18","1":"product","2":"type-product","3":"status-publish","4":"has-post-thumbnail","6":"product_cat-feders","7":"pa_color-black","8":"pa_color-blue","9":"pa_color-green","10":"pa_color-red","11":"pa_length-22","12":"pa_length-23","14":"first","15":"onbackorder","16":"taxable","17":"shipping-taxable","18":"purchasable","19":"product-type-variable","20":"entry","21":"content-bg","22":"loop-entry"},"acf":[],"taxonomy_info":{"product_cat":[{"value":24,"label":"FEDERS"}],"pa_color":[{"value":16,"label":"Black"},{"value":17,"label":"Dark Blue"},{"value":18,"label":"Dark Green"},{"value":19,"label":"Dark Red"}],"pa_length":[{"value":22,"label":"125"},{"value":23,"label":"133"}]},"featured_image_src_large":["https:\/\/ensifer.pl\/wp-content\/uploads\/2023\/08\/Kron-111-1024x575.jpg",1024,575,true],"author_info":[],"comment_info":12,"_links":{"self":[{"href":"https:\/\/ensifer.pl\/pl\/wp-json\/wp\/v2\/product\/18","targetHints":{"allow":["GET"]}}],"collection":[{"href":"https:\/\/ensifer.pl\/pl\/wp-json\/wp\/v2\/product"}],"about":[{"href":"https:\/\/ensifer.pl\/pl\/wp-json\/wp\/v2\/types\/product"}],"replies":[{"embeddable":true,"href":"https:\/\/ensifer.pl\/pl\/wp-json\/wp\/v2\/comments?post=18"}],"version-history":[{"count":34,"href":"https:\/\/ensifer.pl\/pl\/wp-json\/wp\/v2\/product\/18\/revisions"}],"predecessor-version":[{"id":7928,"href":"https:\/\/ensifer.pl\/pl\/wp-json\/wp\/v2\/product\/18\/revisions\/7928"}],"wp:featuredmedia":[{"embeddable":true,"href":"https:\/\/ensifer.pl\/pl\/wp-json\/wp\/v2\/media\/4489"}],"wp:attachment":[{"href":"https:\/\/ensifer.pl\/pl\/wp-json\/wp\/v2\/media?parent=18"}],"wp:term":[{"taxonomy":"product_brand","embeddable":true,"href":"https:\/\/ensifer.pl\/pl\/wp-json\/wp\/v2\/product_brand?post=18"},{"taxonomy":"product_cat","embeddable":true,"href":"https:\/\/ensifer.pl\/pl\/wp-json\/wp\/v2\/product_cat?post=18"},{"taxonomy":"product_tag","embeddable":true,"href":"https:\/\/ensifer.pl\/pl\/wp-json\/wp\/v2\/product_tag?post=18"}],"curies":[{"name":"wp","href":"https:\/\/api.w.org\/{rel}","templated":true}]}}