{"id":38,"date":"2015-10-05T23:24:23","date_gmt":"2015-10-05T21:24:23","guid":{"rendered":"https:\/\/ensifer.t44.pl\/produkt\/messer-basic\/"},"modified":"2025-08-11T21:49:24","modified_gmt":"2025-08-11T19:49:24","slug":"messer-basic","status":"publish","type":"product","link":"https:\/\/ensifer.pl\/pl\/produkt\/messer-basic\/","title":{"rendered":"KORD"},"content":{"rendered":"<ul>\n<li style=\"list-style-type: none;\">\n<ul>\n<li>Rok gwarancji na z\u0142amanie klingi*<\/li>\n<li>Light, safe, hollow grinded blade<\/li>\n<li>Krzywizna g\u0142owni: 5 mm<\/li>\n<li>2\u20133 mm zaoblona kraw\u0119d\u017a \u2013 twardo\u015b\u0107 50HRC<\/li>\n<li>Bardzo wytrzyma\u0142y, integralny nagel.<\/li>\n<li>Hardnened guard<\/li>\n<li>Historycznie poprawny Punkt Cie\u017cko\u015bci - w przedziale orygina\u0142\u00f3w i bezpieczny<\/li>\n<li>Fazowany, dobrze wyko\u0144czony i bezpieczny jelec<\/li>\n<li>Grube profilowane ok\u0142adziny daj\u0105 pewny chwyt i oparcie dla d\u0142oni przy mocnych ci\u0119ciach<\/li>\n<li>Bezpieczny i pe\u0142ny sztych ( 6mm grubo\u015bci)<\/li>\n<\/ul>\n<\/li>\n<\/ul>\n<table style=\"width: 100%; border-collapse: collapse; background-color: #c4daf2;\">\n<tbody>\n<tr>\n<td style=\"width: 100%;\">* Every blade is checked a few times during production to avoid mistakes. We give 1 year warranty for breakage not every bend. We can also replace swords which bend on first use\/sparring (and I do that without a problem) but after a few months of using and sparring minor bendings are normal thing when forces are too big. We can make it straight in our workshop, but we do not cover shiping cost. Frankly it is a minute of work and 80 % chances to finish it with foot and floor. Straightening the blades are common on every sport fencing training:<\/p>\n<blockquote class=\"wp-embedded-content\" data-secret=\"s5b3f8cosJ\"><p><a href=\"https:\/\/academyoffencingmasters.com\/blog\/straighten-fencing-weapon-competition\/\" target=\"_blank\" rel=\"noopener\">How to Straighten Your Fencing Weapon During a Competition<\/a><\/p><\/blockquote>\n<p><iframe class=\"wp-embedded-content\" sandbox=\"allow-scripts\" security=\"restricted\" style=\"position: absolute; clip: rect(1px, 1px, 1px, 1px);\" title=\"&#8220;How to Straighten Your Fencing Weapon During a Competition&#8221; &#8212; Academy of Fencing Masters Blog\" src=\"https:\/\/academyoffencingmasters.com\/blog\/straighten-fencing-weapon-competition\/embed\/#?secret=s5b3f8cosJ\" data-secret=\"s5b3f8cosJ\" width=\"600\" height=\"338\" frameborder=\"0\" marginwidth=\"0\" marginheight=\"0\" scrolling=\"no\"><\/iframe><\/p>\n<p>1. Learn to properly thrust with feder and use its blade flexibility \u2013 hands up when you are hitting.<br \/>\n2. Cut with proper edge alignment and avoid full force cuts to rigid targets \u2013 like Strong of partner blade\/crossguard \u2013 if he parries your Weak just hit to his Strong \u2013 applying force does not work for you.<br \/>\n3. Avoid charging to each other in sparring \u2013 it may easily generate huge forces which can bend the blade.<\/td>\n<\/tr>\n<\/tbody>\n<\/table>\n<p><img fetchpriority=\"high\" decoding=\"async\" class=\"wp-image-3252 aligncenter\" src=\"https:\/\/ensifer.pl\/wp-content\/uploads\/2015\/10\/KORDY_REGULAR-1.svg\" alt=\"\" width=\"2000\" height=\"500\" \/><\/p>\n<p>&nbsp;<\/p>\n<div class=\"entry-content-asset videofit\"><iframe title=\"\u0160erm tes\u00e1kem 01 - cvi\u010debn\u00ed sestava, kata, historick\u00fd \u0161erm, evropsk\u00e1 bojov\u00e1 um\u011bn\u00ed HEMA\" width=\"720\" height=\"405\" src=\"https:\/\/www.youtube.com\/embed\/LO2fWdq5spQ?feature=oembed\" frameborder=\"0\" allow=\"accelerometer; autoplay; clipboard-write; encrypted-media; gyroscope; picture-in-picture; web-share\" referrerpolicy=\"strict-origin-when-cross-origin\" allowfullscreen><\/iframe><\/div>","protected":false},"excerpt":{"rendered":"<p>Ultra lekka i jednocze\u015bnie szeroka klinga o wkl\u0119s\u0142ym szlifie do fechtunku w kordy. Podstawowy model z historycznym i bezpiecznym Punktem Ci\u0119\u017cko\u015bci. Gruba (6mm) klinga pozwala na \u0107wiczenia i sparingi z inn\u0105 ci\u0119\u017csz\u0105 broni\u0105. Wyprofilowana rozszerzaj\u0105ca si\u0119 r\u0119koje\u015b\u0107 daje bardzo pewny chwyt i dobre oparcie przy mocnych ci\u0119ciach. Lekka krzywizna (5mm) zbli\u017ca parametrami t\u0105 bro\u0144 \u0107wiczebn\u0105 w stron\u0119 szabli polskiej. Odwrotnie ni\u017c w niekt\u00f3rych zachodnich wersjach kord\u00f3w kt\u00f3re s\u0105 proste lub nawet czasami pochylone minimalnie na ostrze.<\/p>\n<table style=\"width: 66%; border-collapse: collapse; background-color: #2e2d2d;\">\n<tbody>\n<tr>\n<td style=\"width: 100%;\"><span style=\"color: #ffffff;\">Overal Lenght ~ 90 cm,<\/span><br \/>\n<span style=\"color: #ffffff;\">Blade Lenght- 69 &#8211; 71 cm,<\/span><br \/>\n<span style=\"color: #ffffff;\">Weight ~ 800 g,<\/span><br \/>\n<span style=\"color: #ffffff;\">Basic blade thickness \u2013 4mm<\/span><br \/>\n<span style=\"color: #ffffff;\">Szeroko\u015b\u0107 bazowa klingi \u2013 39 mm<\/span><br \/>\n<span style=\"color: #ffffff;\">Punkt Ci\u0119\u017cko\u015bci 11 \u2013 11,5 cm,<\/span><br \/>\n<span style=\"color: #ffffff;\">Blade Flex\u00a0 ~ 14 kg<\/span><\/td>\n<\/tr>\n<\/tbody>\n<\/table>\n<p>&nbsp;<\/p>","protected":false},"featured_media":2941,"comment_status":"open","ping_status":"closed","template":"","meta":{"_acf_changed":false,"_kad_blocks_custom_css":"","_kad_blocks_head_custom_js":"","_kad_blocks_body_custom_js":"","_kad_blocks_footer_custom_js":"","_kad_post_transparent":"default","_kad_post_title":"","_kad_post_layout":"default","_kad_post_sidebar_id":"","_kad_post_content_style":"default","_kad_post_vertical_padding":"default","_kad_post_feature":"","_kad_post_feature_position":"","_kad_post_header":false,"_kad_post_footer":false,"_kad_post_classname":""},"product_brand":[],"product_cat":[25],"product_tag":[],"class_list":{"0":"post-38","1":"product","2":"type-product","3":"status-publish","4":"has-post-thumbnail","6":"product_cat-messer","7":"pa_color-black","8":"pa_color-blue","9":"pa_color-green","10":"pa_color-red","12":"first","13":"onbackorder","14":"taxable","15":"shipping-taxable","16":"purchasable","17":"product-type-simple","18":"entry","19":"content-bg","20":"loop-entry"},"acf":[],"taxonomy_info":{"product_cat":[{"value":25,"label":"MESSER"}],"pa_color":[{"value":16,"label":"Black"},{"value":17,"label":"Dark Blue"},{"value":18,"label":"Dark Green"},{"value":19,"label":"Dark Red"}]},"featured_image_src_large":["https:\/\/ensifer.pl\/wp-content\/uploads\/2021\/04\/Messer1-1024x1024.jpg",1024,1024,true],"author_info":[],"comment_info":2,"_links":{"self":[{"href":"https:\/\/ensifer.pl\/pl\/wp-json\/wp\/v2\/product\/38","targetHints":{"allow":["GET"]}}],"collection":[{"href":"https:\/\/ensifer.pl\/pl\/wp-json\/wp\/v2\/product"}],"about":[{"href":"https:\/\/ensifer.pl\/pl\/wp-json\/wp\/v2\/types\/product"}],"replies":[{"embeddable":true,"href":"https:\/\/ensifer.pl\/pl\/wp-json\/wp\/v2\/comments?post=38"}],"version-history":[{"count":5,"href":"https:\/\/ensifer.pl\/pl\/wp-json\/wp\/v2\/product\/38\/revisions"}],"predecessor-version":[{"id":9486,"href":"https:\/\/ensifer.pl\/pl\/wp-json\/wp\/v2\/product\/38\/revisions\/9486"}],"wp:featuredmedia":[{"embeddable":true,"href":"https:\/\/ensifer.pl\/pl\/wp-json\/wp\/v2\/media\/2941"}],"wp:attachment":[{"href":"https:\/\/ensifer.pl\/pl\/wp-json\/wp\/v2\/media?parent=38"}],"wp:term":[{"taxonomy":"product_brand","embeddable":true,"href":"https:\/\/ensifer.pl\/pl\/wp-json\/wp\/v2\/product_brand?post=38"},{"taxonomy":"product_cat","embeddable":true,"href":"https:\/\/ensifer.pl\/pl\/wp-json\/wp\/v2\/product_cat?post=38"},{"taxonomy":"product_tag","embeddable":true,"href":"https:\/\/ensifer.pl\/pl\/wp-json\/wp\/v2\/product_tag?post=38"}],"curies":[{"name":"wp","href":"https:\/\/api.w.org\/{rel}","templated":true}]}}