{"id":4545,"date":"2023-11-02T20:49:15","date_gmt":"2023-11-02T19:49:15","guid":{"rendered":"https:\/\/ensifer.pl\/?post_type=product&#038;p=4545"},"modified":"2026-03-31T14:51:39","modified_gmt":"2026-03-31T12:51:39","slug":"freifechter","status":"publish","type":"product","link":"https:\/\/ensifer.pl\/pl\/produkt\/freifechter\/","title":{"rendered":"FREIFECHTER"},"content":{"rendered":"<div data-elementor-type=\"product-post\" data-elementor-id=\"4545\" class=\"elementor elementor-4545\" data-elementor-post-type=\"product\">\n\t\t\t\t\t\t<section class=\"elementor-section elementor-top-section elementor-element elementor-element-2fe74078 elementor-section-boxed elementor-section-height-default elementor-section-height-default\" data-id=\"2fe74078\" data-element_type=\"section\" data-e-type=\"section\" data-settings=\"{&quot;jet_parallax_layout_list&quot;:[]}\">\n\t\t\t\t\t\t<div class=\"elementor-container elementor-column-gap-default\">\n\t\t\t\t\t<div class=\"elementor-column elementor-col-100 elementor-top-column elementor-element elementor-element-5867a331\" data-id=\"5867a331\" data-element_type=\"column\" data-e-type=\"column\">\n\t\t\t<div class=\"elementor-widget-wrap elementor-element-populated\">\n\t\t\t\t\t\t<div class=\"elementor-element elementor-element-2246a99 elementor-widget elementor-widget-text-editor\" data-id=\"2246a99\" data-element_type=\"widget\" data-e-type=\"widget\" data-widget_type=\"text-editor.default\">\n\t\t\t\t<div class=\"elementor-widget-container\">\n\t\t\t\t\t\t\t\t\t<ul><li><span style=\"color: #000000;\">Rok gwarancji na z\u0142amanie klingi*<\/span><\/li><li><span style=\"color: #000000;\">Light and <strong>flexible*<\/strong> hollow grinded blade with short fullers on the schilt<\/span><\/li><li><span style=\"color: #000000;\">Wyj\u0105tkowo wytrzyma\u0142a, zaokr\u0105glona krawed\u017a - od 6 do 4mm grubo\u015bci, twardo\u015b\u0107 50 HRC<\/span><\/li><li><span style=\"color: #000000;\">Historyczne punkty obrotu - Przedni Punkt Obrotu 85 cm od jelca.<\/span><\/li><li><span style=\"color: #000000;\">Wytrzyma\u0142y i  estetycznie wykonany jelec o twardo\u015bci 45 HRC<\/span><\/li><li><span style=\"color: #000000;\">Podw\u00f3jnie zakuwany jelec  chroni\u0105cy przed luzowaniem<\/span><\/li><li><span style=\"color: #000000;\">Bezpieczne ko\u0144c\u00f3wki jelca<\/span><\/li><li><span style=\"color: #000000;\">Pogrubiona r\u0119koj\u0119\u015b\u0107 pokryta sztuczn\u0105 sk\u00f3r\u0105.<\/span><\/li><li><span style=\"color: #000000;\">Pe\u0142ny,  w\u0142a\u015bciwie zaokr\u0105glony i bezpieczny sztych<\/span><\/li><li><span style=\"color: #000000;\">Zakuta nierdzewna stalowa g\u0142owica<\/span><\/li><\/ul>\t\t\t\t\t\t\t\t<\/div>\n\t\t\t\t<\/div>\n\t\t\t\t\t<\/div>\n\t\t<\/div>\n\t\t\t\t\t<\/div>\n\t\t<\/section>\n\t\t\t\t<section class=\"elementor-section elementor-top-section elementor-element elementor-element-c2cab8d elementor-section-boxed elementor-section-height-default elementor-section-height-default\" data-id=\"c2cab8d\" data-element_type=\"section\" data-e-type=\"section\" data-settings=\"{&quot;jet_parallax_layout_list&quot;:[]}\">\n\t\t\t\t\t\t<div class=\"elementor-container elementor-column-gap-default\">\n\t\t\t\t\t<div class=\"elementor-column elementor-col-100 elementor-top-column elementor-element elementor-element-30726d9\" data-id=\"30726d9\" data-element_type=\"column\" data-e-type=\"column\">\n\t\t\t<div class=\"elementor-widget-wrap elementor-element-populated\">\n\t\t\t\t\t\t<div class=\"elementor-element elementor-element-96cd31d elementor-widget elementor-widget-image\" data-id=\"96cd31d\" data-element_type=\"widget\" data-e-type=\"widget\" data-widget_type=\"image.default\">\n\t\t\t\t<div class=\"elementor-widget-container\">\n\t\t\t\t\t\t\t\t\t\t\t\t\t\t\t<img fetchpriority=\"high\" decoding=\"async\" width=\"2000\" height=\"500\" src=\"https:\/\/ensifer.pl\/wp-content\/uploads\/2023\/11\/FREIFECHTER-_-SZKIC-4.svg\" class=\"attachment-full size-full wp-image-4832\" alt=\"\" \/>\t\t\t\t\t\t\t\t\t\t\t\t\t\t\t<\/div>\n\t\t\t\t<\/div>\n\t\t\t\t\t<\/div>\n\t\t<\/div>\n\t\t\t\t\t<\/div>\n\t\t<\/section>\n\t\t\t\t<section class=\"elementor-section elementor-top-section elementor-element elementor-element-8caa9b3 elementor-section-boxed elementor-section-height-default elementor-section-height-default\" data-id=\"8caa9b3\" data-element_type=\"section\" data-e-type=\"section\" data-settings=\"{&quot;jet_parallax_layout_list&quot;:[]}\">\n\t\t\t\t\t\t<div class=\"elementor-container elementor-column-gap-default\">\n\t\t\t\t\t<div class=\"elementor-column elementor-col-100 elementor-top-column elementor-element elementor-element-7f3b9ce\" data-id=\"7f3b9ce\" data-element_type=\"column\" data-e-type=\"column\">\n\t\t\t<div class=\"elementor-widget-wrap elementor-element-populated\">\n\t\t\t\t\t\t<div class=\"elementor-element elementor-element-64df788 elementor-widget elementor-widget-text-editor\" data-id=\"64df788\" data-element_type=\"widget\" data-e-type=\"widget\" data-widget_type=\"text-editor.default\">\n\t\t\t\t<div class=\"elementor-widget-container\">\n\t\t\t\t\t\t\t\t\t<table style=\"width: 100.719%; border-collapse: collapse; background-color: #b1c0f0;\"><tbody><tr><td style=\"width: 100%;\"><p dir=\"auto\"><span style=\"color: #000000;\"><strong><span style=\"font-size: 14pt;\">*<\/span><\/strong> <strong>Ka\u017cda z naszych kling jest kilkakrotnie sprawdzana<\/strong> podczas produkcji, aby unikn\u0105\u0107 b\u0142\u0119d\u00f3w. Oferujemy roczn\u0105 gwarancj\u0119 na z\u0142amania, a nie na ka\u017cde wygi\u0119cie. Mo\u017cemy r\u00f3wnie\u017c wymieni\u0107 miecz, kt\u00f3ry wygi\u0105\u0142 si\u0119 przy pierwszym u\u017cyciu\/wsparciu (i robi\u0119 to bez problemu), ale po kilku miesi\u0105cach u\u017cytkowania i walki drobne wygi\u0119cia s\u0105 normalne, gdy si\u0142y bywaj\u0105 zbyt du\u017ce. Mo\u017cemy wyprostowa\u0107 ostrze w naszej  ku\u017ani, ale nie pokrywamy koszt\u00f3w wysy\u0142ki. Szczerze m\u00f3wi\u0105c, to kwestia minuty pracy i 80% szans na wyprostowanie jej stop\u0105  na pod\u0142odze. Prostowanie ostrzy jest powszechne i zdarza si\u0119 wielokrotnie podczas ka\u017cdego treningu sportowego w szermierce:<strong> <a style=\"color: #000000;\" href=\"https:\/\/academyoffencingmasters.com\/blog\/straighten-fencing-weapon-competition\/\" target=\"_blank\" rel=\"noopener\">Prostowanie g\u0142owni<\/a> <\/strong>jest powszechne na ka\u017cdym treningu szermierki sportowej.<\/span><\/p><p dir=\"auto\"><span style=\"color: #000000;\"><strong>*FLEX<\/strong> mierzymy sztywno\u015b\u0107 klingi w<strong> <a href=\"https:\/\/drive.google.com\/file\/d\/1ZqHZPer9iKXjfEnNndWuqI7qodM6jpO0\/view?fbclid=IwZXh0bgNhZW0CMTAAAR27qUwjJss6tb7f3pdBkIPY01NbSZsuBxrA83rPd_Ebfd9wvC81N2CbFBM_aem_Af65M5JJMzPIEvE1rPqvoR70sjEtQnu2dKkbKkpymOKyTrpVuW7samS96_WiuDg5EBqT9BS8Vth35xY9tS5YoUNZ\" target=\"_blank\" rel=\"noopener\">poprzez wyboczenie<\/a><\/strong> naciskaj\u0105c g\u0142owice miecza na wadze, opieraj\u0105c si\u0119 o <strong><a href=\"https:\/\/drive.google.com\/file\/d\/1Bc4jlAWHe1g6BRDoWBxCshNt2rZuMgzl\/view?fbclid=IwZXh0bgNhZW0CMTAAAR0dLnXXvhqQKt-hYLZn1zYfsd7zFOyx8bel6Lb9m7cWqtiqGqONdgpeSD0_aem_Af4FvW9I3nU50FxaTyDnbsFudyQU4bmKjzcqd87uOvCv5dRngj2J9AtOewCV_s2260YTAdqfjt0Khkq7Y4j829Fd\" target=\"_blank\" rel=\"noopener\">Regulamin Polskiej Federacji  DESW - FEDER<\/a><\/strong><\/span><\/p><p dir=\"auto\"><span style=\"color: #800000; font-size: 14pt;\"><strong>JAK UNIKA\u0106 WYGI\u0118CIA KLINGI<\/strong><\/span><\/p><p dir=\"auto\"><strong><span style=\"color: #800000;\">1. Naucz si\u0119 w\u0142a\u015bciwie osadza\u0107 kling\u0119 federa i wykorzystuj elastyczno\u015b\u0107 jej ostrza - podno\u015b r\u0119ce w g\u00f3rze podczas osadzania pchni\u0119cia.<\/span><\/strong><br \/><strong><span style=\"color: #800000;\">2. \u00a0Cut with proper edge alignment and avoid full force cuts to rigid targets &#8211; like Strong of partner blade\/crossguard &#8211; if he parries your Weak applying force to his Strong does not work for you, only destroys your blade.<\/span><\/strong><br \/><span style=\"color: #800000;\"><strong>3.\u00a0 Avoid charging to each other in sparring &#8211; it may easily \u00a0generate huge forces which can bend the blade<\/strong>.<\/span><\/p><div dir=\"auto\">\u00a0<\/div><\/td><\/tr><\/tbody><\/table>\t\t\t\t\t\t\t\t<\/div>\n\t\t\t\t<\/div>\n\t\t\t\t\t<\/div>\n\t\t<\/div>\n\t\t\t\t\t<\/div>\n\t\t<\/section>\n\t\t\t\t<section class=\"elementor-section elementor-top-section elementor-element elementor-element-93bd091 elementor-section-boxed elementor-section-height-default elementor-section-height-default\" data-id=\"93bd091\" data-element_type=\"section\" data-e-type=\"section\" data-settings=\"{&quot;jet_parallax_layout_list&quot;:[]}\">\n\t\t\t\t\t\t<div class=\"elementor-container elementor-column-gap-default\">\n\t\t\t\t\t<div class=\"elementor-column elementor-col-33 elementor-top-column elementor-element elementor-element-ee3b0d0\" data-id=\"ee3b0d0\" data-element_type=\"column\" data-e-type=\"column\">\n\t\t\t<div class=\"elementor-widget-wrap elementor-element-populated\">\n\t\t\t\t\t\t<div class=\"elementor-element elementor-element-681f9c8 elementor-widget elementor-widget-video\" data-id=\"681f9c8\" data-element_type=\"widget\" data-e-type=\"widget\" data-settings=\"{&quot;youtube_url&quot;:&quot;https:\\\/\\\/www.youtube.com\\\/watch?v=-oRM96vBak4&quot;,&quot;start&quot;:4,&quot;video_type&quot;:&quot;youtube&quot;,&quot;controls&quot;:&quot;yes&quot;}\" data-widget_type=\"video.default\">\n\t\t\t\t<div class=\"elementor-widget-container\">\n\t\t\t\t\t\t\t<div class=\"elementor-wrapper elementor-open-inline\">\n\t\t\t<div class=\"elementor-video\"><\/div>\t\t<\/div>\n\t\t\t\t\t\t<\/div>\n\t\t\t\t<\/div>\n\t\t\t\t\t<\/div>\n\t\t<\/div>\n\t\t\t\t<div class=\"elementor-column elementor-col-33 elementor-top-column elementor-element elementor-element-d5cd8d3\" data-id=\"d5cd8d3\" data-element_type=\"column\" data-e-type=\"column\">\n\t\t\t<div class=\"elementor-widget-wrap elementor-element-populated\">\n\t\t\t\t\t\t<div class=\"elementor-element elementor-element-afcb060 elementor-widget elementor-widget-video\" data-id=\"afcb060\" data-element_type=\"widget\" data-e-type=\"widget\" data-settings=\"{&quot;youtube_url&quot;:&quot;https:\\\/\\\/youtu.be\\\/39GTqsyVnrM?feature=shared&amp;t=163&quot;,&quot;start&quot;:162,&quot;end&quot;:180,&quot;video_type&quot;:&quot;youtube&quot;,&quot;controls&quot;:&quot;yes&quot;}\" data-widget_type=\"video.default\">\n\t\t\t\t<div class=\"elementor-widget-container\">\n\t\t\t\t\t\t\t<div class=\"elementor-wrapper elementor-open-inline\">\n\t\t\t<div class=\"elementor-video\"><\/div>\t\t<\/div>\n\t\t\t\t\t\t<\/div>\n\t\t\t\t<\/div>\n\t\t\t\t\t<\/div>\n\t\t<\/div>\n\t\t\t\t<div class=\"elementor-column elementor-col-33 elementor-top-column elementor-element elementor-element-47124e8\" data-id=\"47124e8\" data-element_type=\"column\" data-e-type=\"column\">\n\t\t\t<div class=\"elementor-widget-wrap elementor-element-populated\">\n\t\t\t\t\t\t<div class=\"elementor-element elementor-element-9a16bad elementor-widget elementor-widget-video\" data-id=\"9a16bad\" data-element_type=\"widget\" data-e-type=\"widget\" data-settings=\"{&quot;youtube_url&quot;:&quot;https:\\\/\\\/youtu.be\\\/dDuNOxKyfxs?feature=shared&amp;t=104&quot;,&quot;start&quot;:104,&quot;end&quot;:150,&quot;video_type&quot;:&quot;youtube&quot;,&quot;controls&quot;:&quot;yes&quot;}\" data-widget_type=\"video.default\">\n\t\t\t\t<div class=\"elementor-widget-container\">\n\t\t\t\t\t\t\t<div class=\"elementor-wrapper elementor-open-inline\">\n\t\t\t<div class=\"elementor-video\"><\/div>\t\t<\/div>\n\t\t\t\t\t\t<\/div>\n\t\t\t\t<\/div>\n\t\t\t\t\t<\/div>\n\t\t<\/div>\n\t\t\t\t\t<\/div>\n\t\t<\/section>\n\t\t\t\t<section class=\"elementor-section elementor-top-section elementor-element elementor-element-e9c8b21 elementor-section-boxed elementor-section-height-default elementor-section-height-default\" data-id=\"e9c8b21\" data-element_type=\"section\" data-e-type=\"section\" data-settings=\"{&quot;jet_parallax_layout_list&quot;:[]}\">\n\t\t\t\t\t\t<div class=\"elementor-container elementor-column-gap-default\">\n\t\t\t\t\t<div class=\"elementor-column elementor-col-33 elementor-top-column elementor-element elementor-element-1a70e0a\" data-id=\"1a70e0a\" data-element_type=\"column\" data-e-type=\"column\">\n\t\t\t<div class=\"elementor-widget-wrap elementor-element-populated\">\n\t\t\t\t\t\t<div class=\"elementor-element elementor-element-8ff7108 elementor-widget elementor-widget-text-editor\" data-id=\"8ff7108\" data-element_type=\"widget\" data-e-type=\"widget\" data-widget_type=\"text-editor.default\">\n\t\t\t\t<div class=\"elementor-widget-container\">\n\t\t\t\t\t\t\t\t\t<p><blockquote class=\"wp-embedded-content\" data-secret=\"fkxNWNfo4c\"><a href=\"https:\/\/swordstem.com\/2021\/11\/01\/is-a-sword-with-a-set-safer\/\" target=\"_blank\" rel=\"noopener\">Is A Sword With A Set Safer?<\/a><\/blockquote><iframe class=\"wp-embedded-content\" sandbox=\"allow-scripts\" security=\"restricted\" style=\"position: absolute; visibility: hidden;\" title=\"&#8220;Is A Sword With A Set Safer?&#8221; &#8212; Sword STEM\" src=\"https:\/\/swordstem.com\/2021\/11\/01\/is-a-sword-with-a-set-safer\/embed\/#?secret=xWyXyXLKQs#?secret=fkxNWNfo4c\" data-secret=\"fkxNWNfo4c\" width=\"600\" height=\"338\" frameborder=\"0\" marginwidth=\"0\" marginheight=\"0\" scrolling=\"no\"><\/iframe><\/p>\t\t\t\t\t\t\t\t<\/div>\n\t\t\t\t<\/div>\n\t\t\t\t\t<\/div>\n\t\t<\/div>\n\t\t\t\t<div class=\"elementor-column elementor-col-33 elementor-top-column elementor-element elementor-element-143f2f0\" data-id=\"143f2f0\" data-element_type=\"column\" data-e-type=\"column\">\n\t\t\t<div class=\"elementor-widget-wrap elementor-element-populated\">\n\t\t\t\t\t\t<div class=\"elementor-element elementor-element-8533661 elementor-widget elementor-widget-text-editor\" data-id=\"8533661\" data-element_type=\"widget\" data-e-type=\"widget\" data-widget_type=\"text-editor.default\">\n\t\t\t\t<div class=\"elementor-widget-container\">\n\t\t\t\t\t\t\t\t\t<p><blockquote class=\"wp-embedded-content\" data-secret=\"WWzdYGaEaE\"><a href=\"https:\/\/swordstem.com\/2020\/12\/22\/difficulties-with-sca-flex-test-and-buckling-test-for-measuring-blade-stiffness\/\" target=\"_blank\" rel=\"noopener\">Difficulties with SCA Flex Test and Buckling Test for Measuring Blade Stiffness<\/a><\/blockquote><iframe class=\"wp-embedded-content\" sandbox=\"allow-scripts\" security=\"restricted\" style=\"position: absolute; visibility: hidden;\" title=\"&#8220;Difficulties with SCA Flex Test and Buckling Test for Measuring Blade Stiffness&#8221; &#8212; Sword STEM\" src=\"https:\/\/swordstem.com\/2020\/12\/22\/difficulties-with-sca-flex-test-and-buckling-test-for-measuring-blade-stiffness\/embed\/#?secret=owAzTM9QaG#?secret=WWzdYGaEaE\" data-secret=\"WWzdYGaEaE\" width=\"600\" height=\"338\" frameborder=\"0\" marginwidth=\"0\" marginheight=\"0\" scrolling=\"no\"><\/iframe><\/p>\t\t\t\t\t\t\t\t<\/div>\n\t\t\t\t<\/div>\n\t\t\t\t\t<\/div>\n\t\t<\/div>\n\t\t\t\t<div class=\"elementor-column elementor-col-33 elementor-top-column elementor-element elementor-element-6b57b73\" data-id=\"6b57b73\" data-element_type=\"column\" data-e-type=\"column\">\n\t\t\t<div class=\"elementor-widget-wrap elementor-element-populated\">\n\t\t\t\t\t\t<div class=\"elementor-element elementor-element-67e4009 elementor-widget elementor-widget-text-editor\" data-id=\"67e4009\" data-element_type=\"widget\" data-e-type=\"widget\" data-widget_type=\"text-editor.default\">\n\t\t\t\t<div class=\"elementor-widget-container\">\n\t\t\t\t\t\t\t\t\t<p><blockquote class=\"wp-embedded-content\" data-secret=\"fOkxAP8028\"><a href=\"https:\/\/swordstem.com\/2021\/12\/26\/wtf-does-presence-in-the-bind-even-mean\/\" target=\"_blank\" rel=\"noopener\">WTF Does \u201cPresence In The Bind\u201d Even Mean<\/a><\/blockquote><iframe class=\"wp-embedded-content\" sandbox=\"allow-scripts\" security=\"restricted\" style=\"position: absolute; visibility: hidden;\" title=\"&#8220;WTF Does \u201cPresence In The Bind\u201d Even Mean&#8221; &#8212; Sword STEM\" src=\"https:\/\/swordstem.com\/2021\/12\/26\/wtf-does-presence-in-the-bind-even-mean\/embed\/#?secret=FtmA8jZp4r#?secret=fOkxAP8028\" data-secret=\"fOkxAP8028\" width=\"600\" height=\"338\" frameborder=\"0\" marginwidth=\"0\" marginheight=\"0\" scrolling=\"no\"><\/iframe><\/p>\t\t\t\t\t\t\t\t<\/div>\n\t\t\t\t<\/div>\n\t\t\t\t\t<\/div>\n\t\t<\/div>\n\t\t\t\t\t<\/div>\n\t\t<\/section>\n\t\t\t\t<section class=\"elementor-section elementor-top-section elementor-element elementor-element-24ab18b elementor-section-boxed elementor-section-height-default elementor-section-height-default\" data-id=\"24ab18b\" data-element_type=\"section\" data-e-type=\"section\" data-settings=\"{&quot;jet_parallax_layout_list&quot;:[]}\">\n\t\t\t\t\t\t<div class=\"elementor-container elementor-column-gap-default\">\n\t\t\t\t\t<div class=\"elementor-column elementor-col-33 elementor-top-column elementor-element elementor-element-f2c9121\" data-id=\"f2c9121\" data-element_type=\"column\" data-e-type=\"column\">\n\t\t\t<div class=\"elementor-widget-wrap elementor-element-populated\">\n\t\t\t\t\t\t<div class=\"elementor-element elementor-element-a439fae elementor-widget elementor-widget-text-editor\" data-id=\"a439fae\" data-element_type=\"widget\" data-e-type=\"widget\" data-widget_type=\"text-editor.default\">\n\t\t\t\t<div class=\"elementor-widget-container\">\n\t\t\t\t\t\t\t\t\t<p><blockquote class=\"wp-embedded-content\" data-secret=\"ExyyYdc9Pe\"><a href=\"https:\/\/blog.subcaelo.net\/ensis\/documenting-dynamics-of-swords\/\" target=\"_blank\" rel=\"noopener\">Documenting the dynamics of swords<\/a><\/blockquote><iframe class=\"wp-embedded-content\" sandbox=\"allow-scripts\" security=\"restricted\" style=\"position: absolute; visibility: hidden;\" title=\"&#8220;Documenting the dynamics of swords&#8221; &#8212; Ensis Sub Caelo\" src=\"https:\/\/blog.subcaelo.net\/ensis\/documenting-dynamics-of-swords\/embed\/#?secret=Bh86F1KncV#?secret=ExyyYdc9Pe\" data-secret=\"ExyyYdc9Pe\" width=\"600\" height=\"338\" frameborder=\"0\" marginwidth=\"0\" marginheight=\"0\" scrolling=\"no\"><\/iframe><\/p>\t\t\t\t\t\t\t\t<\/div>\n\t\t\t\t<\/div>\n\t\t\t\t\t<\/div>\n\t\t<\/div>\n\t\t\t\t<div class=\"elementor-column elementor-col-33 elementor-top-column elementor-element elementor-element-cbac013\" data-id=\"cbac013\" data-element_type=\"column\" data-e-type=\"column\">\n\t\t\t<div class=\"elementor-widget-wrap elementor-element-populated\">\n\t\t\t\t\t\t<div class=\"elementor-element elementor-element-45e7dc5 elementor-widget elementor-widget-text-editor\" data-id=\"45e7dc5\" data-element_type=\"widget\" data-e-type=\"widget\" data-widget_type=\"text-editor.default\">\n\t\t\t\t<div class=\"elementor-widget-container\">\n\t\t\t\t\t\t\t\t\t<p><blockquote class=\"wp-embedded-content\" data-secret=\"SIlNwLvu42\"><a href=\"https:\/\/blog.subcaelo.net\/ensis\/training-sharps-present-past\/\" target=\"_blank\" rel=\"noopener\">Training with sharps, present and past<\/a><\/blockquote><iframe class=\"wp-embedded-content\" sandbox=\"allow-scripts\" security=\"restricted\" style=\"position: absolute; visibility: hidden;\" title=\"&#8220;Training with sharps, present and past&#8221; &#8212; Ensis Sub Caelo\" src=\"https:\/\/blog.subcaelo.net\/ensis\/training-sharps-present-past\/embed\/#?secret=y8lLcoj6cv#?secret=SIlNwLvu42\" data-secret=\"SIlNwLvu42\" width=\"600\" height=\"338\" frameborder=\"0\" marginwidth=\"0\" marginheight=\"0\" scrolling=\"no\"><\/iframe><\/p>\t\t\t\t\t\t\t\t<\/div>\n\t\t\t\t<\/div>\n\t\t\t\t\t<\/div>\n\t\t<\/div>\n\t\t\t\t<div class=\"elementor-column elementor-col-33 elementor-top-column elementor-element elementor-element-4ca4658\" data-id=\"4ca4658\" data-element_type=\"column\" data-e-type=\"column\">\n\t\t\t<div class=\"elementor-widget-wrap elementor-element-populated\">\n\t\t\t\t\t\t<div class=\"elementor-element elementor-element-4f9e068 elementor-widget elementor-widget-text-editor\" data-id=\"4f9e068\" data-element_type=\"widget\" data-e-type=\"widget\" data-widget_type=\"text-editor.default\">\n\t\t\t\t<div class=\"elementor-widget-container\">\n\t\t\t\t\t\t\t\t\t<p><blockquote class=\"wp-embedded-content\" data-secret=\"p7UqXzKrMC\"><a href=\"https:\/\/blog.subcaelo.net\/ensis\/review-analysis-vibrational-characteristics-training-longsword\/\" target=\"_blank\" rel=\"noopener\">Review: Analysis of the Vibrational Characteristics of a Training Longsword<\/a><\/blockquote><iframe class=\"wp-embedded-content\" sandbox=\"allow-scripts\" security=\"restricted\" style=\"position: absolute; visibility: hidden;\" title=\"&#8220;Review: Analysis of the Vibrational Characteristics of a Training Longsword&#8221; &#8212; Ensis Sub Caelo\" src=\"https:\/\/blog.subcaelo.net\/ensis\/review-analysis-vibrational-characteristics-training-longsword\/embed\/#?secret=4TxchOZFX6#?secret=p7UqXzKrMC\" data-secret=\"p7UqXzKrMC\" width=\"600\" height=\"338\" frameborder=\"0\" marginwidth=\"0\" marginheight=\"0\" scrolling=\"no\"><\/iframe><\/p>\t\t\t\t\t\t\t\t<\/div>\n\t\t\t\t<\/div>\n\t\t\t\t\t<\/div>\n\t\t<\/div>\n\t\t\t\t\t<\/div>\n\t\t<\/section>\n\t\t\t\t<\/div>","protected":false},"excerpt":{"rendered":"<p>Freifechter to najnowsza wersja federa inspirowana rycinami Meyera i Maira. To podstawa wersja z kling\u0105 wkl\u0119s\u0142o szlifowan\u0105 \u2013 nie tylko lekka, ale i wyj\u0105tkowo solidna.<\/p>\n<p>Je\u015bli chcesz zobaczy\u0107 zdj\u0119cia w wy\u017cszej rozdzielczo\u015bci prosz\u0119 odwied\u017a nasz<span style=\"color: #99ccff;\">\u00a0<a style=\"color: #99ccff;\" href=\"https:\/\/ensifer.pl\/pl\/blog\/freifechter\/\">BLOG<\/a>.<\/span><\/p>\n<p>&nbsp;<\/p>\n<table style=\"width: 100%; border-collapse: collapse; background-color: #2e2d2d;\">\n<tbody>\n<tr>\n<td style=\"width: 50%;\"><span style=\"color: #ffffff;\"><strong>FREIFECHTER REGULAR<\/strong><\/span><\/p>\n<p><span style=\"color: #ffffff;\">D\u0142ugo\u015b\u0107 ca\u0142kowita: 125 cm<\/span><br \/>\n<span style=\"color: #ffffff;\">D\u0142ugo\u015b\u0107 klingi: 95 cm<\/span><br \/>\n<span style=\"color: #ffffff;\">Weight:\u00a0 ~ 1370 g &#8211; 1400 g<\/span><br \/>\n<span style=\"color: #ffffff;\">Flex ~15 kg<\/span><br \/>\n<span style=\"color: #ffffff;\">PoB ~ 9 cm<\/span><br \/>\n<span style=\"color: #ffffff;\">Punkt Drga\u0144 ~\u00a0 61 cm<\/span><br \/>\n<span style=\"color: #ffffff;\">FPP ~ 83 cm<\/span><br \/>\n<span style=\"color: #ffffff;\">Twardo\u015b\u0107 klingi  ~ 50 HRC<\/span><br \/>\n<span style=\"color: #ffffff;\">Twardo\u015b\u0107 jelca ~ 45 HRC<\/span><\/td>\n<td style=\"width: 50%;\"><span style=\"color: #ffffff;\"><strong>FREIFECHTER LONG<\/strong><\/span><\/p>\n<p><span style=\"color: #ffffff;\">D\u0142ugo\u015b\u0107 ca\u0142kowita: 133 cm<\/span><br \/>\n<span style=\"color: #ffffff;\">D\u0142ugo\u015b\u0107 klingi: 100 cm<\/span><br \/>\n<span style=\"color: #ffffff;\">Weight: ~ 1500 g<\/span><br \/>\n<span style=\"color: #ffffff;\">Flex ~ 15 kg<\/span><br \/>\n<span style=\"color: #ffffff;\">Punkt Ci\u0119\u017cko\u015bci ~8 cm<\/span><br \/>\n<span style=\"color: #ffffff;\">Punkt Drga\u0144 ~\u00a0 63 cm<\/span><br \/>\n<span style=\"color: #ffffff;\">FPP ~ 85cm<\/span><br \/>\n<span style=\"color: #ffffff;\">Twardo\u015b\u0107 klingi  ~ 50 HRC<\/span><br \/>\n<span style=\"color: #ffffff;\">Twardo\u015b\u0107 jelca ~ 45 HRC<\/span><\/td>\n<\/tr>\n<\/tbody>\n<\/table>\n<p>&nbsp;<\/p>","protected":false},"featured_media":9178,"comment_status":"open","ping_status":"closed","template":"","meta":{"_acf_changed":false,"_kad_blocks_custom_css":"","_kad_blocks_head_custom_js":"","_kad_blocks_body_custom_js":"","_kad_blocks_footer_custom_js":"","_kad_post_transparent":"default","_kad_post_title":"","_kad_post_layout":"default","_kad_post_sidebar_id":"","_kad_post_content_style":"default","_kad_post_vertical_padding":"default","_kad_post_feature":"","_kad_post_feature_position":"","_kad_post_header":false,"_kad_post_footer":false,"_kad_post_classname":""},"product_brand":[],"product_cat":[24],"product_tag":[],"class_list":{"0":"post-4545","1":"product","2":"type-product","3":"status-publish","4":"has-post-thumbnail","6":"product_cat-feders","7":"pa_color-black","8":"pa_grip-standard","9":"pa_grip-waisted","10":"pa_length-22","11":"pa_length-23","13":"first","14":"onbackorder","15":"taxable","16":"shipping-taxable","17":"purchasable","18":"product-type-variable","19":"entry","20":"content-bg","21":"loop-entry"},"acf":[],"taxonomy_info":{"product_cat":[{"value":24,"label":"FEDERS"}],"pa_color":[{"value":16,"label":"Black"}],"pa_grip":[{"value":20,"label":"Standard"},{"value":21,"label":"Waisted"}],"pa_length":[{"value":22,"label":"125"},{"value":23,"label":"133"}]},"featured_image_src_large":["https:\/\/ensifer.pl\/wp-content\/uploads\/2023\/11\/Freifechter-5-1-1024x652.jpg",1024,652,true],"author_info":[],"comment_info":810,"_links":{"self":[{"href":"https:\/\/ensifer.pl\/pl\/wp-json\/wp\/v2\/product\/4545","targetHints":{"allow":["GET"]}}],"collection":[{"href":"https:\/\/ensifer.pl\/pl\/wp-json\/wp\/v2\/product"}],"about":[{"href":"https:\/\/ensifer.pl\/pl\/wp-json\/wp\/v2\/types\/product"}],"replies":[{"embeddable":true,"href":"https:\/\/ensifer.pl\/pl\/wp-json\/wp\/v2\/comments?post=4545"}],"version-history":[{"count":99,"href":"https:\/\/ensifer.pl\/pl\/wp-json\/wp\/v2\/product\/4545\/revisions"}],"predecessor-version":[{"id":6551,"href":"https:\/\/ensifer.pl\/pl\/wp-json\/wp\/v2\/product\/4545\/revisions\/6551"}],"wp:featuredmedia":[{"embeddable":true,"href":"https:\/\/ensifer.pl\/pl\/wp-json\/wp\/v2\/media\/9178"}],"wp:attachment":[{"href":"https:\/\/ensifer.pl\/pl\/wp-json\/wp\/v2\/media?parent=4545"}],"wp:term":[{"taxonomy":"product_brand","embeddable":true,"href":"https:\/\/ensifer.pl\/pl\/wp-json\/wp\/v2\/product_brand?post=4545"},{"taxonomy":"product_cat","embeddable":true,"href":"https:\/\/ensifer.pl\/pl\/wp-json\/wp\/v2\/product_cat?post=4545"},{"taxonomy":"product_tag","embeddable":true,"href":"https:\/\/ensifer.pl\/pl\/wp-json\/wp\/v2\/product_tag?post=4545"}],"curies":[{"name":"wp","href":"https:\/\/api.w.org\/{rel}","templated":true}]}}