{"id":50,"date":"2020-09-25T21:28:19","date_gmt":"2020-09-25T19:28:19","guid":{"rendered":"https:\/\/ensifer.t44.pl\/produkt\/sabre\/"},"modified":"2026-03-15T17:24:23","modified_gmt":"2026-03-15T16:24:23","slug":"blacks","status":"publish","type":"product","link":"https:\/\/ensifer.pl\/pl\/produkt\/blacks\/","title":{"rendered":"BLACK"},"content":{"rendered":"<ul>\n<li>Rok gwarancji na z\u0142amanie klingi*<\/li>\n<li>Ostrze ze stali spr\u0119\u017cynowej ze zbroczem oraz dodatkow\u0105 strudzin\u0105<\/li>\n<li>Zaokr\u0105glony, pe\u0142ny sztych (6mm)<\/li>\n<li>Fa\u0142szywe ostrze<\/li>\n<li>Twardo\u015b\u0107 klingi  ~ 50 HRC<\/li>\n<li>Hardened guard with welded knucklebow<\/li>\n<li>Bezpieczne ko\u0144c\u00f3wki jelca<\/li>\n<li>\u00a0Long\u00a0 (14,5 cm) grip version.<\/li>\n<li>Welded inox steel cap<\/li>\n<\/ul>\n<table style=\"width: 100%; border-collapse: collapse; background-color: #29578c;\">\n<tbody>\n<tr>\n<td style=\"width: 100%;\">\n<p dir=\"auto\"><span style=\"color: #ffffff;\"><strong>*<\/strong>\u00a0Every blade is checked a few times during production to avoid mistakes. We give 1 year warranty for breakage not every bend. We can also replace swords which bend on first use\/sparring (and I do that without a problem) but after a few months of using and sparring minor \u00a0bendings are normal thing when forces are too big.\u00a0 We can make it straight in our workshop, but we do not cover shiping cost. Frankly it is a minute of work and 80 % chances to finish it with foot and floor. Straightening the blades are common on every sport fencing training:<\/span><\/p>\n<p dir=\"auto\"><span style=\"color: #ffffff;\"><a style=\"color: #ffffff;\" href=\"https:\/\/academyoffencingmasters.com\/blog\/straighten-fencing-weapon-competition\/\" target=\"_blank\" rel=\"noopener\">https:\/\/<wbr \/>academyoffencingmasters.com\/<wbr \/>blog\/straighten-fencing-<wbr \/>weapon-competition\/<\/a><\/span><\/p>\n<p dir=\"auto\"><span style=\"color: #ffffff;\">1. \u00a0Learn to properly thrust with feder and use its blade flexibility \u2013 hands up when you are hitting.<\/span><br \/>\n<span style=\"color: #ffffff;\">2. \u00a0Cut with proper edge alignment and avoid full force cuts to rigid targets \u2013 like Strong of partner blade\/crossguard \u2013 if he parries your Weak just hit to his Strong \u2013 applying force does not work for you.<\/span><br \/>\n<span style=\"color: #ffffff;\">3.\u00a0 Avoid charging to each other in sparring \u2013 it may easily \u00a0generate huge forces which can bend the blade.<\/span><\/p>\n<\/td>\n<\/tr>\n<\/tbody>\n<\/table>\n<p>&nbsp;<\/p>\n<p>&nbsp;<\/p>\n<p><iframe src=\"\/\/www.youtube.com\/embed\/yoeukUwIvq8\" width=\"560\" height=\"314\" allowfullscreen=\"allowfullscreen\"><\/iframe><iframe src=\"\/\/www.youtube.com\/embed\/LXGd0Ee0G68\" width=\"560\" height=\"314\" allowfullscreen=\"allowfullscreen\"><\/iframe><iframe src=\"\/\/www.youtube.com\/embed\/Y6lAUoL2JUg\" width=\"560\" height=\"314\" allowfullscreen=\"allowfullscreen\"><\/iframe><\/p>\n<p>&nbsp;<\/p>\n<table style=\"width: 100%; border-collapse: collapse; border-color: #d43333; background-color: #b0abab; height: 28px;\">\n<tbody>\n<tr style=\"height: 28px;\">\n<td style=\"width: 100%; height: 28px; text-align: center;\"><span style=\"color: #000000; font-size: 24pt; font-family: impact, sans-serif;\"><a style=\"color: #000000;\" title=\"Josh Dale sparring\" href=\"https:\/\/www.facebook.com\/JayRofl\/videos\/882666072989512\" target=\"_blank\" rel=\"noopener\">Josh Dale sparring on FB<\/a><\/span><\/td>\n<\/tr>\n<\/tbody>\n<\/table>","protected":false},"excerpt":{"rendered":"<p>Regular training Polish sabre with a broad and agile blade, ideal for the <a href=\"https:\/\/ensifer.pl\/wp-content\/uploads\/2024\/10\/O-SZABLI-STAROPOLSKIEJ-SZERMIERCE-I-CIECIACH-KRZYZOWYCH-3.pdf\">Cross Cutting Art<\/a>.<\/p>\n<table style=\"width: 66%; border-collapse: collapse; background-color: #2e2d2d;\">\n<tbody>\n<tr>\n<td style=\"width: 100%;\"><span style=\"color: #ffffff;\">D\u0142ugo\u015b\u0107 ca\u0142kowita: 95 - 97 cm<\/span><br \/>\n<span style=\"color: #ffffff;\">D\u0142ugo\u015b\u0107 g\u0142owni: 83 cm<\/span><br \/>\n<span style=\"color: #ffffff;\">D\u0142ugo\u015b\u0107 r\u0119koje\u015bci: 14,5 cm<\/span><br \/>\n<span style=\"color: #ffffff;\">Krzywizna g\u0142owni: 4 cm<\/span><br \/>\n<span style=\"color: #ffffff;\">Grubo\u015b\u0107 g\u0142owni: 6 mm - 3 mm<\/span><br \/>\n<span style=\"color: #ffffff;\">Grubo\u015b\u0107 ostrza: 3\u20132mm<\/span><br \/>\n<span style=\"color: #ffffff;\">Waga: ~ 760\u2013780 g<\/span><br \/>\n<span style=\"color: #ffffff;\">PoB: ~ 17,5 cm<\/span><br \/>\n<span style=\"color: #ffffff;\">Ugi\u0119cie g\u0142owni ~ 11 kg<\/span><\/td>\n<\/tr>\n<\/tbody>\n<\/table>\n<p>&nbsp;<\/p>","protected":false},"featured_media":5099,"comment_status":"open","ping_status":"closed","template":"","meta":{"_acf_changed":false,"_kad_blocks_custom_css":"","_kad_blocks_head_custom_js":"","_kad_blocks_body_custom_js":"","_kad_blocks_footer_custom_js":"","_kad_post_transparent":"default","_kad_post_title":"","_kad_post_layout":"default","_kad_post_sidebar_id":"","_kad_post_content_style":"default","_kad_post_vertical_padding":"default","_kad_post_feature":"","_kad_post_feature_position":"","_kad_post_header":false,"_kad_post_footer":false,"_kad_post_classname":""},"product_brand":[],"product_cat":[28],"product_tag":[],"class_list":{"0":"post-50","1":"product","2":"type-product","3":"status-publish","4":"has-post-thumbnail","6":"product_cat-sabres","7":"pa_grip-length-12-cm","8":"pa_grip-length-13-cm","9":"pa_grip-length-14-cm","11":"first","12":"onbackorder","13":"taxable","14":"shipping-taxable","15":"purchasable","16":"product-type-variable","17":"has-default-attributes","18":"entry","19":"content-bg","20":"loop-entry"},"acf":[],"taxonomy_info":{"product_cat":[{"value":28,"label":"SABRES"}],"pa_grip-length":[{"value":46,"label":"12 cm"},{"value":26,"label":"13 cm"},{"value":27,"label":"14 cm"}]},"featured_image_src_large":["https:\/\/ensifer.pl\/wp-content\/uploads\/2020\/09\/Czarna_13_6-1024x575.jpg",1024,575,true],"author_info":[],"comment_info":8,"_links":{"self":[{"href":"https:\/\/ensifer.pl\/pl\/wp-json\/wp\/v2\/product\/50","targetHints":{"allow":["GET"]}}],"collection":[{"href":"https:\/\/ensifer.pl\/pl\/wp-json\/wp\/v2\/product"}],"about":[{"href":"https:\/\/ensifer.pl\/pl\/wp-json\/wp\/v2\/types\/product"}],"replies":[{"embeddable":true,"href":"https:\/\/ensifer.pl\/pl\/wp-json\/wp\/v2\/comments?post=50"}],"version-history":[{"count":5,"href":"https:\/\/ensifer.pl\/pl\/wp-json\/wp\/v2\/product\/50\/revisions"}],"predecessor-version":[{"id":11879,"href":"https:\/\/ensifer.pl\/pl\/wp-json\/wp\/v2\/product\/50\/revisions\/11879"}],"wp:featuredmedia":[{"embeddable":true,"href":"https:\/\/ensifer.pl\/pl\/wp-json\/wp\/v2\/media\/5099"}],"wp:attachment":[{"href":"https:\/\/ensifer.pl\/pl\/wp-json\/wp\/v2\/media?parent=50"}],"wp:term":[{"taxonomy":"product_brand","embeddable":true,"href":"https:\/\/ensifer.pl\/pl\/wp-json\/wp\/v2\/product_brand?post=50"},{"taxonomy":"product_cat","embeddable":true,"href":"https:\/\/ensifer.pl\/pl\/wp-json\/wp\/v2\/product_cat?post=50"},{"taxonomy":"product_tag","embeddable":true,"href":"https:\/\/ensifer.pl\/pl\/wp-json\/wp\/v2\/product_tag?post=50"}],"curies":[{"name":"wp","href":"https:\/\/api.w.org\/{rel}","templated":true}]}}