{"id":5118,"date":"2023-12-15T17:14:19","date_gmt":"2023-12-15T16:14:19","guid":{"rendered":"https:\/\/ensifer.pl\/?post_type=product&#038;p=5118"},"modified":"2026-03-08T12:49:10","modified_gmt":"2026-03-08T11:49:10","slug":"ensis","status":"publish","type":"product","link":"https:\/\/ensifer.pl\/pl\/produkt\/ensis\/","title":{"rendered":"ENSIS II"},"content":{"rendered":"<div data-elementor-type=\"product-post\" data-elementor-id=\"5118\" class=\"elementor elementor-5118\" data-elementor-post-type=\"product\">\n\t\t\t\t\t\t<section class=\"elementor-section elementor-top-section elementor-element elementor-element-34d7088e elementor-section-boxed elementor-section-height-default elementor-section-height-default\" data-id=\"34d7088e\" data-element_type=\"section\" data-e-type=\"section\" data-settings=\"{&quot;jet_parallax_layout_list&quot;:[]}\">\n\t\t\t\t\t\t<div class=\"elementor-container elementor-column-gap-default\">\n\t\t\t\t\t<div class=\"elementor-column elementor-col-100 elementor-top-column elementor-element elementor-element-782feab3\" data-id=\"782feab3\" data-element_type=\"column\" data-e-type=\"column\">\n\t\t\t<div class=\"elementor-widget-wrap elementor-element-populated\">\n\t\t\t\t\t\t<div class=\"elementor-element elementor-element-3bc2d052 elementor-widget elementor-widget-text-editor\" data-id=\"3bc2d052\" data-element_type=\"widget\" data-e-type=\"widget\" data-widget_type=\"text-editor.default\">\n\t\t\t\t<div class=\"elementor-widget-container\">\n\t\t\t\t\t\t\t\t\t<ul><li><span style=\"color: #000000;\"><strong>1- year warranty for blade breakage but not for minor bending*<\/strong><\/span><\/li><li><span style=\"color: #000000;\"><strong>Hand forged, light and flexible hollow grinded blade.<\/strong><\/span><\/li><li><span style=\"color: #000000;\"><strong>Historically accurate Pivot Points (FPP \u2013 75 cm from cross)<\/strong><\/span><\/li><li><span style=\"color: #000000;\"><strong>Fine-crafted and durable hardened crossguard (~35 HRC)<\/strong><\/span><\/li><li><span style=\"color: #000000;\"><strong>Pe\u0142ny, zaokr\u0105glony i bezpieczny sztych<\/strong><\/span><\/li><li><span style=\"color: #000000;\"><strong>Durable rounded edge \u2013 3 to 2 mm thickness, 50 HRC<\/strong><\/span><\/li><li><span style=\"color: #000000;\"><strong>High quality resin and cord gives secure grip. Handle is much more durable with these wrap.<\/strong><\/span><\/li><li><span style=\"color: #000000;\"><strong>Bezpieczne ko\u0144c\u00f3wki jelca<\/strong><\/span><\/li><li><span style=\"color: #000000;\"><strong>Eleganckie i r\u0119cznie wykonane naci\u0119cia na jelcu i g\u0142owicy<\/strong><\/span><\/li><li><span style=\"color: #000000;\"><strong>Peened octagonal acid-resistant steel pommel<\/strong><\/span><\/li><\/ul><div dir=\"auto\">\u00a0<\/div><div dir=\"auto\"><ul><li><span style=\"font-family: georgia, palatino, serif; font-size: 14pt; color: #000000;\">All features closely mirror those of a sharp blade, but the Point of Balance (PoB) is slightly closer\u2014approximately 10 cm from the guard. Other key attributes, including the Forward Pivot Point (FPP), Aft Pivot Point (APP), and Vibration Nodes, align with those of an authentic blades. This alignment is particularly significant for recreating medieval sword fencing techniques, especially in the bind. Unlike lighter and narrow blades with a closer PoB, this sword maintains contact more effectively, facilitating longer engagements with the opponent&#8217;s weapon.<\/span><\/li><li><span style=\"font-family: georgia, palatino, serif; font-size: 14pt; color: #000000;\">\u00a0This wide sword blade aids in aligning cuts, guards, and winding actions It boasts a 4mm to 3mm edge, enhancing safety and resilience for training purposes. <\/span><\/li><li><span style=\"font-family: georgia, palatino, serif; font-size: 14pt; color: #000000;\">Despite its strong flex rating of 17\/19 kg, it bends more easily and causes less discomfort when receiving thrusts to the chest without protective equipment compared to a standard (~15kg) feder. This minor discovery is intriguing, and we plan to create a short video about it.<\/span><\/li><li><span style=\"font-family: georgia, palatino, serif; font-size: 14pt; color: #000000;\">The sword generates a loud sword wind (swoosh), allowing you to practice &#8220;sword wind&#8221; techniques in every cut or combination and all solo exercises for test cutting.<\/span><\/li><li><span style=\"font-family: georgia, palatino, serif; font-size: 14pt; color: #000000;\">Altogether, you receive a fencing tool that is safe for sparring, closely resembling a sharp blade (with only the PoB closer to the hilt, but it does not hinder the &#8220;sword wind&#8221; effect like poorly balanced objects).<\/span><\/li><li><span style=\"font-family: georgia, palatino, serif; font-size: 14pt; color: #000000;\">It is genuinely hand-forged from the finest polish spring steel, not flat-ground or cut from thin sheet metal like many HEMA makers do.<\/span><\/li><li><span style=\"font-family: georgia, palatino, serif; color: #000000;\"><span style=\"font-size: 14pt;\">You can use it for demonstrations; it looks, moves and sound far superior to any feder.<\/span>\u00a0<\/span><\/li><\/ul><\/div><div dir=\"auto\">\u00a0<\/div><div dir=\"auto\">\u00a0<\/div><div dir=\"auto\"><table style=\"width: 100%; border-collapse: collapse; background-color: #1d49a8;\"><tbody><tr><td style=\"width: 100%;\"><p><span style=\"color: #ffffff;\">*<span style=\"font-size: 10pt;\"> Every blade is checked a few times during production to avoid mistakes. We give 1 year warranty for breakage not every bend. We can also replace swords which bend on first use\/sparring (and I do that without a problem) but after a few months of using and sparring minor bendings are normal thing when forces are too big. We can make it straight in our workshop, but we do not cover shiping cost. Frankly it is a minute of work and 80 % chances to finish it with foot and floor. Straightening the blades are common on every sport fencing training:<\/span><\/span><\/p><p><blockquote class=\"wp-embedded-content\" data-secret=\"ZBmLv3YDYp\"><a href=\"https:\/\/academyoffencingmasters.com\/blog\/straighten-fencing-weapon-competition\/\" target=\"_blank\" rel=\"noopener\">How to Straighten Your Fencing Weapon During a Competition<\/a><\/blockquote><iframe class=\"wp-embedded-content\" sandbox=\"allow-scripts\" security=\"restricted\" style=\"position: absolute; visibility: hidden;\" title=\"&#8220;How to Straighten Your Fencing Weapon During a Competition&#8221; &#8212; Academy of Fencing Masters\" src=\"https:\/\/academyoffencingmasters.com\/blog\/straighten-fencing-weapon-competition\/embed\/#?secret=sYcnHdcd7o#?secret=ZBmLv3YDYp\" data-secret=\"ZBmLv3YDYp\" width=\"600\" height=\"338\" frameborder=\"0\" marginwidth=\"0\" marginheight=\"0\" scrolling=\"no\"><\/iframe><\/p><p><span style=\"color: #ffffff; font-size: 10pt;\">1. Learn to properly thrust with feder and use its blade flexibility \u2013 hands up when you are hitting.<\/span><br \/><span style=\"color: #ffffff; font-size: 10pt;\">2. Cut with proper edge alignment and avoid full force cuts to rigid targets \u2013 like Strong of partner blade\/crossguard \u2013 if he parries your Weak just hit to his Strong \u2013 applying force does not work for you.<\/span><br \/><span style=\"color: #ffffff; font-size: 10pt;\">3. Avoid charging to each other in sparring \u2013 it may easily generate huge forces which can bend the blade.<\/span><\/p><\/td><\/tr><\/tbody><\/table><\/div>\t\t\t\t\t\t\t\t<\/div>\n\t\t\t\t<\/div>\n\t\t\t\t\t<\/div>\n\t\t<\/div>\n\t\t\t\t\t<\/div>\n\t\t<\/section>\n\t\t\t\t<section class=\"elementor-section elementor-top-section elementor-element elementor-element-15fc6a2 elementor-section-boxed elementor-section-height-default elementor-section-height-default\" data-id=\"15fc6a2\" data-element_type=\"section\" data-e-type=\"section\" data-settings=\"{&quot;jet_parallax_layout_list&quot;:[]}\">\n\t\t\t\t\t\t<div class=\"elementor-container elementor-column-gap-default\">\n\t\t\t\t\t<div class=\"elementor-column elementor-col-50 elementor-top-column elementor-element elementor-element-670fe23\" data-id=\"670fe23\" data-element_type=\"column\" data-e-type=\"column\">\n\t\t\t<div class=\"elementor-widget-wrap elementor-element-populated\">\n\t\t\t\t\t\t<div class=\"elementor-element elementor-element-ba21770 elementor-widget elementor-widget-video\" data-id=\"ba21770\" data-element_type=\"widget\" data-e-type=\"widget\" data-settings=\"{&quot;youtube_url&quot;:&quot;https:\\\/\\\/youtu.be\\\/lEkde2NYXaI?si=CtinDxz-Pgn4sKxQ&quot;,&quot;video_type&quot;:&quot;youtube&quot;,&quot;controls&quot;:&quot;yes&quot;}\" data-widget_type=\"video.default\">\n\t\t\t\t<div class=\"elementor-widget-container\">\n\t\t\t\t\t\t\t<div class=\"elementor-wrapper elementor-open-inline\">\n\t\t\t<div class=\"elementor-video\"><\/div>\t\t<\/div>\n\t\t\t\t\t\t<\/div>\n\t\t\t\t<\/div>\n\t\t\t\t\t<\/div>\n\t\t<\/div>\n\t\t\t\t<div class=\"elementor-column elementor-col-50 elementor-top-column elementor-element elementor-element-2fe765e\" data-id=\"2fe765e\" data-element_type=\"column\" data-e-type=\"column\">\n\t\t\t<div class=\"elementor-widget-wrap elementor-element-populated\">\n\t\t\t\t\t\t<div class=\"elementor-element elementor-element-d761ba8 elementor-widget elementor-widget-video\" data-id=\"d761ba8\" data-element_type=\"widget\" data-e-type=\"widget\" data-settings=\"{&quot;youtube_url&quot;:&quot;https:\\\/\\\/youtu.be\\\/USj9zo7LkIg&quot;,&quot;video_type&quot;:&quot;youtube&quot;,&quot;controls&quot;:&quot;yes&quot;}\" data-widget_type=\"video.default\">\n\t\t\t\t<div class=\"elementor-widget-container\">\n\t\t\t\t\t\t\t<div class=\"elementor-wrapper elementor-open-inline\">\n\t\t\t<div class=\"elementor-video\"><\/div>\t\t<\/div>\n\t\t\t\t\t\t<\/div>\n\t\t\t\t<\/div>\n\t\t\t\t\t<\/div>\n\t\t<\/div>\n\t\t\t\t\t<\/div>\n\t\t<\/section>\n\t\t\t\t<section class=\"elementor-section elementor-top-section elementor-element elementor-element-f9b2468 elementor-section-boxed elementor-section-height-default elementor-section-height-default\" data-id=\"f9b2468\" data-element_type=\"section\" data-e-type=\"section\" data-settings=\"{&quot;jet_parallax_layout_list&quot;:[]}\">\n\t\t\t\t\t\t<div class=\"elementor-container elementor-column-gap-default\">\n\t\t\t\t\t<div class=\"elementor-column elementor-col-50 elementor-top-column elementor-element elementor-element-11adf86\" data-id=\"11adf86\" data-element_type=\"column\" data-e-type=\"column\">\n\t\t\t<div class=\"elementor-widget-wrap elementor-element-populated\">\n\t\t\t\t\t\t<div class=\"elementor-element elementor-element-b99ed9e elementor-widget elementor-widget-video\" data-id=\"b99ed9e\" data-element_type=\"widget\" data-e-type=\"widget\" data-settings=\"{&quot;youtube_url&quot;:&quot;https:\\\/\\\/www.youtube.com\\\/watch?v=NUuSP7LtLyM&quot;,&quot;video_type&quot;:&quot;youtube&quot;,&quot;controls&quot;:&quot;yes&quot;}\" data-widget_type=\"video.default\">\n\t\t\t\t<div class=\"elementor-widget-container\">\n\t\t\t\t\t\t\t<div class=\"elementor-wrapper elementor-open-inline\">\n\t\t\t<div class=\"elementor-video\"><\/div>\t\t<\/div>\n\t\t\t\t\t\t<\/div>\n\t\t\t\t<\/div>\n\t\t\t\t\t<\/div>\n\t\t<\/div>\n\t\t\t\t<div class=\"elementor-column elementor-col-50 elementor-top-column elementor-element elementor-element-c3046bc\" data-id=\"c3046bc\" data-element_type=\"column\" data-e-type=\"column\">\n\t\t\t<div class=\"elementor-widget-wrap elementor-element-populated\">\n\t\t\t\t\t\t<div class=\"elementor-element elementor-element-cdd2c7f elementor-widget elementor-widget-video\" data-id=\"cdd2c7f\" data-element_type=\"widget\" data-e-type=\"widget\" data-settings=\"{&quot;youtube_url&quot;:&quot;https:\\\/\\\/www.youtube.com\\\/watch?v=qHbjFRj4yNU&quot;,&quot;video_type&quot;:&quot;youtube&quot;,&quot;controls&quot;:&quot;yes&quot;}\" data-widget_type=\"video.default\">\n\t\t\t\t<div class=\"elementor-widget-container\">\n\t\t\t\t\t\t\t<div class=\"elementor-wrapper elementor-open-inline\">\n\t\t\t<div class=\"elementor-video\"><\/div>\t\t<\/div>\n\t\t\t\t\t\t<\/div>\n\t\t\t\t<\/div>\n\t\t\t\t\t<\/div>\n\t\t<\/div>\n\t\t\t\t\t<\/div>\n\t\t<\/section>\n\t\t\t\t<section class=\"elementor-section elementor-top-section elementor-element elementor-element-54e391b elementor-section-boxed elementor-section-height-default elementor-section-height-default\" data-id=\"54e391b\" data-element_type=\"section\" data-e-type=\"section\" data-settings=\"{&quot;jet_parallax_layout_list&quot;:[]}\">\n\t\t\t\t\t\t<div class=\"elementor-container elementor-column-gap-default\">\n\t\t\t\t\t<div class=\"elementor-column elementor-col-50 elementor-top-column elementor-element elementor-element-efeec36\" data-id=\"efeec36\" data-element_type=\"column\" data-e-type=\"column\">\n\t\t\t<div class=\"elementor-widget-wrap elementor-element-populated\">\n\t\t\t\t\t\t<div class=\"elementor-element elementor-element-f1700e9 elementor-widget elementor-widget-video\" data-id=\"f1700e9\" data-element_type=\"widget\" data-e-type=\"widget\" data-settings=\"{&quot;youtube_url&quot;:&quot;https:\\\/\\\/www.youtube.com\\\/watch?v=ZSznhoOKr7Y&quot;,&quot;video_type&quot;:&quot;youtube&quot;,&quot;controls&quot;:&quot;yes&quot;}\" data-widget_type=\"video.default\">\n\t\t\t\t<div class=\"elementor-widget-container\">\n\t\t\t\t\t\t\t<div class=\"elementor-wrapper elementor-open-inline\">\n\t\t\t<div class=\"elementor-video\"><\/div>\t\t<\/div>\n\t\t\t\t\t\t<\/div>\n\t\t\t\t<\/div>\n\t\t\t\t\t<\/div>\n\t\t<\/div>\n\t\t\t\t<div class=\"elementor-column elementor-col-50 elementor-top-column elementor-element elementor-element-3e99384\" data-id=\"3e99384\" data-element_type=\"column\" data-e-type=\"column\">\n\t\t\t<div class=\"elementor-widget-wrap elementor-element-populated\">\n\t\t\t\t\t\t<div class=\"elementor-element elementor-element-b9df46e elementor-widget elementor-widget-video\" data-id=\"b9df46e\" data-element_type=\"widget\" data-e-type=\"widget\" data-settings=\"{&quot;youtube_url&quot;:&quot;https:\\\/\\\/www.youtube.com\\\/watch?v=BiPUViaHURg&quot;,&quot;video_type&quot;:&quot;youtube&quot;,&quot;controls&quot;:&quot;yes&quot;}\" data-widget_type=\"video.default\">\n\t\t\t\t<div class=\"elementor-widget-container\">\n\t\t\t\t\t\t\t<div class=\"elementor-wrapper elementor-open-inline\">\n\t\t\t<div class=\"elementor-video\"><\/div>\t\t<\/div>\n\t\t\t\t\t\t<\/div>\n\t\t\t\t<\/div>\n\t\t\t\t\t<\/div>\n\t\t<\/div>\n\t\t\t\t\t<\/div>\n\t\t<\/section>\n\t\t\t\t<\/div>","protected":false},"excerpt":{"rendered":"<p>ENSIS II<\/p>\n<p>Introducing the new version of ENSIS. This training sword is dedicated to those who pursue the art of swordsmanship.<\/p>\n<p><strong>The flexibility and Point of Balance (PoB) can be customized to customer preferences.<\/strong><\/p>\n<table style=\"width: 100%; border-collapse: collapse; background-color: #2e2d2d;\">\n<tbody>\n<tr>\n<td style=\"width: 50%;\"><span style=\"color: #ffffff;\">ENSIS II<\/span><\/p>\n<p><span style=\"color: #ffffff;\">Weight &#8211; 1440 &#8211; 1545g<\/span><br \/>\n<span style=\"color: #ffffff;\">PoB\u00a0 \u00a09 &#8211; 10,5 cm\u00a0\u00a0<\/span><br \/>\n<span style=\"color: #ffffff;\">Flex\u00a0 \u00a014 &#8211; 15 kg<\/span><br \/>\n<span style=\"color: #ffffff;\">BN ~ 60 cm<\/span><br \/>\n<span style=\"color: #ffffff;\">FPP ~ 75 cm<\/span><br \/>\n<span style=\"color: #ffffff;\">APP ~ 25 cm<\/span><br \/>\n<span style=\"color: #ffffff;\">Basic thickness &#8211; 5\u00a0 mm<\/span><br \/>\n<span style=\"color: #ffffff;\">Overall lenght\u00a0 ~123 cm<\/span><br \/>\n<span style=\"color: #ffffff;\">Blade lenght ~ 93 cm<\/span><\/p>\n<p><span style=\"color: #ffffff;\">Blade hardness ~ 52 HRC<\/span><br \/>\n<span style=\"color: #ffffff;\">Crossguard ~ 35 HRC<\/span><\/td>\n<td style=\"width: 50%;\"><\/td>\n<\/tr>\n<\/tbody>\n<\/table>","protected":false},"featured_media":10515,"comment_status":"open","ping_status":"closed","template":"","meta":{"_acf_changed":false,"_kad_blocks_custom_css":"","_kad_blocks_head_custom_js":"","_kad_blocks_body_custom_js":"","_kad_blocks_footer_custom_js":"","_kad_post_transparent":"default","_kad_post_title":"","_kad_post_layout":"default","_kad_post_sidebar_id":"","_kad_post_content_style":"default","_kad_post_vertical_padding":"default","_kad_post_feature":"","_kad_post_feature_position":"","_kad_post_header":false,"_kad_post_footer":false,"_kad_post_classname":""},"product_brand":[],"product_cat":[76],"product_tag":[],"class_list":{"0":"post-5118","1":"product","2":"type-product","3":"status-publish","4":"has-post-thumbnail","6":"product_cat-custom","7":"pa_color-black","8":"pa_color-blue","9":"pa_color-green","10":"pa_color-red","12":"first","13":"onbackorder","14":"taxable","15":"shipping-taxable","16":"purchasable","17":"product-type-variable","18":"entry","19":"content-bg","20":"loop-entry"},"acf":[],"taxonomy_info":{"product_cat":[{"value":76,"label":"CUSTOM COMMISIONS"}],"pa_color":[{"value":16,"label":"Black"},{"value":17,"label":"Dark Blue"},{"value":18,"label":"Dark Green"},{"value":19,"label":"Dark Red"}]},"featured_image_src_large":["https:\/\/ensifer.pl\/wp-content\/uploads\/2023\/12\/ensis2_2-1024x576.jpg",1024,576,true],"author_info":[],"comment_info":7,"_links":{"self":[{"href":"https:\/\/ensifer.pl\/pl\/wp-json\/wp\/v2\/product\/5118","targetHints":{"allow":["GET"]}}],"collection":[{"href":"https:\/\/ensifer.pl\/pl\/wp-json\/wp\/v2\/product"}],"about":[{"href":"https:\/\/ensifer.pl\/pl\/wp-json\/wp\/v2\/types\/product"}],"replies":[{"embeddable":true,"href":"https:\/\/ensifer.pl\/pl\/wp-json\/wp\/v2\/comments?post=5118"}],"version-history":[{"count":45,"href":"https:\/\/ensifer.pl\/pl\/wp-json\/wp\/v2\/product\/5118\/revisions"}],"predecessor-version":[{"id":11613,"href":"https:\/\/ensifer.pl\/pl\/wp-json\/wp\/v2\/product\/5118\/revisions\/11613"}],"wp:featuredmedia":[{"embeddable":true,"href":"https:\/\/ensifer.pl\/pl\/wp-json\/wp\/v2\/media\/10515"}],"wp:attachment":[{"href":"https:\/\/ensifer.pl\/pl\/wp-json\/wp\/v2\/media?parent=5118"}],"wp:term":[{"taxonomy":"product_brand","embeddable":true,"href":"https:\/\/ensifer.pl\/pl\/wp-json\/wp\/v2\/product_brand?post=5118"},{"taxonomy":"product_cat","embeddable":true,"href":"https:\/\/ensifer.pl\/pl\/wp-json\/wp\/v2\/product_cat?post=5118"},{"taxonomy":"product_tag","embeddable":true,"href":"https:\/\/ensifer.pl\/pl\/wp-json\/wp\/v2\/product_tag?post=5118"}],"curies":[{"name":"wp","href":"https:\/\/api.w.org\/{rel}","templated":true}]}}