{"id":5362,"date":"2024-01-24T19:14:00","date_gmt":"2024-01-24T18:14:00","guid":{"rendered":"https:\/\/ensifer.pl\/?post_type=product&#038;p=5362"},"modified":"2026-04-16T10:58:07","modified_gmt":"2026-04-16T08:58:07","slug":"hajduk","status":"publish","type":"product","link":"https:\/\/ensifer.pl\/pl\/produkt\/hajduk\/","title":{"rendered":"HAJDUK"},"content":{"rendered":"<div data-elementor-type=\"product-post\" data-elementor-id=\"5362\" class=\"elementor elementor-5362\" data-elementor-post-type=\"product\">\n\t\t\t\t\t\t<section class=\"elementor-section elementor-top-section elementor-element elementor-element-7ae45d10 elementor-section-boxed elementor-section-height-default elementor-section-height-default\" data-id=\"7ae45d10\" data-element_type=\"section\" data-e-type=\"section\" data-settings=\"{&quot;jet_parallax_layout_list&quot;:[]}\">\n\t\t\t\t\t\t<div class=\"elementor-container elementor-column-gap-default\">\n\t\t\t\t\t<div class=\"elementor-column elementor-col-100 elementor-top-column elementor-element elementor-element-23066174\" data-id=\"23066174\" data-element_type=\"column\" data-e-type=\"column\">\n\t\t\t<div class=\"elementor-widget-wrap elementor-element-populated\">\n\t\t\t\t\t\t<div class=\"elementor-element elementor-element-5b327977 elementor-widget elementor-widget-text-editor\" data-id=\"5b327977\" data-element_type=\"widget\" data-e-type=\"widget\" data-widget_type=\"text-editor.default\">\n\t\t\t\t<div class=\"elementor-widget-container\">\n\t\t\t\t\t\t\t\t\t<ul><li><span style=\"color: #333333;\">Hand forged, spring steel blade with broad\u00a0 fuller.<\/span><\/li><li><span style=\"color: #333333;\">Around 52 HRC blade hardness.<\/span><\/li><li><span style=\"color: #333333;\">Sharpened, ready to test cutting.<\/span><\/li><li><span style=\"color: #333333;\">Broad feather with false edge.<\/span><\/li><li><span style=\"color: #333333;\">Vegetable leather covered grip<\/span><\/li><li><span style=\"color: #333333;\">Forged, silver soldered, hand finished guard<\/span><\/li><li><span style=\"color: #333333;\">Hot shaped, inox steel cap.<\/span><\/li><\/ul><p><a href=\"https:\/\/ensifer.pl\/wp-content\/uploads\/2024\/01\/HAJDUK.svg\"><img fetchpriority=\"high\" decoding=\"async\" class=\"alignnone size-full wp-image-5388\" src=\"https:\/\/ensifer.pl\/wp-content\/uploads\/2024\/01\/HAJDUK.svg\" alt=\"\" width=\"2000\" height=\"500\" \/><\/a><\/p><p>\u00a0<\/p>\t\t\t\t\t\t\t\t<\/div>\n\t\t\t\t<\/div>\n\t\t\t\t\t<\/div>\n\t\t<\/div>\n\t\t\t\t\t<\/div>\n\t\t<\/section>\n\t\t\t\t<section class=\"elementor-section elementor-top-section elementor-element elementor-element-f0b6ae2 elementor-section-boxed elementor-section-height-default elementor-section-height-default\" data-id=\"f0b6ae2\" data-element_type=\"section\" data-e-type=\"section\" data-settings=\"{&quot;jet_parallax_layout_list&quot;:[]}\">\n\t\t\t\t\t\t<div class=\"elementor-container elementor-column-gap-default\">\n\t\t\t\t\t<div class=\"elementor-column elementor-col-33 elementor-top-column elementor-element elementor-element-dd354eb\" data-id=\"dd354eb\" data-element_type=\"column\" data-e-type=\"column\">\n\t\t\t<div class=\"elementor-widget-wrap elementor-element-populated\">\n\t\t\t\t\t\t<div class=\"elementor-element elementor-element-5ef1664 elementor-widget elementor-widget-video\" data-id=\"5ef1664\" data-element_type=\"widget\" data-e-type=\"widget\" data-settings=\"{&quot;youtube_url&quot;:&quot;https:\\\/\\\/youtu.be\\\/SbXWGHmJX1o&quot;,&quot;video_type&quot;:&quot;youtube&quot;,&quot;controls&quot;:&quot;yes&quot;}\" data-widget_type=\"video.default\">\n\t\t\t\t<div class=\"elementor-widget-container\">\n\t\t\t\t\t\t\t<div class=\"elementor-wrapper elementor-open-inline\">\n\t\t\t<div class=\"elementor-video\"><\/div>\t\t<\/div>\n\t\t\t\t\t\t<\/div>\n\t\t\t\t<\/div>\n\t\t\t\t\t<\/div>\n\t\t<\/div>\n\t\t\t\t<div class=\"elementor-column elementor-col-33 elementor-top-column elementor-element elementor-element-c2da678\" data-id=\"c2da678\" data-element_type=\"column\" data-e-type=\"column\">\n\t\t\t<div class=\"elementor-widget-wrap elementor-element-populated\">\n\t\t\t\t\t\t<div class=\"elementor-element elementor-element-0b33a32 elementor-widget elementor-widget-video\" data-id=\"0b33a32\" data-element_type=\"widget\" data-e-type=\"widget\" data-settings=\"{&quot;youtube_url&quot;:&quot;https:\\\/\\\/youtu.be\\\/GPWrkOAeHN4&quot;,&quot;video_type&quot;:&quot;youtube&quot;,&quot;controls&quot;:&quot;yes&quot;}\" data-widget_type=\"video.default\">\n\t\t\t\t<div class=\"elementor-widget-container\">\n\t\t\t\t\t\t\t<div class=\"elementor-wrapper elementor-open-inline\">\n\t\t\t<div class=\"elementor-video\"><\/div>\t\t<\/div>\n\t\t\t\t\t\t<\/div>\n\t\t\t\t<\/div>\n\t\t\t\t\t<\/div>\n\t\t<\/div>\n\t\t\t\t<div class=\"elementor-column elementor-col-33 elementor-top-column elementor-element elementor-element-7825853\" data-id=\"7825853\" data-element_type=\"column\" data-e-type=\"column\">\n\t\t\t<div class=\"elementor-widget-wrap elementor-element-populated\">\n\t\t\t\t\t\t<div class=\"elementor-element elementor-element-be599f8 elementor-widget elementor-widget-video\" data-id=\"be599f8\" data-element_type=\"widget\" data-e-type=\"widget\" data-settings=\"{&quot;video_type&quot;:&quot;vimeo&quot;}\" data-widget_type=\"video.default\">\n\t\t\t\t<div class=\"elementor-widget-container\">\n\t\t\t\t\t\t\t<div class=\"elementor-wrapper elementor-open-inline\">\n\t\t\t<iframe class=\"elementor-video-iframe\" allowfullscreen allow=\"clipboard-write\" title=\"vimeo Video Player\" src=\"https:\/\/player.vimeo.com\/video\/724044984?color&amp;autopause=0&amp;loop=0&amp;muted=0&amp;title=1&amp;portrait=1&amp;byline=1#t=\"><\/iframe>\t\t<\/div>\n\t\t\t\t\t\t<\/div>\n\t\t\t\t<\/div>\n\t\t\t\t\t<\/div>\n\t\t<\/div>\n\t\t\t\t\t<\/div>\n\t\t<\/section>\n\t\t\t\t<\/div>","protected":false},"excerpt":{"rendered":"<div class=\"x11i5rnm xat24cr x1mh8g0r x1vvkbs xtlvy1s x126k92a\">\n<div dir=\"auto\">\n<p><span style=\"font-family: georgia, palatino, serif;\">W Polsce i na W\u0119grzech s\u0142owo Hajduk oznacza\u0142o \u017co\u0142nierza piechoty w XVI i XVII wieku. Ten model bazuje na wzorach szabli polsko w\u0119gierskiej i si\u0119ga korzeniami panowania Stefana Batorego, kt\u00f3ry do polskiej wojskowo\u015bci opr\u00f3cz reform husarii wprowadzi\u0142 tak\u017ce piechot\u0119.\u00a0<\/span><\/p>\n<p><span style=\"font-family: georgia, palatino, serif;\">Szabla Hajduk, mimo ma\u0142ej wagi 805 g, ma d\u0142ug\u0105 kawaleryjsk\u0105 kling\u0119 (84 cm). Punkt ci\u0119\u017cko\u015bci 240mm i w\u0119ze\u0142 drga\u0144 60 cm od jelca pozwala jej na skuteczne ci\u0119cie pozornik\u00f3w.<\/span><\/p>\n<\/div>\n<\/div>\n<p>&nbsp;<\/p>\n<table style=\"width: 60%; border-collapse: collapse; background-color: #2e2d2d; height: 304px;\">\n<tbody>\n<tr style=\"height: 304px;\">\n<td style=\"width: 100%; height: 304px;\"><span style=\"font-family: georgia, palatino, serif; font-size: 12pt; color: #ffffff;\">Total length: 97 cm<br \/>\nBlade length: 84 cm<br \/>\nGrip length: 10 -12 cm (leather)<br \/>\nBlade curvature: 3 &#8211; 5 cm<br \/>\nBlade thickness: 2\u20137 mm<br \/>\nEdge thickness: sharp<br \/>\nWeight: ~ 790-810\u00a0 g<br \/>\nPoB: 22- 24 cm<br \/>\nBlade flex: ~ 16 kg<\/span><\/td>\n<\/tr>\n<\/tbody>\n<\/table>","protected":false},"featured_media":5377,"comment_status":"open","ping_status":"closed","template":"","meta":{"_acf_changed":false,"_kad_blocks_custom_css":"","_kad_blocks_head_custom_js":"","_kad_blocks_body_custom_js":"","_kad_blocks_footer_custom_js":"","_kad_post_transparent":"default","_kad_post_title":"","_kad_post_layout":"default","_kad_post_sidebar_id":"","_kad_post_content_style":"default","_kad_post_vertical_padding":"default","_kad_post_feature":"","_kad_post_feature_position":"","_kad_post_header":false,"_kad_post_footer":false,"_kad_post_classname":""},"product_brand":[],"product_cat":[76],"product_tag":[],"class_list":{"0":"post-5362","1":"product","2":"type-product","3":"status-publish","4":"has-post-thumbnail","6":"product_cat-custom","7":"pa_color-black","8":"pa_color-red","10":"first","11":"onbackorder","12":"sold-individually","13":"taxable","14":"shipping-taxable","15":"purchasable","16":"product-type-variable","17":"entry","18":"content-bg","19":"loop-entry"},"acf":[],"taxonomy_info":{"product_cat":[{"value":76,"label":"CUSTOM COMMISIONS"}],"pa_color":[{"value":16,"label":"Black"},{"value":19,"label":"Dark Red"}]},"featured_image_src_large":["https:\/\/ensifer.pl\/wp-content\/uploads\/2024\/01\/Hajduk-7-1024x576.jpg",1024,576,true],"author_info":[],"comment_info":3,"_links":{"self":[{"href":"https:\/\/ensifer.pl\/pl\/wp-json\/wp\/v2\/product\/5362","targetHints":{"allow":["GET"]}}],"collection":[{"href":"https:\/\/ensifer.pl\/pl\/wp-json\/wp\/v2\/product"}],"about":[{"href":"https:\/\/ensifer.pl\/pl\/wp-json\/wp\/v2\/types\/product"}],"replies":[{"embeddable":true,"href":"https:\/\/ensifer.pl\/pl\/wp-json\/wp\/v2\/comments?post=5362"}],"version-history":[{"count":19,"href":"https:\/\/ensifer.pl\/pl\/wp-json\/wp\/v2\/product\/5362\/revisions"}],"predecessor-version":[{"id":11878,"href":"https:\/\/ensifer.pl\/pl\/wp-json\/wp\/v2\/product\/5362\/revisions\/11878"}],"wp:featuredmedia":[{"embeddable":true,"href":"https:\/\/ensifer.pl\/pl\/wp-json\/wp\/v2\/media\/5377"}],"wp:attachment":[{"href":"https:\/\/ensifer.pl\/pl\/wp-json\/wp\/v2\/media?parent=5362"}],"wp:term":[{"taxonomy":"product_brand","embeddable":true,"href":"https:\/\/ensifer.pl\/pl\/wp-json\/wp\/v2\/product_brand?post=5362"},{"taxonomy":"product_cat","embeddable":true,"href":"https:\/\/ensifer.pl\/pl\/wp-json\/wp\/v2\/product_cat?post=5362"},{"taxonomy":"product_tag","embeddable":true,"href":"https:\/\/ensifer.pl\/pl\/wp-json\/wp\/v2\/product_tag?post=5362"}],"curies":[{"name":"wp","href":"https:\/\/api.w.org\/{rel}","templated":true}]}}