{"id":5605,"date":"2024-02-22T13:04:47","date_gmt":"2024-02-22T12:04:47","guid":{"rendered":"https:\/\/ensifer.pl\/?post_type=product&#038;p=5605"},"modified":"2026-03-17T07:50:30","modified_gmt":"2026-03-17T06:50:30","slug":"ensis-xviii-a","status":"publish","type":"product","link":"https:\/\/ensifer.pl\/pl\/produkt\/ensis-xviii-a\/","title":{"rendered":"ENSIS XVIII a"},"content":{"rendered":"<ul>\n<li>\u00a0High vegetable tanned leather covered by bees wax gives secure grip.<\/li>\n<li>Rok gwarancji na z\u0142amanie klingi <strong>*<\/strong><\/li>\n<li>Hand forged, light and stiff hollow grinded blade.<\/li>\n<li>Historically accurate Pivot Points (FPP \u2013 70 cm from cross)<\/li>\n<li>Fine-crafted and durable hardened crossguard (~35 HRC)<\/li>\n<li>Durable sharpened edge\u00a0 55 HRC<\/li>\n<li>Bezpieczne ko\u0144c\u00f3wki jelca<\/li>\n<li>Eleganckie i r\u0119cznie wykonane naci\u0119cia na jelcu i g\u0142owicy<\/li>\n<li>Peened octagonal acid-resistant steel pommel<\/li>\n<\/ul>\n<div dir=\"auto\"><\/div>\n<div dir=\"auto\"><\/div>\n<div dir=\"auto\">\n<table style=\"width: 100%; border-collapse: collapse; background-color: #1d49a8; height: 440px;\">\n<tbody>\n<tr style=\"height: 440px;\">\n<td style=\"width: 100%; height: 440px;\"><span style=\"color: #ffffff;\">* Every blade is checked a few times during production to avoid mistakes. We give 1 year warranty for breakage not every bend. We can also replace swords which bend on first use\/sparring (and I do that without a problem) but after a few months of using and sparring minor bendings are normal thing when forces are too big. We can make it straight in our workshop, but we do not cover shiping cost. Frankly it is a minute of work and 80 % chances to finish it with foot and floor. Straightening the blades are common on every sport fencing training:<\/span><\/p>\n<blockquote class=\"wp-embedded-content\" data-secret=\"z97PDJkbRx\"><p><a href=\"https:\/\/academyoffencingmasters.com\/blog\/straighten-fencing-weapon-competition\/\" target=\"_blank\" rel=\"noopener\">How to Straighten Your Fencing Weapon During a Competition<\/a><\/p><\/blockquote>\n<p><iframe class=\"wp-embedded-content\" sandbox=\"allow-scripts\" security=\"restricted\" style=\"position: absolute; visibility: hidden;\" title=\"&#8220;How to Straighten Your Fencing Weapon During a Competition&#8221; &#8212; Academy of Fencing Masters\" src=\"https:\/\/academyoffencingmasters.com\/blog\/straighten-fencing-weapon-competition\/embed\/#?secret=zf66vpSPzu#?secret=z97PDJkbRx\" data-secret=\"z97PDJkbRx\" width=\"600\" height=\"338\" frameborder=\"0\" marginwidth=\"0\" marginheight=\"0\" scrolling=\"no\"><\/iframe><\/p>\n<p style=\"text-align: left;\"><span style=\"color: #ffffff;\">1. Learn to properly thrust with feder and use its blade flexibility \u2013 hands up when you are hitting.<\/span><br \/>\n<span style=\"color: #ffffff;\">2. Cut with proper edge alignment and avoid full force cuts to rigid targets \u2013 like Strong of partner blade\/crossguard \u2013 if he parries your Weak just hit to his Strong \u2013 applying force does not work for you.<\/span><br \/>\n<span style=\"color: #ffffff;\">3. Avoid charging to each other in sparring \u2013 it may easily generate huge forces which can bend the blade.<\/span><\/p>\n<\/td>\n<\/tr>\n<\/tbody>\n<\/table>\n<\/div>\n<div dir=\"auto\"><\/div>\n<div dir=\"auto\" style=\"text-align: center;\"><\/div>\n<p style=\"text-align: center;\"><iframe src=\"\/\/www.youtube.com\/embed\/fFK5L9FYEw8\" width=\"560\" height=\"314\" allowfullscreen=\"allowfullscreen\"><\/iframe><\/p>\n<p>&nbsp;<\/p>\n<p>&nbsp;<\/p>","protected":false},"excerpt":{"rendered":"<p>&nbsp;<\/p>\n<table style=\"width: 100%; border-collapse: collapse; background-color: #2e2d2d;\">\n<tbody>\n<tr>\n<td style=\"width: 50%;\"><span style=\"color: #ffffff;\">ENSIS XVIII a (sharp version)<\/span><\/p>\n<p><span style=\"color: #ffffff;\">Weight &#8211; 1500g<\/span><br \/>\n<span style=\"color: #ffffff;\">PoB\u00a0 \u00a012 &#8211; 14 cm\u00a0\u00a0<\/span><br \/>\n<span style=\"color: #ffffff;\">Flex\u00a0 \u00a020\u00a0 kg<\/span><br \/>\n<span style=\"color: #ffffff;\">BN ~ 58,5 cm<\/span><br \/>\n<span style=\"color: #ffffff;\">FPP ~ 71 cm<\/span><br \/>\n<span style=\"color: #ffffff;\">APP ~ 33 cm<\/span><br \/>\n<span style=\"color: #ffffff;\">Basic thickness &#8211; 6 mm<\/span><br \/>\n<span style=\"color: #ffffff;\">Overall lenght\u00a0 ~ 118 cm<\/span><br \/>\n<span style=\"color: #ffffff;\">Blade lenght\u00a0 \u00a0~ 93 cm<\/span><\/p>\n<p><span style=\"color: #ffffff;\">Blade hardness ~ 55 HRC<\/span><br \/>\n<span style=\"color: #ffffff;\">Crossguard ~ 35 HRC<\/span><\/td>\n<td style=\"width: 50%;\"><\/td>\n<\/tr>\n<\/tbody>\n<\/table>","protected":false},"featured_media":5610,"comment_status":"open","ping_status":"closed","template":"","meta":{"_acf_changed":false,"_kad_blocks_custom_css":"","_kad_blocks_head_custom_js":"","_kad_blocks_body_custom_js":"","_kad_blocks_footer_custom_js":"","_kad_post_transparent":"default","_kad_post_title":"","_kad_post_layout":"default","_kad_post_sidebar_id":"","_kad_post_content_style":"default","_kad_post_vertical_padding":"default","_kad_post_feature":"","_kad_post_feature_position":"","_kad_post_header":false,"_kad_post_footer":false,"_kad_post_classname":""},"product_brand":[],"product_cat":[76],"product_tag":[],"class_list":{"0":"post-5605","1":"product","2":"type-product","3":"status-publish","4":"has-post-thumbnail","6":"product_cat-custom","7":"pa_color-black","8":"pa_color-blue","9":"pa_color-green","10":"pa_color-red","12":"first","13":"onbackorder","14":"taxable","15":"shipping-taxable","16":"purchasable","17":"product-type-variable","18":"entry","19":"content-bg","20":"loop-entry"},"acf":[],"taxonomy_info":{"product_cat":[{"value":76,"label":"CUSTOM COMMISIONS"}],"pa_color":[{"value":16,"label":"Black"},{"value":17,"label":"Dark Blue"},{"value":18,"label":"Dark Green"},{"value":19,"label":"Dark Red"}]},"featured_image_src_large":["https:\/\/ensifer.pl\/wp-content\/uploads\/2024\/02\/Ensis-3-1024x576.jpg",1024,576,true],"author_info":[],"comment_info":0,"_links":{"self":[{"href":"https:\/\/ensifer.pl\/pl\/wp-json\/wp\/v2\/product\/5605","targetHints":{"allow":["GET"]}}],"collection":[{"href":"https:\/\/ensifer.pl\/pl\/wp-json\/wp\/v2\/product"}],"about":[{"href":"https:\/\/ensifer.pl\/pl\/wp-json\/wp\/v2\/types\/product"}],"replies":[{"embeddable":true,"href":"https:\/\/ensifer.pl\/pl\/wp-json\/wp\/v2\/comments?post=5605"}],"version-history":[{"count":3,"href":"https:\/\/ensifer.pl\/pl\/wp-json\/wp\/v2\/product\/5605\/revisions"}],"predecessor-version":[{"id":11977,"href":"https:\/\/ensifer.pl\/pl\/wp-json\/wp\/v2\/product\/5605\/revisions\/11977"}],"wp:featuredmedia":[{"embeddable":true,"href":"https:\/\/ensifer.pl\/pl\/wp-json\/wp\/v2\/media\/5610"}],"wp:attachment":[{"href":"https:\/\/ensifer.pl\/pl\/wp-json\/wp\/v2\/media?parent=5605"}],"wp:term":[{"taxonomy":"product_brand","embeddable":true,"href":"https:\/\/ensifer.pl\/pl\/wp-json\/wp\/v2\/product_brand?post=5605"},{"taxonomy":"product_cat","embeddable":true,"href":"https:\/\/ensifer.pl\/pl\/wp-json\/wp\/v2\/product_cat?post=5605"},{"taxonomy":"product_tag","embeddable":true,"href":"https:\/\/ensifer.pl\/pl\/wp-json\/wp\/v2\/product_tag?post=5605"}],"curies":[{"name":"wp","href":"https:\/\/api.w.org\/{rel}","templated":true}]}}