{"id":5664,"date":"2024-02-23T15:29:51","date_gmt":"2024-02-23T14:29:51","guid":{"rendered":"https:\/\/ensifer.pl\/?post_type=product&#038;p=5664"},"modified":"2026-03-08T12:47:36","modified_gmt":"2026-03-08T11:47:36","slug":"witchersword2","status":"publish","type":"product","link":"https:\/\/ensifer.pl\/pl\/produkt\/witchersword2\/","title":{"rendered":"WITCHER Sword (Mocap)"},"content":{"rendered":"<ul>\n<li>\u00a0Rok gwarancji na z\u0142amanie klingi<\/li>\n<li>High vegetable tanned leather covered by bees wax gives secure grip.<\/li>\n<li>Hand forged, light and stiff hollow grinded blade.<\/li>\n<li>Historically accurate Pivot Points (FPP \u2013 70 cm from cross)<\/li>\n<li>Fine-crafted and durable hardened crossguard (~35 -40 HRC)<\/li>\n<li>Durable sharpened edge\u00a0 55 HRC<\/li>\n<li>Bezpieczne ko\u0144c\u00f3wki jelca<\/li>\n<li>Eleganckie i r\u0119cznie wykonane naci\u0119cia na jelcu i g\u0142owicy<\/li>\n<li>Peened octagonal steel pommel<\/li>\n<\/ul>\n<div dir=\"auto\" style=\"text-align: center;\"><iframe src=\"\/\/www.youtube.com\/embed\/bbgKiPEBYdU?t=65s\" width=\"560\" height=\"314\" allowfullscreen=\"allowfullscreen\"><\/iframe><\/div>\n<p>&nbsp;<\/p>\n<p>&nbsp;<\/p>","protected":false},"excerpt":{"rendered":"<p>&nbsp;<\/p>\n<table style=\"width: 100%; border-collapse: collapse; background-color: #2e2d2d;\">\n<tbody>\n<tr>\n<td style=\"width: 50%;\"><span style=\"color: #ffffff;\">Witcher Sword (sharp version)<\/span><\/p>\n<p><span style=\"color: #ffffff;\">Weight &#8211; 1500g<\/span><br \/>\n<span style=\"color: #ffffff;\">PoB\u00a0 \u00a012 &#8211; 14 cm\u00a0\u00a0<\/span><br \/>\n<span style=\"color: #ffffff;\">Flex\u00a0 \u00a020\u00a0 kg<\/span><br \/>\n<span style=\"color: #ffffff;\">BN ~ 58,5 cm<\/span><br \/>\n<span style=\"color: #ffffff;\">FPP ~ 71 cm<\/span><br \/>\n<span style=\"color: #ffffff;\">APP ~ 33 cm<\/span><br \/>\n<span style=\"color: #ffffff;\">Basic thickness &#8211; 6 mm<\/span><br \/>\n<span style=\"color: #ffffff;\">Overall lenght &#8211; 124,5 mm<\/span><br \/>\n<span style=\"color: #ffffff;\">Blade lenght &#8211; 95 cmBlade hardness ~ 55 HRC<\/span><br \/>\n<span style=\"color: #ffffff;\">Crossguard ~ 35 HRC<\/span><\/td>\n<td style=\"width: 50%;\"><\/td>\n<\/tr>\n<\/tbody>\n<\/table>","protected":false},"featured_media":5666,"comment_status":"open","ping_status":"closed","template":"","meta":{"_acf_changed":false,"_kad_blocks_custom_css":"","_kad_blocks_head_custom_js":"","_kad_blocks_body_custom_js":"","_kad_blocks_footer_custom_js":"","_kad_post_transparent":"default","_kad_post_title":"","_kad_post_layout":"default","_kad_post_sidebar_id":"","_kad_post_content_style":"default","_kad_post_vertical_padding":"default","_kad_post_feature":"","_kad_post_feature_position":"","_kad_post_header":false,"_kad_post_footer":false,"_kad_post_classname":""},"product_brand":[],"product_cat":[76],"product_tag":[],"class_list":{"0":"post-5664","1":"product","2":"type-product","3":"status-publish","4":"has-post-thumbnail","6":"product_cat-custom","7":"pa_color-black","8":"pa_color-blue","9":"pa_color-green","10":"pa_color-red","12":"first","13":"onbackorder","14":"taxable","15":"shipping-taxable","16":"purchasable","17":"product-type-variable","18":"entry","19":"content-bg","20":"loop-entry"},"acf":[],"taxonomy_info":{"product_cat":[{"value":76,"label":"CUSTOM COMMISIONS"}],"pa_color":[{"value":16,"label":"Black"},{"value":17,"label":"Dark Blue"},{"value":18,"label":"Dark Green"},{"value":19,"label":"Dark Red"}]},"featured_image_src_large":["https:\/\/ensifer.pl\/wp-content\/uploads\/2024\/02\/CDprojectRED1.jpg",912,684,false],"author_info":[],"comment_info":0,"_links":{"self":[{"href":"https:\/\/ensifer.pl\/pl\/wp-json\/wp\/v2\/product\/5664","targetHints":{"allow":["GET"]}}],"collection":[{"href":"https:\/\/ensifer.pl\/pl\/wp-json\/wp\/v2\/product"}],"about":[{"href":"https:\/\/ensifer.pl\/pl\/wp-json\/wp\/v2\/types\/product"}],"replies":[{"embeddable":true,"href":"https:\/\/ensifer.pl\/pl\/wp-json\/wp\/v2\/comments?post=5664"}],"version-history":[{"count":1,"href":"https:\/\/ensifer.pl\/pl\/wp-json\/wp\/v2\/product\/5664\/revisions"}],"predecessor-version":[{"id":7956,"href":"https:\/\/ensifer.pl\/pl\/wp-json\/wp\/v2\/product\/5664\/revisions\/7956"}],"wp:featuredmedia":[{"embeddable":true,"href":"https:\/\/ensifer.pl\/pl\/wp-json\/wp\/v2\/media\/5666"}],"wp:attachment":[{"href":"https:\/\/ensifer.pl\/pl\/wp-json\/wp\/v2\/media?parent=5664"}],"wp:term":[{"taxonomy":"product_brand","embeddable":true,"href":"https:\/\/ensifer.pl\/pl\/wp-json\/wp\/v2\/product_brand?post=5664"},{"taxonomy":"product_cat","embeddable":true,"href":"https:\/\/ensifer.pl\/pl\/wp-json\/wp\/v2\/product_cat?post=5664"},{"taxonomy":"product_tag","embeddable":true,"href":"https:\/\/ensifer.pl\/pl\/wp-json\/wp\/v2\/product_tag?post=5664"}],"curies":[{"name":"wp","href":"https:\/\/api.w.org\/{rel}","templated":true}]}}