{"id":6053,"date":"2024-04-17T20:26:03","date_gmt":"2024-04-17T18:26:03","guid":{"rendered":"https:\/\/ensifer.pl\/?post_type=product&#038;p=6053"},"modified":"2025-11-26T11:30:59","modified_gmt":"2025-11-26T10:30:59","slug":"fechter","status":"publish","type":"product","link":"https:\/\/ensifer.pl\/pl\/produkt\/fechter\/","title":{"rendered":"FECHTER"},"content":{"rendered":"<div data-elementor-type=\"product-post\" data-elementor-id=\"6053\" class=\"elementor elementor-6053\" data-elementor-post-type=\"product\">\n\t\t\t\t\t\t<section class=\"elementor-section elementor-top-section elementor-element elementor-element-97ce693 elementor-section-boxed elementor-section-height-default elementor-section-height-default\" data-id=\"97ce693\" data-element_type=\"section\" data-e-type=\"section\" data-settings=\"{&quot;jet_parallax_layout_list&quot;:[]}\">\n\t\t\t\t\t\t<div class=\"elementor-container elementor-column-gap-default\">\n\t\t\t\t\t<div class=\"elementor-column elementor-col-100 elementor-top-column elementor-element elementor-element-13d198c\" data-id=\"13d198c\" data-element_type=\"column\" data-e-type=\"column\">\n\t\t\t<div class=\"elementor-widget-wrap elementor-element-populated\">\n\t\t\t\t\t\t<div class=\"elementor-element elementor-element-9aa384b elementor-widget elementor-widget-text-editor\" data-id=\"9aa384b\" data-element_type=\"widget\" data-e-type=\"widget\" data-widget_type=\"text-editor.default\">\n\t\t\t\t<div class=\"elementor-widget-container\">\n\t\t\t\t\t\t\t\t\t<ul><li><span style=\"color: #000000;\">Rok gwarancji na z\u0142amanie klingi*<\/span><\/li><li><span style=\"color: #000000;\">Lekka i elastyczna, p\u0142asko szlifowana klinga<\/span><\/li><li><span style=\"color: #000000;\">Wyj\u0105tkowo wytrzyma\u0142a, zaokr\u0105glona krawed\u017a - od 6 do 3mm grubo\u015bci, twardo\u015b\u0107 50 HRC<\/span><\/li><li><span style=\"color: #000000;\">Fazowany, dobrze wyko\u0144czony i bezpieczny jelec<\/span><\/li><li><span style=\"color: #000000;\">Bezpieczne ko\u0144c\u00f3wki jelca<\/span><\/li><li><span style=\"color: #000000;\">Pogrubiona r\u0119koj\u0119\u015b\u0107 pokryta oplotem wzmocnionym \u017cywic\u0105.<\/span><\/li><li><span style=\"color: #000000;\">Pe\u0142ny,  w\u0142a\u015bciwie zaokr\u0105glony i bezpieczny sztych<\/span><\/li><li><span style=\"color: #000000;\">Zakuta stalowa nierdzewna g\u0142owica<\/span><\/li><\/ul>\t\t\t\t\t\t\t\t<\/div>\n\t\t\t\t<\/div>\n\t\t\t\t\t<\/div>\n\t\t<\/div>\n\t\t\t\t\t<\/div>\n\t\t<\/section>\n\t\t\t\t<section class=\"elementor-section elementor-top-section elementor-element elementor-element-8811080 elementor-section-boxed elementor-section-height-default elementor-section-height-default\" data-id=\"8811080\" data-element_type=\"section\" data-e-type=\"section\" data-settings=\"{&quot;jet_parallax_layout_list&quot;:[]}\">\n\t\t\t\t\t\t<div class=\"elementor-container elementor-column-gap-default\">\n\t\t\t\t\t<div class=\"elementor-column elementor-col-100 elementor-top-column elementor-element elementor-element-31961e4\" data-id=\"31961e4\" data-element_type=\"column\" data-e-type=\"column\">\n\t\t\t<div class=\"elementor-widget-wrap elementor-element-populated\">\n\t\t\t\t\t\t<div class=\"elementor-element elementor-element-9ff880d elementor-widget elementor-widget-image\" data-id=\"9ff880d\" data-element_type=\"widget\" data-e-type=\"widget\" data-widget_type=\"image.default\">\n\t\t\t\t<div class=\"elementor-widget-container\">\n\t\t\t\t\t\t\t\t\t\t\t\t\t\t\t<img decoding=\"async\" src=\"https:\/\/ensifer.pl\/wp-content\/uploads\/2024\/04\/FECHTER-_-SZKIC.svg\" title=\"FECHTER _ SZKIC\" alt=\"FECHTER _ SZKIC\" loading=\"lazy\" \/>\t\t\t\t\t\t\t\t\t\t\t\t\t\t\t<\/div>\n\t\t\t\t<\/div>\n\t\t\t\t\t<\/div>\n\t\t<\/div>\n\t\t\t\t\t<\/div>\n\t\t<\/section>\n\t\t\t\t<section class=\"elementor-section elementor-top-section elementor-element elementor-element-a11661e elementor-section-boxed elementor-section-height-default elementor-section-height-default\" data-id=\"a11661e\" data-element_type=\"section\" data-e-type=\"section\" data-settings=\"{&quot;jet_parallax_layout_list&quot;:[]}\">\n\t\t\t\t\t\t<div class=\"elementor-container elementor-column-gap-default\">\n\t\t\t\t\t<div class=\"elementor-column elementor-col-100 elementor-top-column elementor-element elementor-element-475f3bb\" data-id=\"475f3bb\" data-element_type=\"column\" data-e-type=\"column\">\n\t\t\t<div class=\"elementor-widget-wrap elementor-element-populated\">\n\t\t\t\t\t\t<div class=\"elementor-element elementor-element-346453a elementor-widget elementor-widget-text-editor\" data-id=\"346453a\" data-element_type=\"widget\" data-e-type=\"widget\" data-widget_type=\"text-editor.default\">\n\t\t\t\t<div class=\"elementor-widget-container\">\n\t\t\t\t\t\t\t\t\t<table style=\"width: 100.719%; border-collapse: collapse; background-color: #b1c0f0;\"><tbody><tr><td style=\"width: 100%;\"><p dir=\"auto\"><span style=\"color: #000000;\"><strong><span style=\"font-size: 14pt;\">*<\/span><\/strong> <strong>Ka\u017cda z naszych kling jest kilkakrotnie sprawdzana<\/strong> podczas produkcji, aby unikn\u0105\u0107 b\u0142\u0119d\u00f3w. Oferujemy roczn\u0105 gwarancj\u0119 na z\u0142amania, a nie na ka\u017cde wygi\u0119cie. Mo\u017cemy r\u00f3wnie\u017c wymieni\u0107 miecz, kt\u00f3ry wygi\u0105\u0142 si\u0119 przy pierwszym u\u017cyciu\/wsparciu (i robi\u0119 to bez problemu), ale po kilku miesi\u0105cach u\u017cytkowania i walki drobne wygi\u0119cia s\u0105 normalne, gdy si\u0142y bywaj\u0105 zbyt du\u017ce. Mo\u017cemy wyprostowa\u0107 ostrze w naszej  ku\u017ani, ale nie pokrywamy koszt\u00f3w wysy\u0142ki. Szczerze m\u00f3wi\u0105c, to kwestia minuty pracy i 80% szans na wyprostowanie jej stop\u0105  na pod\u0142odze. Prostowanie ostrzy jest powszechne i zdarza si\u0119 wielokrotnie podczas ka\u017cdego treningu sportowego w szermierce:<strong> <a style=\"color: #000000;\" href=\"https:\/\/academyoffencingmasters.com\/blog\/straighten-fencing-weapon-competition\/\" target=\"_blank\" rel=\"noopener\">Prostowanie g\u0142owni<\/a> <\/strong>jest powszechne na ka\u017cdym treningu szermierki sportowej.<\/span><\/p><p dir=\"auto\"><span style=\"color: #000000;\"><strong>*FLEX<\/strong> mierzymy sztywno\u015b\u0107 klingi w<strong> <a href=\"https:\/\/drive.google.com\/file\/d\/1ZqHZPer9iKXjfEnNndWuqI7qodM6jpO0\/view?fbclid=IwZXh0bgNhZW0CMTAAAR27qUwjJss6tb7f3pdBkIPY01NbSZsuBxrA83rPd_Ebfd9wvC81N2CbFBM_aem_Af65M5JJMzPIEvE1rPqvoR70sjEtQnu2dKkbKkpymOKyTrpVuW7samS96_WiuDg5EBqT9BS8Vth35xY9tS5YoUNZ\" target=\"_blank\" rel=\"noopener\">poprzez wyboczenie<\/a><\/strong> naciskaj\u0105c g\u0142owice miecza na wadze, opieraj\u0105c si\u0119 o <strong><a href=\"https:\/\/drive.google.com\/file\/d\/1Bc4jlAWHe1g6BRDoWBxCshNt2rZuMgzl\/view?fbclid=IwZXh0bgNhZW0CMTAAAR0dLnXXvhqQKt-hYLZn1zYfsd7zFOyx8bel6Lb9m7cWqtiqGqONdgpeSD0_aem_Af4FvW9I3nU50FxaTyDnbsFudyQU4bmKjzcqd87uOvCv5dRngj2J9AtOewCV_s2260YTAdqfjt0Khkq7Y4j829Fd\" target=\"_blank\" rel=\"noopener\">Regulamin Polskiej Federacji  DESW - FEDER<\/a><\/strong><\/span><\/p><p dir=\"auto\"><span style=\"color: #800000; font-size: 14pt;\"><strong>JAK UNIKA\u0106 WYGI\u0118CIA KLINGI<\/strong><\/span><\/p><p dir=\"auto\"><strong><span style=\"color: #800000;\">1. Naucz si\u0119 w\u0142a\u015bciwie osadza\u0107 kling\u0119 federa i wykorzystuj elastyczno\u015b\u0107 jej ostrza - podno\u015b r\u0119ce w g\u00f3rze podczas osadzania pchni\u0119cia.<\/span><\/strong><br \/><strong><span style=\"color: #800000;\">2. \u00a0Cut with proper edge alignment and avoid full force cuts to rigid targets &#8211; like Strong of partner blade\/crossguard &#8211; if he parries your Weak applying force to his Strong does not work for you, only destroys your blade.<\/span><\/strong><br \/><span style=\"color: #800000;\"><strong>3.\u00a0 Avoid charging to each other in sparring &#8211; it may easily \u00a0generate huge forces which can bend the blade<\/strong>.<\/span><\/p><div dir=\"auto\">\u00a0<\/div><\/td><\/tr><\/tbody><\/table>\t\t\t\t\t\t\t\t<\/div>\n\t\t\t\t<\/div>\n\t\t\t\t\t<\/div>\n\t\t<\/div>\n\t\t\t\t\t<\/div>\n\t\t<\/section>\n\t\t\t\t<section class=\"elementor-section elementor-top-section elementor-element elementor-element-c1f1269 elementor-section-boxed elementor-section-height-default elementor-section-height-default\" data-id=\"c1f1269\" data-element_type=\"section\" data-e-type=\"section\" data-settings=\"{&quot;jet_parallax_layout_list&quot;:[]}\">\n\t\t\t\t\t\t<div class=\"elementor-container elementor-column-gap-default\">\n\t\t\t\t\t<div class=\"elementor-column elementor-col-33 elementor-top-column elementor-element elementor-element-dfe3514\" data-id=\"dfe3514\" data-element_type=\"column\" data-e-type=\"column\">\n\t\t\t<div class=\"elementor-widget-wrap elementor-element-populated\">\n\t\t\t\t\t\t<div class=\"elementor-element elementor-element-5d51108 elementor-widget elementor-widget-video\" data-id=\"5d51108\" data-element_type=\"widget\" data-e-type=\"widget\" data-settings=\"{&quot;youtube_url&quot;:&quot;https:\\\/\\\/www.youtube.com\\\/watch?v=-oRM96vBak4&quot;,&quot;start&quot;:4,&quot;video_type&quot;:&quot;youtube&quot;,&quot;controls&quot;:&quot;yes&quot;}\" data-widget_type=\"video.default\">\n\t\t\t\t<div class=\"elementor-widget-container\">\n\t\t\t\t\t\t\t<div class=\"elementor-wrapper elementor-open-inline\">\n\t\t\t<div class=\"elementor-video\"><\/div>\t\t<\/div>\n\t\t\t\t\t\t<\/div>\n\t\t\t\t<\/div>\n\t\t\t\t\t<\/div>\n\t\t<\/div>\n\t\t\t\t<div class=\"elementor-column elementor-col-33 elementor-top-column elementor-element elementor-element-250b114\" data-id=\"250b114\" data-element_type=\"column\" data-e-type=\"column\">\n\t\t\t<div class=\"elementor-widget-wrap elementor-element-populated\">\n\t\t\t\t\t\t<div class=\"elementor-element elementor-element-f969dd0 elementor-widget elementor-widget-video\" data-id=\"f969dd0\" data-element_type=\"widget\" data-e-type=\"widget\" data-settings=\"{&quot;youtube_url&quot;:&quot;https:\\\/\\\/youtu.be\\\/39GTqsyVnrM?feature=shared&amp;t=163&quot;,&quot;start&quot;:162,&quot;end&quot;:180,&quot;video_type&quot;:&quot;youtube&quot;,&quot;controls&quot;:&quot;yes&quot;}\" data-widget_type=\"video.default\">\n\t\t\t\t<div class=\"elementor-widget-container\">\n\t\t\t\t\t\t\t<div class=\"elementor-wrapper elementor-open-inline\">\n\t\t\t<div class=\"elementor-video\"><\/div>\t\t<\/div>\n\t\t\t\t\t\t<\/div>\n\t\t\t\t<\/div>\n\t\t\t\t\t<\/div>\n\t\t<\/div>\n\t\t\t\t<div class=\"elementor-column elementor-col-33 elementor-top-column elementor-element elementor-element-f8d4784\" data-id=\"f8d4784\" data-element_type=\"column\" data-e-type=\"column\">\n\t\t\t<div class=\"elementor-widget-wrap elementor-element-populated\">\n\t\t\t\t\t\t<div class=\"elementor-element elementor-element-5f347ab elementor-widget elementor-widget-video\" data-id=\"5f347ab\" data-element_type=\"widget\" data-e-type=\"widget\" data-settings=\"{&quot;youtube_url&quot;:&quot;https:\\\/\\\/youtu.be\\\/dDuNOxKyfxs?feature=shared&amp;t=104&quot;,&quot;start&quot;:104,&quot;end&quot;:150,&quot;video_type&quot;:&quot;youtube&quot;,&quot;controls&quot;:&quot;yes&quot;}\" data-widget_type=\"video.default\">\n\t\t\t\t<div class=\"elementor-widget-container\">\n\t\t\t\t\t\t\t<div class=\"elementor-wrapper elementor-open-inline\">\n\t\t\t<div class=\"elementor-video\"><\/div>\t\t<\/div>\n\t\t\t\t\t\t<\/div>\n\t\t\t\t<\/div>\n\t\t\t\t\t<\/div>\n\t\t<\/div>\n\t\t\t\t\t<\/div>\n\t\t<\/section>\n\t\t\t\t<section class=\"elementor-section elementor-top-section elementor-element elementor-element-05e5fc4 elementor-section-boxed elementor-section-height-default elementor-section-height-default\" data-id=\"05e5fc4\" data-element_type=\"section\" data-e-type=\"section\" data-settings=\"{&quot;jet_parallax_layout_list&quot;:[]}\">\n\t\t\t\t\t\t<div class=\"elementor-container elementor-column-gap-default\">\n\t\t\t\t\t<div class=\"elementor-column elementor-col-33 elementor-top-column elementor-element elementor-element-ac41eda\" data-id=\"ac41eda\" data-element_type=\"column\" data-e-type=\"column\">\n\t\t\t<div class=\"elementor-widget-wrap elementor-element-populated\">\n\t\t\t\t\t\t<div class=\"elementor-element elementor-element-33fe053 elementor-widget elementor-widget-text-editor\" data-id=\"33fe053\" data-element_type=\"widget\" data-e-type=\"widget\" data-widget_type=\"text-editor.default\">\n\t\t\t\t<div class=\"elementor-widget-container\">\n\t\t\t\t\t\t\t\t\t<p><blockquote class=\"wp-embedded-content\" data-secret=\"7XwxChlDFB\"><a href=\"https:\/\/swordstem.com\/2021\/11\/01\/is-a-sword-with-a-set-safer\/\" target=\"_blank\" rel=\"noopener\">Is A Sword With A Set Safer?<\/a><\/blockquote><iframe class=\"wp-embedded-content\" sandbox=\"allow-scripts\" security=\"restricted\" style=\"position: absolute; visibility: hidden;\" title=\"&#8220;Is A Sword With A Set Safer?&#8221; &#8212; Sword STEM\" src=\"https:\/\/swordstem.com\/2021\/11\/01\/is-a-sword-with-a-set-safer\/embed\/#?secret=aNTUV5qVkV#?secret=7XwxChlDFB\" data-secret=\"7XwxChlDFB\" width=\"600\" height=\"338\" frameborder=\"0\" marginwidth=\"0\" marginheight=\"0\" scrolling=\"no\"><\/iframe><\/p>\t\t\t\t\t\t\t\t<\/div>\n\t\t\t\t<\/div>\n\t\t\t\t\t<\/div>\n\t\t<\/div>\n\t\t\t\t<div class=\"elementor-column elementor-col-33 elementor-top-column elementor-element elementor-element-b46c465\" data-id=\"b46c465\" data-element_type=\"column\" data-e-type=\"column\">\n\t\t\t<div class=\"elementor-widget-wrap elementor-element-populated\">\n\t\t\t\t\t\t<div class=\"elementor-element elementor-element-dc2ac8b elementor-widget elementor-widget-text-editor\" data-id=\"dc2ac8b\" data-element_type=\"widget\" data-e-type=\"widget\" data-widget_type=\"text-editor.default\">\n\t\t\t\t<div class=\"elementor-widget-container\">\n\t\t\t\t\t\t\t\t\t<p><blockquote class=\"wp-embedded-content\" data-secret=\"eYoz3vUCkQ\"><a href=\"https:\/\/swordstem.com\/2020\/12\/22\/difficulties-with-sca-flex-test-and-buckling-test-for-measuring-blade-stiffness\/\" target=\"_blank\" rel=\"noopener\">Difficulties with SCA Flex Test and Buckling Test for Measuring Blade Stiffness<\/a><\/blockquote><iframe class=\"wp-embedded-content\" sandbox=\"allow-scripts\" security=\"restricted\" style=\"position: absolute; visibility: hidden;\" title=\"&#8220;Difficulties with SCA Flex Test and Buckling Test for Measuring Blade Stiffness&#8221; &#8212; Sword STEM\" src=\"https:\/\/swordstem.com\/2020\/12\/22\/difficulties-with-sca-flex-test-and-buckling-test-for-measuring-blade-stiffness\/embed\/#?secret=5ggckrFuB8#?secret=eYoz3vUCkQ\" data-secret=\"eYoz3vUCkQ\" width=\"600\" height=\"338\" frameborder=\"0\" marginwidth=\"0\" marginheight=\"0\" scrolling=\"no\"><\/iframe><\/p>\t\t\t\t\t\t\t\t<\/div>\n\t\t\t\t<\/div>\n\t\t\t\t\t<\/div>\n\t\t<\/div>\n\t\t\t\t<div class=\"elementor-column elementor-col-33 elementor-top-column elementor-element elementor-element-988cf7e\" data-id=\"988cf7e\" data-element_type=\"column\" data-e-type=\"column\">\n\t\t\t<div class=\"elementor-widget-wrap elementor-element-populated\">\n\t\t\t\t\t\t<div class=\"elementor-element elementor-element-40f98e0 elementor-widget elementor-widget-text-editor\" data-id=\"40f98e0\" data-element_type=\"widget\" data-e-type=\"widget\" data-widget_type=\"text-editor.default\">\n\t\t\t\t<div class=\"elementor-widget-container\">\n\t\t\t\t\t\t\t\t\t<p><blockquote class=\"wp-embedded-content\" data-secret=\"DRcCCREArw\"><a href=\"https:\/\/swordstem.com\/2021\/12\/26\/wtf-does-presence-in-the-bind-even-mean\/\" target=\"_blank\" rel=\"noopener\">WTF Does \u201cPresence In The Bind\u201d Even Mean<\/a><\/blockquote><iframe class=\"wp-embedded-content\" sandbox=\"allow-scripts\" security=\"restricted\" style=\"position: absolute; visibility: hidden;\" title=\"&#8220;WTF Does \u201cPresence In The Bind\u201d Even Mean&#8221; &#8212; Sword STEM\" src=\"https:\/\/swordstem.com\/2021\/12\/26\/wtf-does-presence-in-the-bind-even-mean\/embed\/#?secret=6wZcTFzmfc#?secret=DRcCCREArw\" data-secret=\"DRcCCREArw\" width=\"600\" height=\"338\" frameborder=\"0\" marginwidth=\"0\" marginheight=\"0\" scrolling=\"no\"><\/iframe><\/p>\t\t\t\t\t\t\t\t<\/div>\n\t\t\t\t<\/div>\n\t\t\t\t\t<\/div>\n\t\t<\/div>\n\t\t\t\t\t<\/div>\n\t\t<\/section>\n\t\t\t\t<section class=\"elementor-section elementor-top-section elementor-element elementor-element-463e976 elementor-section-boxed elementor-section-height-default elementor-section-height-default\" data-id=\"463e976\" data-element_type=\"section\" data-e-type=\"section\" data-settings=\"{&quot;jet_parallax_layout_list&quot;:[]}\">\n\t\t\t\t\t\t<div class=\"elementor-container elementor-column-gap-default\">\n\t\t\t\t\t<div class=\"elementor-column elementor-col-33 elementor-top-column elementor-element elementor-element-ad2f50b\" data-id=\"ad2f50b\" data-element_type=\"column\" data-e-type=\"column\">\n\t\t\t<div class=\"elementor-widget-wrap elementor-element-populated\">\n\t\t\t\t\t\t<div class=\"elementor-element elementor-element-2e2edb8 elementor-widget elementor-widget-text-editor\" data-id=\"2e2edb8\" data-element_type=\"widget\" data-e-type=\"widget\" data-widget_type=\"text-editor.default\">\n\t\t\t\t<div class=\"elementor-widget-container\">\n\t\t\t\t\t\t\t\t\t<p><blockquote class=\"wp-embedded-content\" data-secret=\"Ejz1PW5fuT\"><a href=\"https:\/\/blog.subcaelo.net\/ensis\/documenting-dynamics-of-swords\/\" target=\"_blank\" rel=\"noopener\">Documenting the dynamics of swords<\/a><\/blockquote><iframe class=\"wp-embedded-content\" sandbox=\"allow-scripts\" security=\"restricted\" style=\"position: absolute; visibility: hidden;\" title=\"&#8220;Documenting the dynamics of swords&#8221; &#8212; Ensis Sub Caelo\" src=\"https:\/\/blog.subcaelo.net\/ensis\/documenting-dynamics-of-swords\/embed\/#?secret=XHNY0YbTXR#?secret=Ejz1PW5fuT\" data-secret=\"Ejz1PW5fuT\" width=\"600\" height=\"338\" frameborder=\"0\" marginwidth=\"0\" marginheight=\"0\" scrolling=\"no\"><\/iframe><\/p>\t\t\t\t\t\t\t\t<\/div>\n\t\t\t\t<\/div>\n\t\t\t\t\t<\/div>\n\t\t<\/div>\n\t\t\t\t<div class=\"elementor-column elementor-col-33 elementor-top-column elementor-element elementor-element-7da823f\" data-id=\"7da823f\" data-element_type=\"column\" data-e-type=\"column\">\n\t\t\t<div class=\"elementor-widget-wrap elementor-element-populated\">\n\t\t\t\t\t\t<div class=\"elementor-element elementor-element-85c8ffa elementor-widget elementor-widget-text-editor\" data-id=\"85c8ffa\" data-element_type=\"widget\" data-e-type=\"widget\" data-widget_type=\"text-editor.default\">\n\t\t\t\t<div class=\"elementor-widget-container\">\n\t\t\t\t\t\t\t\t\t<p><blockquote class=\"wp-embedded-content\" data-secret=\"lmI5O1sJYt\"><a href=\"https:\/\/blog.subcaelo.net\/ensis\/training-sharps-present-past\/\" target=\"_blank\" rel=\"noopener\">Training with sharps, present and past<\/a><\/blockquote><iframe class=\"wp-embedded-content\" sandbox=\"allow-scripts\" security=\"restricted\" style=\"position: absolute; visibility: hidden;\" title=\"&#8220;Training with sharps, present and past&#8221; &#8212; Ensis Sub Caelo\" src=\"https:\/\/blog.subcaelo.net\/ensis\/training-sharps-present-past\/embed\/#?secret=tClgxXHOnL#?secret=lmI5O1sJYt\" data-secret=\"lmI5O1sJYt\" width=\"600\" height=\"338\" frameborder=\"0\" marginwidth=\"0\" marginheight=\"0\" scrolling=\"no\"><\/iframe><\/p>\t\t\t\t\t\t\t\t<\/div>\n\t\t\t\t<\/div>\n\t\t\t\t\t<\/div>\n\t\t<\/div>\n\t\t\t\t<div class=\"elementor-column elementor-col-33 elementor-top-column elementor-element elementor-element-9c63e8c\" data-id=\"9c63e8c\" data-element_type=\"column\" data-e-type=\"column\">\n\t\t\t<div class=\"elementor-widget-wrap elementor-element-populated\">\n\t\t\t\t\t\t<div class=\"elementor-element elementor-element-d87f658 elementor-widget elementor-widget-text-editor\" data-id=\"d87f658\" data-element_type=\"widget\" data-e-type=\"widget\" data-widget_type=\"text-editor.default\">\n\t\t\t\t<div class=\"elementor-widget-container\">\n\t\t\t\t\t\t\t\t\t<p><blockquote class=\"wp-embedded-content\" data-secret=\"vbRLOIb1el\"><a href=\"https:\/\/blog.subcaelo.net\/ensis\/review-analysis-vibrational-characteristics-training-longsword\/\" target=\"_blank\" rel=\"noopener\">Review: Analysis of the Vibrational Characteristics of a Training Longsword<\/a><\/blockquote><iframe class=\"wp-embedded-content\" sandbox=\"allow-scripts\" security=\"restricted\" style=\"position: absolute; visibility: hidden;\" title=\"&#8220;Review: Analysis of the Vibrational Characteristics of a Training Longsword&#8221; &#8212; Ensis Sub Caelo\" src=\"https:\/\/blog.subcaelo.net\/ensis\/review-analysis-vibrational-characteristics-training-longsword\/embed\/#?secret=oOtbU5RgoS#?secret=vbRLOIb1el\" data-secret=\"vbRLOIb1el\" width=\"600\" height=\"338\" frameborder=\"0\" marginwidth=\"0\" marginheight=\"0\" scrolling=\"no\"><\/iframe><\/p>\t\t\t\t\t\t\t\t<\/div>\n\t\t\t\t<\/div>\n\t\t\t\t\t<\/div>\n\t\t<\/div>\n\t\t\t\t\t<\/div>\n\t\t<\/section>\n\t\t\t\t<\/div>","protected":false},"excerpt":{"rendered":"<p>Fechter to najnowsza  (2024) wersja federa inspirowana rycinami Meyera i Maira. To podstawa wersja z p\u0142asko szlifowan\u0105 kling\u0105 \u2013 nie tylko lekka, ale i wyj\u0105tkowo solidna.<\/p>\n<table style=\"width: 100%; border-collapse: collapse; background-color: #2e2d2d;\">\n<tbody>\n<tr>\n<td style=\"width: 50%;\"><span style=\"color: #ffffff;\"><strong>FECHTER<\/strong><\/span><\/p>\n<p class=\"translation-block\"><span style=\"color: #ffffff\">D\u0142ugo\u015b\u0107: 125 cm<\/span><br>\n<span style=\"color: #ffffff\">D\u0142ugo\u015b\u0107 klingi: 95 cm<\/span><br>\n<span style=\"color: #ffffff\">Waga:\u00a0 ~ 1470 g<\/span><br>\n<span style=\"color: #ffffff\">Flex ~ 14 kg<\/span><br>\n<span style=\"color: #ffffff\">PoB ~ 6.5\u00a0 cm<\/span><br>\n<span style=\"color: #ffffff\">CoP ~\u00a0 55 cm<\/span><br>\n<span style=\"color: #ffffff\">FPP ~ 75 cm<\/span><br>\n<span style=\"color: #ffffff\">Twardo\u015b\u0107 klingi ~ 50 HRC<\/span><\/td>\n<td style=\"width: 50%;\"><\/td>\n<\/tr>\n<\/tbody>\n<\/table>\n<p>&nbsp;<\/p>","protected":false},"featured_media":6068,"comment_status":"open","ping_status":"closed","template":"","meta":{"_acf_changed":false,"_kad_blocks_custom_css":"","_kad_blocks_head_custom_js":"","_kad_blocks_body_custom_js":"","_kad_blocks_footer_custom_js":"","_kad_post_transparent":"default","_kad_post_title":"","_kad_post_layout":"default","_kad_post_sidebar_id":"","_kad_post_content_style":"default","_kad_post_vertical_padding":"default","_kad_post_feature":"","_kad_post_feature_position":"","_kad_post_header":false,"_kad_post_footer":false,"_kad_post_classname":""},"product_brand":[],"product_cat":[24],"product_tag":[],"class_list":{"0":"post-6053","1":"product","2":"type-product","3":"status-publish","4":"has-post-thumbnail","6":"product_cat-feders","8":"first","9":"onbackorder","10":"taxable","11":"shipping-taxable","12":"purchasable","13":"product-type-simple","14":"entry","15":"content-bg","16":"loop-entry"},"acf":[],"taxonomy_info":{"product_cat":[{"value":24,"label":"FEDERS"}]},"featured_image_src_large":["https:\/\/ensifer.pl\/wp-content\/uploads\/2024\/04\/FECHTER-2-1024x576.jpg",1024,576,true],"author_info":[],"comment_info":1,"_links":{"self":[{"href":"https:\/\/ensifer.pl\/pl\/wp-json\/wp\/v2\/product\/6053","targetHints":{"allow":["GET"]}}],"collection":[{"href":"https:\/\/ensifer.pl\/pl\/wp-json\/wp\/v2\/product"}],"about":[{"href":"https:\/\/ensifer.pl\/pl\/wp-json\/wp\/v2\/types\/product"}],"replies":[{"embeddable":true,"href":"https:\/\/ensifer.pl\/pl\/wp-json\/wp\/v2\/comments?post=6053"}],"version-history":[{"count":12,"href":"https:\/\/ensifer.pl\/pl\/wp-json\/wp\/v2\/product\/6053\/revisions"}],"predecessor-version":[{"id":6549,"href":"https:\/\/ensifer.pl\/pl\/wp-json\/wp\/v2\/product\/6053\/revisions\/6549"}],"wp:featuredmedia":[{"embeddable":true,"href":"https:\/\/ensifer.pl\/pl\/wp-json\/wp\/v2\/media\/6068"}],"wp:attachment":[{"href":"https:\/\/ensifer.pl\/pl\/wp-json\/wp\/v2\/media?parent=6053"}],"wp:term":[{"taxonomy":"product_brand","embeddable":true,"href":"https:\/\/ensifer.pl\/pl\/wp-json\/wp\/v2\/product_brand?post=6053"},{"taxonomy":"product_cat","embeddable":true,"href":"https:\/\/ensifer.pl\/pl\/wp-json\/wp\/v2\/product_cat?post=6053"},{"taxonomy":"product_tag","embeddable":true,"href":"https:\/\/ensifer.pl\/pl\/wp-json\/wp\/v2\/product_tag?post=6053"}],"curies":[{"name":"wp","href":"https:\/\/api.w.org\/{rel}","templated":true}]}}