{"id":6941,"date":"2024-07-04T18:35:26","date_gmt":"2024-07-04T16:35:26","guid":{"rendered":"https:\/\/ensifer.pl\/?post_type=product&#038;p=6941"},"modified":"2026-03-08T10:47:05","modified_gmt":"2026-03-08T09:47:05","slug":"25-10-pieces","status":"publish","type":"product","link":"https:\/\/ensifer.pl\/pl\/produkt\/25-10-pieces\/","title":{"rendered":"20% Discount on 10+ Items"},"content":{"rendered":"<ul>\n<li>Rok gwarancji na z\u0142amanie klingi<\/li>\n<li>Lekka i elastyczna klinga, o wkl\u0119s\u0142ym szlifie i strudzinach na rikassie.<\/li>\n<li>Wyj\u0105tkowo wytrzyma\u0142a, zaokr\u0105glona krawed\u017a - od 6 do 4mm grubo\u015bci, twardo\u015b\u0107 50 HRC<\/li>\n<li>Historyczne punkty obrotu - Przedni Punkt Obrotu 93 cm od jelca.<\/li>\n<li>Wytrzyma\u0142y i  estetycznie wykonany jelec o twardo\u015bci 45 HRC<\/li>\n<li>Podw\u00f3jnie zakuwany jelec  chroni\u0105cy przed luzowaniem<\/li>\n<li>Bezpieczne ko\u0144c\u00f3wki jelca<\/li>\n<li>Podstawowa r\u0119koje\u015b\u0107 z wytrzyma\u0142ym oplotem, wzmocnionym \u017cywic\u0105<\/li>\n<li>Pe\u0142ny, zaokr\u0105glony i bezpieczny sztych<\/li>\n<li>Zakuta na gor\u0105ca stalowa g\u0142owica<\/li>\n<\/ul>\n<table style=\"width: 100.719%; border-collapse: collapse; background-color: #b1c0f0;\">\n<tbody>\n<tr>\n<td style=\"width: 100%;\">\n<p dir=\"auto\"><strong>*<\/strong> Every our blade are checked few times during production to avoid mistakes. We give 1 year warranty for breakage not every bend. We can also replace sword which bend on first use\/sparring (and I do that without a problem) but after few months of using and sparring minor \u00a0bendings are normal thing when forces are to big.\u00a0 We can make it straight in our workshop, but we do not cover shiping cost. Frankly it is a minute of work and 80 % chances to finish it with foot and floor. Straightening the blades are common on every sport fencing training:<\/p>\n<p dir=\"auto\"><span style=\"color: #0000ff;\"><a style=\"color: #0000ff;\" href=\"https:\/\/academyoffencingmasters.com\/blog\/straighten-fencing-weapon-competition\/\" target=\"_blank\" rel=\"noopener\" data-saferedirecturl=\"https:\/\/www.google.com\/url?q=https:\/\/academyoffencingmasters.com\/blog\/straighten-fencing-weapon-competition\/&amp;source=gmail&amp;ust=1685434598101000&amp;usg=AOvVaw0P3NB04ok3E2E9tQ5J9S5D\">https:\/\/<wbr \/>academyoffencingmasters.com\/<wbr \/>blog\/straighten-fencing-<wbr \/>weapon-competition\/<\/a><\/span><\/p>\n<p><a href=\"https:\/\/swordstem.com\/2022\/10\/17\/sword-flex\/\" target=\"_blank\" rel=\"noopener\">https:\/\/swordstem.com\/2022\/10\/17\/sword-flex\/<\/a><\/p>\n<p dir=\"auto\">1. Naucz si\u0119 w\u0142a\u015bciwie osadza\u0107 kling\u0119 federa i wykorzystuj elastyczno\u015b\u0107 jej ostrza - podno\u015b r\u0119ce w g\u00f3rze podczas osadzania pchni\u0119cia.<br \/>\n2. Tnij z w\u0142a\u015bciwym ustawieniem kraw\u0119dzi i unikaj bardzo mocnych r\u0105bni\u0119\u0107 w sztywne cele - takie jak jelec czy silna cz\u0119\u015b\u0107 klingi przeciwnika- stosowanie si\u0142y dzia\u0142a na Twoj\u0105 niekorzy\u015b\u0107 i niepotrzebnie nadwyr\u0119\u017ca g\u0142ownie.<br \/>\n3. Unikaj szar\u017cowania na siebie podczas walki - mo\u017ce to \u0142atwo wygenerowa\u0107 ogromne si\u0142y, kt\u00f3re mog\u0105 wygi\u0105\u0107 ostrze.<\/p>\n<div dir=\"auto\"><\/div>\n<\/td>\n<\/tr>\n<\/tbody>\n<\/table>\n<p>&nbsp;<\/p>\n<p><img fetchpriority=\"high\" decoding=\"async\" class=\"wp-image-536 aligncenter\" style=\"font-weight: inherit;\" src=\"https:\/\/ensifer.pl\/wp-content\/uploads\/2020\/09\/FEDER_SZKIC_4.png\" alt=\"\" width=\"1774\" height=\"476\" srcset=\"https:\/\/ensifer.pl\/wp-content\/uploads\/2020\/09\/FEDER_SZKIC_4.png 1877w, https:\/\/ensifer.pl\/wp-content\/uploads\/2020\/09\/FEDER_SZKIC_4-800x214.png 800w, https:\/\/ensifer.pl\/wp-content\/uploads\/2020\/09\/FEDER_SZKIC_4-768x205.png 768w, https:\/\/ensifer.pl\/wp-content\/uploads\/2020\/09\/FEDER_SZKIC_4-600x160.png 600w\" sizes=\"(max-width: 1774px) 100vw, 1774px\" \/><img decoding=\"async\" class=\"wp-image-535 size-full aligncenter\" src=\"https:\/\/ensifer.pl\/wp-content\/uploads\/2020\/09\/FEDER_SZKIC_3.png\" alt=\"\" width=\"1843\" height=\"512\" srcset=\"https:\/\/ensifer.pl\/wp-content\/uploads\/2020\/09\/FEDER_SZKIC_3.png 1843w, https:\/\/ensifer.pl\/wp-content\/uploads\/2020\/09\/FEDER_SZKIC_3-800x222.png 800w, https:\/\/ensifer.pl\/wp-content\/uploads\/2020\/09\/FEDER_SZKIC_3-768x213.png 768w, https:\/\/ensifer.pl\/wp-content\/uploads\/2020\/09\/FEDER_SZKIC_3-600x166.png 600w\" sizes=\"(max-width: 1843px) 100vw, 1843px\" \/><\/p>\n<p>&nbsp;<\/p>\n<p>&nbsp;<\/p>\n<p>&nbsp;<\/p>\n<p>&nbsp;<\/p>\n<p>&nbsp;<\/p>\n<p>&nbsp;<\/p>","protected":false},"excerpt":{"rendered":"<p>Take advantage of our special offer! Purchase 10 or more items and enjoy a 20% discount on your order. Whether you&#8217;re stocking up for an event or simply treating yourself, now is the perfect time to save. Explore our wide selection and start saving today!<\/p>\n<p>Contact us at <a href=\"mailto:ensifer79@gmail.com\">ensifer79@gmail.com<\/a> to receive your unique promotional code. Simply mention this offer and we&#8217;ll provide you with the code to apply at checkout. Don&#8217;t miss out \u2013 shop now and enjoy the benefits of buying in bulk with substantial savings!<\/p>","protected":false},"featured_media":4730,"comment_status":"open","ping_status":"closed","template":"","meta":{"_acf_changed":false,"_kad_blocks_custom_css":"","_kad_blocks_head_custom_js":"","_kad_blocks_body_custom_js":"","_kad_blocks_footer_custom_js":"","_kad_post_transparent":"default","_kad_post_title":"","_kad_post_layout":"default","_kad_post_sidebar_id":"","_kad_post_content_style":"default","_kad_post_vertical_padding":"default","_kad_post_feature":"","_kad_post_feature_position":"","_kad_post_header":false,"_kad_post_footer":false,"_kad_post_classname":""},"product_brand":[],"product_cat":[79],"product_tag":[],"class_list":{"0":"post-6941","1":"product","2":"type-product","3":"status-publish","4":"has-post-thumbnail","6":"product_cat-batch-orders","7":"pa_color-black","8":"pa_color-blue","9":"pa_color-green","10":"pa_color-red","11":"pa_length-22","12":"pa_length-23","14":"first","15":"instock","16":"taxable","17":"shipping-taxable","18":"product-type-simple","19":"entry","20":"content-bg","21":"loop-entry"},"acf":[],"taxonomy_info":{"product_cat":[{"value":79,"label":"BATCH ORDERS"}],"pa_color":[{"value":16,"label":"Black"},{"value":17,"label":"Dark Blue"},{"value":18,"label":"Dark Green"},{"value":19,"label":"Dark Red"}],"pa_length":[{"value":22,"label":"125"},{"value":23,"label":"133"}]},"featured_image_src_large":["https:\/\/ensifer.pl\/wp-content\/uploads\/2023\/11\/Freifechtery-3-1024x575.jpg",1024,575,true],"author_info":[],"comment_info":0,"_links":{"self":[{"href":"https:\/\/ensifer.pl\/pl\/wp-json\/wp\/v2\/product\/6941","targetHints":{"allow":["GET"]}}],"collection":[{"href":"https:\/\/ensifer.pl\/pl\/wp-json\/wp\/v2\/product"}],"about":[{"href":"https:\/\/ensifer.pl\/pl\/wp-json\/wp\/v2\/types\/product"}],"replies":[{"embeddable":true,"href":"https:\/\/ensifer.pl\/pl\/wp-json\/wp\/v2\/comments?post=6941"}],"version-history":[{"count":8,"href":"https:\/\/ensifer.pl\/pl\/wp-json\/wp\/v2\/product\/6941\/revisions"}],"predecessor-version":[{"id":6954,"href":"https:\/\/ensifer.pl\/pl\/wp-json\/wp\/v2\/product\/6941\/revisions\/6954"}],"wp:featuredmedia":[{"embeddable":true,"href":"https:\/\/ensifer.pl\/pl\/wp-json\/wp\/v2\/media\/4730"}],"wp:attachment":[{"href":"https:\/\/ensifer.pl\/pl\/wp-json\/wp\/v2\/media?parent=6941"}],"wp:term":[{"taxonomy":"product_brand","embeddable":true,"href":"https:\/\/ensifer.pl\/pl\/wp-json\/wp\/v2\/product_brand?post=6941"},{"taxonomy":"product_cat","embeddable":true,"href":"https:\/\/ensifer.pl\/pl\/wp-json\/wp\/v2\/product_cat?post=6941"},{"taxonomy":"product_tag","embeddable":true,"href":"https:\/\/ensifer.pl\/pl\/wp-json\/wp\/v2\/product_tag?post=6941"}],"curies":[{"name":"wp","href":"https:\/\/api.w.org\/{rel}","templated":true}]}}