{"id":7115,"date":"2024-07-22T23:18:46","date_gmt":"2024-07-22T21:18:46","guid":{"rendered":"https:\/\/ensifer.pl\/?post_type=product&#038;p=7115"},"modified":"2026-03-08T12:42:54","modified_gmt":"2026-03-08T11:42:54","slug":"bauernwehr","status":"publish","type":"product","link":"https:\/\/ensifer.pl\/pl\/produkt\/bauernwehr\/","title":{"rendered":"BAUERNWEHR"},"content":{"rendered":"<div data-elementor-type=\"product-post\" data-elementor-id=\"7115\" class=\"elementor elementor-7115\" data-elementor-post-type=\"product\">\n\t\t\t\t\t\t<section class=\"elementor-section elementor-top-section elementor-element elementor-element-1aef1403 elementor-section-boxed elementor-section-height-default elementor-section-height-default\" data-id=\"1aef1403\" data-element_type=\"section\" data-e-type=\"section\" data-settings=\"{&quot;jet_parallax_layout_list&quot;:[]}\">\n\t\t\t\t\t\t<div class=\"elementor-container elementor-column-gap-default\">\n\t\t\t\t\t<div class=\"elementor-column elementor-col-100 elementor-top-column elementor-element elementor-element-26b63c1f\" data-id=\"26b63c1f\" data-element_type=\"column\" data-e-type=\"column\">\n\t\t\t<div class=\"elementor-widget-wrap elementor-element-populated\">\n\t\t\t\t\t\t<div class=\"elementor-element elementor-element-6d031252 elementor-widget elementor-widget-text-editor\" data-id=\"6d031252\" data-element_type=\"widget\" data-e-type=\"widget\" data-widget_type=\"text-editor.default\">\n\t\t\t\t<div class=\"elementor-widget-container\">\n\t\t\t\t\t\t\t\t\t<ul>\r\n \t<li>100% hand forged custom Bauerwehr<\/li>\r\n \t<li>\u00a0Hollow grinded blade with ~ 55HRC hardness<\/li>\r\n \t<li>0,8 -1.5 mm\u00a0 edge\u00a0 &#8211; ready to be sharpened<\/li>\r\n \t<li>Very durable, hardened and peened Nagel<\/li>\r\n<\/ul>\r\n&nbsp;\r\n\r\n&nbsp;\t\t\t\t\t\t\t\t<\/div>\n\t\t\t\t<\/div>\n\t\t\t\t\t<\/div>\n\t\t<\/div>\n\t\t\t\t\t<\/div>\n\t\t<\/section>\n\t\t\t\t<section class=\"elementor-section elementor-top-section elementor-element elementor-element-feb7907 elementor-section-boxed elementor-section-height-default elementor-section-height-default\" data-id=\"feb7907\" data-element_type=\"section\" data-e-type=\"section\" data-settings=\"{&quot;jet_parallax_layout_list&quot;:[]}\">\n\t\t\t\t\t\t<div class=\"elementor-container elementor-column-gap-default\">\n\t\t\t\t\t<div class=\"elementor-column elementor-col-33 elementor-top-column elementor-element elementor-element-2bab688\" data-id=\"2bab688\" data-element_type=\"column\" data-e-type=\"column\">\n\t\t\t<div class=\"elementor-widget-wrap\">\n\t\t\t\t\t\t\t<\/div>\n\t\t<\/div>\n\t\t\t\t<div class=\"elementor-column elementor-col-33 elementor-top-column elementor-element elementor-element-ec4eae8\" data-id=\"ec4eae8\" data-element_type=\"column\" data-e-type=\"column\">\n\t\t\t<div class=\"elementor-widget-wrap elementor-element-populated\">\n\t\t\t\t\t\t<div class=\"elementor-element elementor-element-025ac89 elementor-widget elementor-widget-video\" data-id=\"025ac89\" data-element_type=\"widget\" data-e-type=\"widget\" data-settings=\"{&quot;youtube_url&quot;:&quot;https:\\\/\\\/www.youtube.com\\\/shorts\\\/pyNeLn1DFWg&quot;,&quot;video_type&quot;:&quot;youtube&quot;,&quot;controls&quot;:&quot;yes&quot;}\" data-widget_type=\"video.default\">\n\t\t\t\t<div class=\"elementor-widget-container\">\n\t\t\t\t\t\t\t<div class=\"elementor-wrapper elementor-open-inline\">\n\t\t\t<div class=\"elementor-video\"><\/div>\t\t<\/div>\n\t\t\t\t\t\t<\/div>\n\t\t\t\t<\/div>\n\t\t\t\t\t<\/div>\n\t\t<\/div>\n\t\t\t\t<div class=\"elementor-column elementor-col-33 elementor-top-column elementor-element elementor-element-5771928\" data-id=\"5771928\" data-element_type=\"column\" data-e-type=\"column\">\n\t\t\t<div class=\"elementor-widget-wrap\">\n\t\t\t\t\t\t\t<\/div>\n\t\t<\/div>\n\t\t\t\t\t<\/div>\n\t\t<\/section>\n\t\t\t\t<\/div>","protected":false},"excerpt":{"rendered":"<p>Bauerwehr, znany r\u00f3wnie\u017c jako Rugger, to historyczna europejska bro\u0144 pochodz\u0105ca z p\u00f3\u017anego \u015bredniowiecza i renesansu. By\u0142 u\u017cywany g\u0142\u00f3wnie przez ch\u0142op\u00f3w i ludzi z ni\u017cszych warstw spo\u0142ecznych, charakteryzuj\u0105c si\u0119 jednosiecznym ostrzem o d\u0142ugo\u015bci zazwyczaj od 30 do 60 cm. Znany ze swojej praktyczno\u015bci, Bauerwehr mia\u0142 szerokie, p\u0142askie ostrze odpowiednie do ci\u0119cia i r\u0105bania, a tak\u017ce charakterystyczn\u0105 os\u0142on\u0119 \"Nagel\" dla ochrony d\u0142oni. S\u0142u\u017cy\u0142 zar\u00f3wno jako bro\u0144, jak i narz\u0119dzie do codziennych zada\u0144. Jego prosta, solidna forma sprawia\u0142a, \u017ce by\u0142a przyst\u0119pny cenowo i skuteczny w samoobronie.<\/p>\n<table style=\"border-collapse: collapse; width: 100%;\">\n<tbody>\n<tr>\n<td style=\"width: 100%;\">Overal Lenght \u2013 36- 40 cm,<br \/>\nBlade Lenght-\u00a0 26 &#8211;\u00a0 30 cm,<br \/>\nWeight ~ 380g,<br \/>\nGrubo\u015b\u0107 bazowa klingi \u2013 6,5mm<br \/>\nSzeroko\u015b\u0107 bazowa klingi \u2013 39 mm<\/td>\n<\/tr>\n<\/tbody>\n<\/table>","protected":false},"featured_media":7109,"comment_status":"open","ping_status":"closed","template":"","meta":{"_acf_changed":false,"_kad_blocks_custom_css":"","_kad_blocks_head_custom_js":"","_kad_blocks_body_custom_js":"","_kad_blocks_footer_custom_js":"","_kad_post_transparent":"default","_kad_post_title":"","_kad_post_layout":"default","_kad_post_sidebar_id":"","_kad_post_content_style":"default","_kad_post_vertical_padding":"default","_kad_post_feature":"","_kad_post_feature_position":"","_kad_post_header":false,"_kad_post_footer":false,"_kad_post_classname":""},"product_brand":[],"product_cat":[25],"product_tag":[],"class_list":{"0":"post-7115","1":"product","2":"type-product","3":"status-publish","4":"has-post-thumbnail","6":"product_cat-messer","8":"first","9":"onbackorder","10":"taxable","11":"shipping-taxable","12":"purchasable","13":"product-type-variable","14":"entry","15":"content-bg","16":"loop-entry"},"acf":[],"taxonomy_info":{"product_cat":[{"value":25,"label":"MESSER"}]},"featured_image_src_large":["https:\/\/ensifer.pl\/wp-content\/uploads\/2024\/07\/Rugger-5-1024x576.jpg",1024,576,true],"author_info":[],"comment_info":0,"_links":{"self":[{"href":"https:\/\/ensifer.pl\/pl\/wp-json\/wp\/v2\/product\/7115","targetHints":{"allow":["GET"]}}],"collection":[{"href":"https:\/\/ensifer.pl\/pl\/wp-json\/wp\/v2\/product"}],"about":[{"href":"https:\/\/ensifer.pl\/pl\/wp-json\/wp\/v2\/types\/product"}],"replies":[{"embeddable":true,"href":"https:\/\/ensifer.pl\/pl\/wp-json\/wp\/v2\/comments?post=7115"}],"version-history":[{"count":16,"href":"https:\/\/ensifer.pl\/pl\/wp-json\/wp\/v2\/product\/7115\/revisions"}],"predecessor-version":[{"id":9668,"href":"https:\/\/ensifer.pl\/pl\/wp-json\/wp\/v2\/product\/7115\/revisions\/9668"}],"wp:featuredmedia":[{"embeddable":true,"href":"https:\/\/ensifer.pl\/pl\/wp-json\/wp\/v2\/media\/7109"}],"wp:attachment":[{"href":"https:\/\/ensifer.pl\/pl\/wp-json\/wp\/v2\/media?parent=7115"}],"wp:term":[{"taxonomy":"product_brand","embeddable":true,"href":"https:\/\/ensifer.pl\/pl\/wp-json\/wp\/v2\/product_brand?post=7115"},{"taxonomy":"product_cat","embeddable":true,"href":"https:\/\/ensifer.pl\/pl\/wp-json\/wp\/v2\/product_cat?post=7115"},{"taxonomy":"product_tag","embeddable":true,"href":"https:\/\/ensifer.pl\/pl\/wp-json\/wp\/v2\/product_tag?post=7115"}],"curies":[{"name":"wp","href":"https:\/\/api.w.org\/{rel}","templated":true}]}}