{"id":9106,"date":"2025-06-18T21:49:12","date_gmt":"2025-06-18T19:49:12","guid":{"rendered":"https:\/\/ensifer.pl\/?post_type=product&#038;p=9106"},"modified":"2026-03-15T16:59:57","modified_gmt":"2026-03-15T15:59:57","slug":"harcownik","status":"publish","type":"product","link":"https:\/\/ensifer.pl\/pl\/produkt\/harcownik\/","title":{"rendered":"HARCOWNIK"},"content":{"rendered":"<ul>\n<li>Rok gwarancji na z\u0142amanie klingi*<\/li>\n<li>Ostrze ze stali spr\u0119\u017cynowej ze zbroczem<\/li>\n<li>Zaokr\u0105glony, pe\u0142ny sztych 12x4mm<\/li>\n<li>Twardo\u015b\u0107 klingi  ~ 50 HRC<\/li>\n<li>Hartowany jelec<\/li>\n<li>Bezpieczne ko\u0144c\u00f3wki jelca<\/li>\n<li>Stalowy kapturek<\/li>\n<\/ul>\n<table style=\"width: 100%; border-collapse: collapse; background-color: #29578c;\">\n<tbody>\n<tr>\n<td style=\"width: 100%;\">\n<p dir=\"auto\"><span style=\"color: #ffffff;\"><strong>*<\/strong>\u00a0Every blade is checked a few times during production to avoid mistakes. We give 1 year warranty for breakage not every bend. We can also replace swords which bend on first use\/sparring (and I do that without a problem) but after a few months of using and sparring minor \u00a0bendings are normal thing when forces are too big.\u00a0 We can make it straight in our workshop, but we do not cover shiping cost. Frankly it is a minute of work and 80 % chances to finish it with foot and floor. Straightening the blades are common on every sport fencing training:<\/span><\/p>\n<p dir=\"auto\"><span style=\"color: #ffffff;\"><a style=\"color: #ffffff;\" href=\"https:\/\/academyoffencingmasters.com\/blog\/straighten-fencing-weapon-competition\/\" target=\"_blank\" rel=\"noopener\">https:\/\/<wbr \/>academyoffencingmasters.com\/<wbr \/>blog\/straighten-fencing-<wbr \/>weapon-competition\/<\/a><\/span><\/p>\n<p dir=\"auto\"><span style=\"color: #ffffff;\">1. \u00a0Learn to properly thrust with feder and use its blade flexibility \u2013 hands up when you are hitting.<\/span><br \/>\n<span style=\"color: #ffffff;\">2. \u00a0Cut with proper edge alignment and avoid full force cuts to rigid targets \u2013 like Strong of partner blade\/crossguard \u2013 if he parries your Weak just hit to his Strong \u2013 applying force does not work for you.<\/span><br \/>\n<span style=\"color: #ffffff;\">3.\u00a0 Avoid charging to each other in sparring \u2013 it may easily \u00a0generate huge forces which can bend the blade.<\/span><\/p>\n<\/td>\n<\/tr>\n<\/tbody>\n<\/table>\n<p>&nbsp;<\/p>","protected":false},"excerpt":{"rendered":"<h2>Harcownik Sparring Sabre<\/h2>\n<p>We proudly present the Harcownik Sparring Sabre \u2013 our newest training tool, specifically designed for practicing the Cross Cut Art, a unique saber fighting system rooted in Old Polish martial tradition.<\/p>\n<p>Szabla jest inspirowana historycznymi egzemplarzami z XVI - XVII wieku, czas\u00f3w kiedy Polska Sztuka Krzy\u017cowa zaczyna\u0142a si\u0119 formowa\u0107 w toku licznych wojen.<\/p>\n<table style=\"width: 66%; border-collapse: collapse; background-color: #2e2d2d;\">\n<tbody>\n<tr>\n<td style=\"width: 100%;\"><span style=\"color: #ffffff;\">Total length: 88\u201390 cm<\/span><br \/>\n<span style=\"color: #ffffff;\">D\u0142ugo\u015b\u0107 klingi: 75 cm<\/span><br \/>\n<span style=\"color: #ffffff;\">D\u0142ugo\u015b\u0107 r\u0119koje\u015bci: 14,5 cm<\/span><br \/>\n<span style=\"color: #ffffff;\">Blade curvature: 3,5 cm<\/span><br \/>\n<span style=\"color: #ffffff;\">Grubo\u015b\u0107 ostrza: 3\u20132mm<\/span><br \/>\n<span style=\"color: #ffffff;\">Weight: ~ 600\u2013630 g<\/span><br \/>\n<span style=\"color: #ffffff;\">PoB: ~ 17,5 cm<\/span><br \/>\n<span style=\"color: #ffffff;\">Blade flex: ~ 12 &#8211; 14 kg<\/span><\/td>\n<\/tr>\n<\/tbody>\n<\/table>\n<p>&nbsp;<\/p>","protected":false},"featured_media":9122,"comment_status":"open","ping_status":"closed","template":"","meta":{"_acf_changed":false,"_kad_blocks_custom_css":"","_kad_blocks_head_custom_js":"","_kad_blocks_body_custom_js":"","_kad_blocks_footer_custom_js":"","_kad_post_transparent":"default","_kad_post_title":"","_kad_post_layout":"default","_kad_post_sidebar_id":"","_kad_post_content_style":"default","_kad_post_vertical_padding":"default","_kad_post_feature":"","_kad_post_feature_position":"","_kad_post_header":false,"_kad_post_footer":false,"_kad_post_classname":""},"product_brand":[],"product_cat":[28],"product_tag":[],"class_list":{"0":"post-9106","1":"product","2":"type-product","3":"status-publish","4":"has-post-thumbnail","6":"product_cat-sabres","7":"pa_grip-length-13-cm","8":"pa_grip-length-14-cm","9":"pa_grip-length-15-cm","11":"first","12":"onbackorder","13":"taxable","14":"shipping-taxable","15":"purchasable","16":"product-type-simple","17":"entry","18":"content-bg","19":"loop-entry"},"acf":[],"taxonomy_info":{"product_cat":[{"value":28,"label":"SABRES"}],"pa_grip-length":[{"value":26,"label":"13 cm"},{"value":27,"label":"14 cm"},{"value":85,"label":"15 cm"}]},"featured_image_src_large":["https:\/\/ensifer.pl\/wp-content\/uploads\/2025\/06\/Mair_4-1024x576.jpg",1024,576,true],"author_info":[],"comment_info":0,"_links":{"self":[{"href":"https:\/\/ensifer.pl\/pl\/wp-json\/wp\/v2\/product\/9106","targetHints":{"allow":["GET"]}}],"collection":[{"href":"https:\/\/ensifer.pl\/pl\/wp-json\/wp\/v2\/product"}],"about":[{"href":"https:\/\/ensifer.pl\/pl\/wp-json\/wp\/v2\/types\/product"}],"replies":[{"embeddable":true,"href":"https:\/\/ensifer.pl\/pl\/wp-json\/wp\/v2\/comments?post=9106"}],"version-history":[{"count":22,"href":"https:\/\/ensifer.pl\/pl\/wp-json\/wp\/v2\/product\/9106\/revisions"}],"predecessor-version":[{"id":11871,"href":"https:\/\/ensifer.pl\/pl\/wp-json\/wp\/v2\/product\/9106\/revisions\/11871"}],"wp:featuredmedia":[{"embeddable":true,"href":"https:\/\/ensifer.pl\/pl\/wp-json\/wp\/v2\/media\/9122"}],"wp:attachment":[{"href":"https:\/\/ensifer.pl\/pl\/wp-json\/wp\/v2\/media?parent=9106"}],"wp:term":[{"taxonomy":"product_brand","embeddable":true,"href":"https:\/\/ensifer.pl\/pl\/wp-json\/wp\/v2\/product_brand?post=9106"},{"taxonomy":"product_cat","embeddable":true,"href":"https:\/\/ensifer.pl\/pl\/wp-json\/wp\/v2\/product_cat?post=9106"},{"taxonomy":"product_tag","embeddable":true,"href":"https:\/\/ensifer.pl\/pl\/wp-json\/wp\/v2\/product_tag?post=9106"}],"curies":[{"name":"wp","href":"https:\/\/api.w.org\/{rel}","templated":true}]}}