{"id":9333,"date":"2025-07-16T08:07:00","date_gmt":"2025-07-16T06:07:00","guid":{"rendered":"https:\/\/ensifer.pl\/?post_type=product&#038;p=9333"},"modified":"2026-03-15T17:18:42","modified_gmt":"2026-03-15T16:18:42","slug":"sheath","status":"publish","type":"product","link":"https:\/\/ensifer.pl\/pl\/produkt\/sheath\/","title":{"rendered":"SHEATH 1"},"content":{"rendered":"<div data-elementor-type=\"product-post\" data-elementor-id=\"9333\" class=\"elementor elementor-9333\" data-elementor-post-type=\"product\">\n\t\t\t\t\t\t<section class=\"elementor-section elementor-top-section elementor-element elementor-element-ede15c3 elementor-section-boxed elementor-section-height-default elementor-section-height-default\" data-id=\"ede15c3\" data-element_type=\"section\" data-e-type=\"section\" data-settings=\"{&quot;jet_parallax_layout_list&quot;:[]}\">\n\t\t\t\t\t\t<div class=\"elementor-container elementor-column-gap-default\">\n\t\t\t\t\t<div class=\"elementor-column elementor-col-100 elementor-top-column elementor-element elementor-element-df5a9fe\" data-id=\"df5a9fe\" data-element_type=\"column\" data-e-type=\"column\">\n\t\t\t<div class=\"elementor-widget-wrap elementor-element-populated\">\n\t\t\t\t\t\t<div class=\"elementor-element elementor-element-a6fe492 elementor-widget elementor-widget-text-editor\" data-id=\"a6fe492\" data-element_type=\"widget\" data-e-type=\"widget\" data-widget_type=\"text-editor.default\">\n\t\t\t\t<div class=\"elementor-widget-container\">\n\t\t\t\t\t\t\t\t\t<p data-start=\"98\" data-end=\"377\"><span style=\"color: #000000;\"><strong data-start=\"98\" data-end=\"122\">Pochwa do miecza\/federa<\/strong><\/span><br data-start=\"122\" data-end=\"125\" \/><span style=\"color: #000000;\">Solidna i funkcjonalna pochwa stworzona z my\u015bl\u0105 o wygodnym i bezpiecznym przechowywaniu oraz transporcie miecza. Chroni kling\u0119 przed uszkodzeniami i wilgoci\u0105, a u\u017cytkownikowi zapewnia komfort noszenia. Wykonana z trwa\u0142ych materia\u0142\u00f3w, gwarantuje d\u0142ug\u0105 \u017cywotno\u015b\u0107 i estetyczny wygl\u0105d<\/span><\/p><p data-start=\"379\" data-end=\"460\"><span style=\"color: #000000;\">Idealne rozwi\u0105zanie dla os\u00f3b trenuj\u0105cych szermierk\u0119 historyczn\u0105, rekonstruktor\u00f3w i kolekcjoner\u00f3w.<\/span><\/p>\t\t\t\t\t\t\t\t<\/div>\n\t\t\t\t<\/div>\n\t\t\t\t\t<\/div>\n\t\t<\/div>\n\t\t\t\t\t<\/div>\n\t\t<\/section>\n\t\t\t\t<\/div>","protected":false},"excerpt":{"rendered":"<p data-start=\"98\" data-end=\"377\"><strong data-start=\"98\" data-end=\"122\">Pochwa do miecza\/federa<\/strong><br data-start=\"122\" data-end=\"125\" \/>Solidna i funkcjonalna pochwa stworzona z my\u015bl\u0105 o wygodnym i bezpiecznym przechowywaniu oraz transporcie miecza. Chroni kling\u0119 przed uszkodzeniami i wilgoci\u0105, a u\u017cytkownikowi zapewnia komfort noszenia. Wykonana z trwa\u0142ych materia\u0142\u00f3w, gwarantuje d\u0142ug\u0105 \u017cywotno\u015b\u0107 i estetyczny wygl\u0105d<\/p>\n<p data-start=\"379\" data-end=\"460\">Idealne rozwi\u0105zanie dla os\u00f3b trenuj\u0105cych szermierk\u0119 historyczn\u0105, rekonstruktor\u00f3w i kolekcjoner\u00f3w.<\/p>","protected":false},"featured_media":9536,"comment_status":"open","ping_status":"closed","template":"","meta":{"_acf_changed":false,"_kad_blocks_custom_css":"","_kad_blocks_head_custom_js":"","_kad_blocks_body_custom_js":"","_kad_blocks_footer_custom_js":"","_kad_post_transparent":"default","_kad_post_title":"","_kad_post_layout":"default","_kad_post_sidebar_id":"","_kad_post_content_style":"default","_kad_post_vertical_padding":"default","_kad_post_feature":"","_kad_post_feature_position":"","_kad_post_header":false,"_kad_post_footer":false,"_kad_post_classname":""},"product_brand":[],"product_cat":[88],"product_tag":[],"class_list":{"0":"post-9333","1":"product","2":"type-product","3":"status-publish","4":"has-post-thumbnail","6":"product_cat-sheaths","7":"pa_color-black","9":"first","10":"instock","11":"taxable","12":"shipping-taxable","13":"purchasable","14":"product-type-simple","15":"entry","16":"content-bg","17":"loop-entry"},"acf":[],"taxonomy_info":{"product_cat":[{"value":88,"label":"SHEATHS"}],"pa_color":[{"value":16,"label":"Black"}]},"featured_image_src_large":["https:\/\/ensifer.pl\/wp-content\/uploads\/2025\/07\/sheath-2-1024x498.jpg",1024,498,true],"author_info":[],"comment_info":0,"_links":{"self":[{"href":"https:\/\/ensifer.pl\/pl\/wp-json\/wp\/v2\/product\/9333","targetHints":{"allow":["GET"]}}],"collection":[{"href":"https:\/\/ensifer.pl\/pl\/wp-json\/wp\/v2\/product"}],"about":[{"href":"https:\/\/ensifer.pl\/pl\/wp-json\/wp\/v2\/types\/product"}],"replies":[{"embeddable":true,"href":"https:\/\/ensifer.pl\/pl\/wp-json\/wp\/v2\/comments?post=9333"}],"version-history":[{"count":11,"href":"https:\/\/ensifer.pl\/pl\/wp-json\/wp\/v2\/product\/9333\/revisions"}],"predecessor-version":[{"id":11873,"href":"https:\/\/ensifer.pl\/pl\/wp-json\/wp\/v2\/product\/9333\/revisions\/11873"}],"wp:featuredmedia":[{"embeddable":true,"href":"https:\/\/ensifer.pl\/pl\/wp-json\/wp\/v2\/media\/9536"}],"wp:attachment":[{"href":"https:\/\/ensifer.pl\/pl\/wp-json\/wp\/v2\/media?parent=9333"}],"wp:term":[{"taxonomy":"product_brand","embeddable":true,"href":"https:\/\/ensifer.pl\/pl\/wp-json\/wp\/v2\/product_brand?post=9333"},{"taxonomy":"product_cat","embeddable":true,"href":"https:\/\/ensifer.pl\/pl\/wp-json\/wp\/v2\/product_cat?post=9333"},{"taxonomy":"product_tag","embeddable":true,"href":"https:\/\/ensifer.pl\/pl\/wp-json\/wp\/v2\/product_tag?post=9333"}],"curies":[{"name":"wp","href":"https:\/\/api.w.org\/{rel}","templated":true}]}}