{"id":9364,"date":"2025-07-21T17:04:29","date_gmt":"2025-07-21T15:04:29","guid":{"rendered":"https:\/\/ensifer.pl\/?post_type=product&#038;p=9364"},"modified":"2026-03-15T17:20:12","modified_gmt":"2026-03-15T16:20:12","slug":"mil-iii","status":"publish","type":"product","link":"https:\/\/ensifer.pl\/pl\/produkt\/mil-iii\/","title":{"rendered":"MIL III"},"content":{"rendered":"<div data-elementor-type=\"product-post\" data-elementor-id=\"9364\" class=\"elementor elementor-9364\" data-elementor-post-type=\"product\">\n\t\t\t\t\t\t<section class=\"elementor-section elementor-top-section elementor-element elementor-element-19832122 elementor-section-boxed elementor-section-height-default elementor-section-height-default\" data-id=\"19832122\" data-element_type=\"section\" data-e-type=\"section\" data-settings=\"{&quot;jet_parallax_layout_list&quot;:[]}\">\n\t\t\t\t\t\t<div class=\"elementor-container elementor-column-gap-default\">\n\t\t\t\t\t<div class=\"elementor-column elementor-col-100 elementor-top-column elementor-element elementor-element-2a3b6aa7\" data-id=\"2a3b6aa7\" data-element_type=\"column\" data-e-type=\"column\">\n\t\t\t<div class=\"elementor-widget-wrap elementor-element-populated\">\n\t\t\t\t\t\t<div class=\"elementor-element elementor-element-ae21fd3 elementor-widget elementor-widget-text-editor\" data-id=\"ae21fd3\" data-element_type=\"widget\" data-e-type=\"widget\" data-widget_type=\"text-editor.default\">\n\t\t\t\t<div class=\"elementor-widget-container\">\n\t\t\t\t\t\t\t\t\t<ul><li><span style=\"color: #333333;\"><strong>Rok gwarancji na z\u0142amanie klingi<\/strong>*<\/span><\/li><li><span style=\"color: #333333;\"><strong>Hand-forged blade made from 26 mm round stock<\/strong><\/span><\/li><li><span style=\"color: #333333;\"><strong>Ostrze ze stali spr\u0119\u017cynowej ze zbroczem oraz dodatkow\u0105 strudzin\u0105<\/strong><\/span><\/li><li><span style=\"color: #333333;\"><strong>Extra thick ~10 mm blade to reduce wrist pain caused by vibrations<\/strong><\/span><\/li><li><span style=\"color: #333333;\"><strong>Pe\u0142ny trzpie\u0144 z gwintem (wymienna klinga)<\/strong><\/span><\/li><li><span style=\"color: #333333;\"><strong>\u015aci\u015ble dopasowana rekoje\u015b\u0107 bez luz\u00f3w<\/strong><\/span><\/li><li><span style=\"color: #333333;\"><strong>Rounded tip, 6 mm thick<\/strong><\/span><\/li><li><span style=\"color: #333333;\"><strong>Klinga o twardo\u015bci ok. 52 HRC<\/strong><\/span><\/li><li><span style=\"color: #333333;\"><strong>HARDENED steel bowl guard with reinforced structure<\/strong><\/span><\/li><li><span style=\"color: #333333;\"><strong>Zaokr\u0105glone, bezpieczne kraw\u0119dzie<\/strong><\/span><\/li><li><span style=\"color: #333333;\"><strong>Wyd\u0142u\u017cona r\u0119koje\u015b\u0107 na du\u017ce r\u0119kawice<\/strong><\/span><\/li><\/ul><table style=\"width: 100%; border-collapse: collapse; background-color: #29578c;\"><tbody><tr><td style=\"width: 100%;\"><p dir=\"auto\"><strong>*<\/strong>\u00a0Every blade is checked a few times during production to avoid mistakes. We give 1 year warranty for breakage not every bend. We can also replace swords which bend on first use\/sparring (and I do that without a problem) but after a few months of using and sparring minor \u00a0bendings are normal thing when forces are too big.\u00a0 We can make it straight in our workshop, but we do not cover shiping cost. Frankly it is a minute of work and 80 % chances to finish it with foot and floor. Straightening the blades are common on every sport fencing training:<\/p><p dir=\"auto\"><span style=\"color: #ffffff;\"><a style=\"color: #ffffff;\" href=\"https:\/\/academyoffencingmasters.com\/blog\/straighten-fencing-weapon-competition\/\" target=\"_blank\" rel=\"noopener\">https:\/\/<wbr \/>academyoffencingmasters.com\/<wbr \/>blog\/straighten-fencing-<wbr \/>weapon-competition\/<\/a><\/span><\/p><p dir=\"auto\">1. \u00a0Learn to properly thrust with feder and use its blade flexibility \u2013 hands up when you are hitting.<br \/>2. \u00a0Cut with proper edge alignment and avoid full force cuts to rigid targets \u2013 like Strong of partner blade\/crossguard \u2013 if he parries your Weak just hit to his Strong \u2013 applying force does not work for you.<br \/>3.\u00a0 Avoid charging to each other in sparring \u2013 it may easily \u00a0generate huge forces which can bend the blade.<\/p><\/td><\/tr><\/tbody><\/table>\t\t\t\t\t\t\t\t<\/div>\n\t\t\t\t<\/div>\n\t\t\t\t\t<\/div>\n\t\t<\/div>\n\t\t\t\t\t<\/div>\n\t\t<\/section>\n\t\t\t\t<section class=\"elementor-section elementor-top-section elementor-element elementor-element-3cef57c elementor-section-boxed elementor-section-height-default elementor-section-height-default\" data-id=\"3cef57c\" data-element_type=\"section\" data-e-type=\"section\" data-settings=\"{&quot;jet_parallax_layout_list&quot;:[]}\">\n\t\t\t\t\t\t<div class=\"elementor-container elementor-column-gap-default\">\n\t\t\t\t\t<div class=\"elementor-column elementor-col-50 elementor-top-column elementor-element elementor-element-f712746\" data-id=\"f712746\" data-element_type=\"column\" data-e-type=\"column\">\n\t\t\t<div class=\"elementor-widget-wrap elementor-element-populated\">\n\t\t\t\t\t\t<div class=\"elementor-element elementor-element-1f6b531 elementor-widget elementor-widget-video\" data-id=\"1f6b531\" data-element_type=\"widget\" data-e-type=\"widget\" data-settings=\"{&quot;youtube_url&quot;:&quot;https:\\\/\\\/www.youtube.com\\\/watch?v=GBUF2nEgu0Y&quot;,&quot;start&quot;:162,&quot;end&quot;:180,&quot;video_type&quot;:&quot;youtube&quot;,&quot;controls&quot;:&quot;yes&quot;}\" data-widget_type=\"video.default\">\n\t\t\t\t<div class=\"elementor-widget-container\">\n\t\t\t\t\t\t\t<div class=\"elementor-wrapper elementor-open-inline\">\n\t\t\t<div class=\"elementor-video\"><\/div>\t\t<\/div>\n\t\t\t\t\t\t<\/div>\n\t\t\t\t<\/div>\n\t\t\t\t\t<\/div>\n\t\t<\/div>\n\t\t\t\t<div class=\"elementor-column elementor-col-50 elementor-top-column elementor-element elementor-element-f18bed2\" data-id=\"f18bed2\" data-element_type=\"column\" data-e-type=\"column\">\n\t\t\t<div class=\"elementor-widget-wrap elementor-element-populated\">\n\t\t\t\t\t\t<div class=\"elementor-element elementor-element-8a240da elementor-widget elementor-widget-video\" data-id=\"8a240da\" data-element_type=\"widget\" data-e-type=\"widget\" data-settings=\"{&quot;youtube_url&quot;:&quot;https:\\\/\\\/youtu.be\\\/HwYB8OvkoLU&quot;,&quot;start&quot;:162,&quot;end&quot;:180,&quot;video_type&quot;:&quot;youtube&quot;,&quot;controls&quot;:&quot;yes&quot;}\" data-widget_type=\"video.default\">\n\t\t\t\t<div class=\"elementor-widget-container\">\n\t\t\t\t\t\t\t<div class=\"elementor-wrapper elementor-open-inline\">\n\t\t\t<div class=\"elementor-video\"><\/div>\t\t<\/div>\n\t\t\t\t\t\t<\/div>\n\t\t\t\t<\/div>\n\t\t\t\t\t<\/div>\n\t\t<\/div>\n\t\t\t\t\t<\/div>\n\t\t<\/section>\n\t\t\t\t<\/div>","protected":false},"excerpt":{"rendered":"<p>Przedstawiamy nasz\u0105 regularn\u0105 szabl\u0119 treningow\u0105 z koszem, zaprojektowan\u0105 specjalnie do fechtunku szabl\u0105 wojskow\u0105. Szabla ma ca\u0142kowit\u0105 d\u0142ugo\u015b\u0107 99 cm oraz d\u0142ugo\u015b\u0107 g\u0142owni 83 cm, co zapewnia idealn\u0105 r\u00f3wnowag\u0119 mi\u0119dzy zasi\u0119giem a kontrol\u0105. R\u0119koje\u015b\u0107 o d\u0142ugo\u015bci 15,5 cm gwarantuje pewny i wygodny chwyt (nawet w du\u017cej r\u0119kawicy) umo\u017cliwiaj\u0105c precyzyjne prowadzenie ostrza podczas treningu.<\/p>\n<p>Szermierka szabl\u0105 wojskow\u0105, znana ze swojego historycznego znaczenia i praktycznych zastosowa\u0144 bojowych, wymaga broni \u0142\u0105cz\u0105cej wytrzyma\u0142o\u015b\u0107 ze zwinno\u015bci\u0105. Ta szabla zosta\u0142a wykonana, aby sprosta\u0107 tym potrzebom \u2013 stanowi zar\u00f3wno niezawodne narz\u0119dzie treningowe, jak i wiern\u0105 historyczn\u0105 replik\u0119 wojskowej broni treningowej. Idealna do rekonstrukcji historycznych oraz nowoczesnego treningu, pozwala \u0107wicz\u0105cym rozwija\u0107 umiej\u0119tno\u015bci i technik\u0119 w formie odzwierciedlaj\u0105cej realia historycznej walki wojskowej.<\/p>\n<table style=\"font-family: var(--global-body-font-family); width: 63.795%; border-collapse: collapse; background-color: #2e2d2d; height: 243px;\">\n<tbody>\n<tr>\n<td style=\"width: 100%;\"><span style=\"color: #ffffff;\">D\u0142ugo\u015b\u0107 ca\u0142kowita: 99 cm<\/span><br \/>\n<span style=\"color: #ffffff;\">D\u0142ugo\u015b\u0107 g\u0142owni: 83 cm<\/span><br \/>\n<span style=\"color: #ffffff;\">D\u0142ugo\u015b\u0107 r\u0119koje\u015bci: 15,5 cm<\/span><br \/>\n<span style=\"color: #ffffff;\">Blade curvature:\u00a0 4 -5\u00a0 cm<\/span><br \/>\n<span style=\"color: #ffffff;\">Blade thickness: ~ 9 \u20133 mm<\/span><br \/>\n<span style=\"color: #ffffff;\">Edge thickness: ~ 8 \u2013 2mm<\/span><br \/>\n<span style=\"color: #ffffff;\">Weight: ~ 830 g<\/span><br \/>\n<span style=\"color: #ffffff;\">Punk Ci\u0119\u017cko\u015bci ~ 10 cm<\/span><br \/>\n<span style=\"color: #ffffff;\">Blade flex: ~ 10 kg<\/span><\/td>\n<\/tr>\n<\/tbody>\n<\/table>\n<p>&nbsp;<\/p>","protected":false},"featured_media":8540,"comment_status":"open","ping_status":"closed","template":"","meta":{"_acf_changed":false,"_kad_blocks_custom_css":"","_kad_blocks_head_custom_js":"","_kad_blocks_body_custom_js":"","_kad_blocks_footer_custom_js":"","_kad_post_transparent":"default","_kad_post_title":"","_kad_post_layout":"default","_kad_post_sidebar_id":"","_kad_post_content_style":"default","_kad_post_vertical_padding":"default","_kad_post_feature":"","_kad_post_feature_position":"","_kad_post_header":false,"_kad_post_footer":false,"_kad_post_classname":""},"product_brand":[],"product_cat":[76],"product_tag":[],"class_list":{"0":"post-9364","1":"product","2":"type-product","3":"status-publish","4":"has-post-thumbnail","6":"product_cat-custom","7":"pa_grip-length-13-cm","8":"pa_grip-length-14-cm","10":"first","11":"onbackorder","12":"taxable","13":"shipping-taxable","14":"purchasable","15":"product-type-simple","16":"entry","17":"content-bg","18":"loop-entry"},"acf":[],"taxonomy_info":{"product_cat":[{"value":76,"label":"CUSTOM COMMISIONS"}],"pa_grip-length":[{"value":26,"label":"13 cm"},{"value":27,"label":"14 cm"}]},"featured_image_src_large":["https:\/\/ensifer.pl\/wp-content\/uploads\/2025\/03\/Militarka4-1024x576.jpg",1024,576,true],"author_info":[],"comment_info":0,"_links":{"self":[{"href":"https:\/\/ensifer.pl\/pl\/wp-json\/wp\/v2\/product\/9364","targetHints":{"allow":["GET"]}}],"collection":[{"href":"https:\/\/ensifer.pl\/pl\/wp-json\/wp\/v2\/product"}],"about":[{"href":"https:\/\/ensifer.pl\/pl\/wp-json\/wp\/v2\/types\/product"}],"replies":[{"embeddable":true,"href":"https:\/\/ensifer.pl\/pl\/wp-json\/wp\/v2\/comments?post=9364"}],"version-history":[{"count":7,"href":"https:\/\/ensifer.pl\/pl\/wp-json\/wp\/v2\/product\/9364\/revisions"}],"predecessor-version":[{"id":11876,"href":"https:\/\/ensifer.pl\/pl\/wp-json\/wp\/v2\/product\/9364\/revisions\/11876"}],"wp:featuredmedia":[{"embeddable":true,"href":"https:\/\/ensifer.pl\/pl\/wp-json\/wp\/v2\/media\/8540"}],"wp:attachment":[{"href":"https:\/\/ensifer.pl\/pl\/wp-json\/wp\/v2\/media?parent=9364"}],"wp:term":[{"taxonomy":"product_brand","embeddable":true,"href":"https:\/\/ensifer.pl\/pl\/wp-json\/wp\/v2\/product_brand?post=9364"},{"taxonomy":"product_cat","embeddable":true,"href":"https:\/\/ensifer.pl\/pl\/wp-json\/wp\/v2\/product_cat?post=9364"},{"taxonomy":"product_tag","embeddable":true,"href":"https:\/\/ensifer.pl\/pl\/wp-json\/wp\/v2\/product_tag?post=9364"}],"curies":[{"name":"wp","href":"https:\/\/api.w.org\/{rel}","templated":true}]}}