{"id":9607,"date":"2025-08-26T11:23:55","date_gmt":"2025-08-26T09:23:55","guid":{"rendered":"https:\/\/ensifer.pl\/?post_type=product&#038;p=9607"},"modified":"2026-03-19T18:14:43","modified_gmt":"2026-03-19T17:14:43","slug":"rebacz","status":"publish","type":"product","link":"https:\/\/ensifer.pl\/pl\/produkt\/rebacz\/","title":{"rendered":"R\u0118BACZ"},"content":{"rendered":"<div data-elementor-type=\"product-post\" data-elementor-id=\"9607\" class=\"elementor elementor-9607\" data-elementor-post-type=\"product\">\n\t\t\t\t\t\t<section class=\"elementor-section elementor-top-section elementor-element elementor-element-2863014d elementor-section-boxed elementor-section-height-default elementor-section-height-default\" data-id=\"2863014d\" data-element_type=\"section\" data-e-type=\"section\" data-settings=\"{&quot;jet_parallax_layout_list&quot;:[]}\">\n\t\t\t\t\t\t<div class=\"elementor-container elementor-column-gap-default\">\n\t\t\t\t\t<div class=\"elementor-column elementor-col-100 elementor-top-column elementor-element elementor-element-3d420906\" data-id=\"3d420906\" data-element_type=\"column\" data-e-type=\"column\">\n\t\t\t<div class=\"elementor-widget-wrap elementor-element-populated\">\n\t\t\t\t\t\t<div class=\"elementor-element elementor-element-5316de0c elementor-widget elementor-widget-text-editor\" data-id=\"5316de0c\" data-element_type=\"widget\" data-e-type=\"widget\" data-widget_type=\"text-editor.default\">\n\t\t\t\t<div class=\"elementor-widget-container\">\n\t\t\t\t\t\t\t\t\t<ul><li><span style=\"color: #000000;\">Rok gwarancji na z\u0142amanie klingi*<\/span><\/li><li><span style=\"color: #000000;\">Ostrze ze stali spr\u0119\u017cynowej ze zbroczem<\/span><\/li><li><span style=\"color: #000000;\">Poszerzona zastawa u\u0142atwiaj\u0105ca stawianie zas\u0142on<\/span><\/li><li><span style=\"color: #000000;\">Poszerzone pi\u00f3ro zwi\u0119kszaj\u0105ce si\u0142\u0119 ci\u0119cia<\/span><\/li><li><span style=\"color: #000000;\">Twardo\u015b\u0107 klingi  ~ 50 HRC<\/span><\/li><li><span style=\"color: #000000;\">Krzy\u017cowy jelec z w\u0105sami<\/span><\/li><li><span style=\"color: #000000;\">Stalowy kapturek<\/span><\/li><\/ul>\t\t\t\t\t\t\t\t<\/div>\n\t\t\t\t<\/div>\n\t\t\t\t\t<\/div>\n\t\t<\/div>\n\t\t\t\t\t<\/div>\n\t\t<\/section>\n\t\t\t\t<\/div>","protected":false},"excerpt":{"rendered":"<h2>R\u0119bacz Sabre<\/h2>\n<p>The <strong data-start=\"316\" data-end=\"338\">R\u0118BACZ Sabre<\/strong> w pe\u0142ni funkcjonalna bro\u0144 bia\u0142a, stworzona do precyzyjnego <strong data-start=\"412\" data-end=\"437\">ci\u0119cia pozornik\u00f3w.<\/strong>.<\/p>\n<p>Zainspirowana staropolskimi szablami z ko\u0144ca XVI i pocz\u0105tku XVII wieku, \u0142\u0105czy historyczn\u0105 form\u0119 ze wsp\u00f3\u0142czesnym rzemios\u0142em, oferuj\u0105c doskona\u0142e prowadzenie i w\u0142a\u015bciwo\u015bci tn\u0105ce.<\/p>\n<table style=\"width: 66%; border-collapse: collapse; background-color: #2e2d2d; height: 206px;\">\n<tbody>\n<tr style=\"height: 206px;\">\n<td style=\"width: 100%; height: 206px;\"><span style=\"color: #ffffff;\">D\u0142ugo\u015b\u0107 ca\u0142kowita: 90 cm<\/span><br \/>\n<span style=\"color: #ffffff;\">D\u0142ugo\u015b\u0107 g\u0142owni: 78 cm<\/span><br \/>\n<span style=\"color: #ffffff;\">D\u0142ugo\u015b\u0107 r\u0119koje\u015bci : 12 cm<\/span><br \/>\n<span style=\"color: #ffffff;\">Krzywizna g\u0142owni: ~ 4cm<\/span><br \/>\n<span style=\"color: #ffffff;\">Grubo\u015b\u0107 ostrza: 4\u20132mm<\/span><br \/>\n<span style=\"color: #ffffff;\">Waga: ~ 625 g<\/span><br \/>\n<span style=\"color: #ffffff;\">Punkt Ci\u0119\u017cko\u015bci ~ 19 cm<\/span><\/td>\n<\/tr>\n<\/tbody>\n<\/table>\n<p>&nbsp;<\/p>","protected":false},"featured_media":9615,"comment_status":"open","ping_status":"closed","template":"","meta":{"_acf_changed":false,"_kad_blocks_custom_css":"","_kad_blocks_head_custom_js":"","_kad_blocks_body_custom_js":"","_kad_blocks_footer_custom_js":"","_kad_post_transparent":"default","_kad_post_title":"","_kad_post_layout":"default","_kad_post_sidebar_id":"","_kad_post_content_style":"default","_kad_post_vertical_padding":"default","_kad_post_feature":"","_kad_post_feature_position":"","_kad_post_header":false,"_kad_post_footer":false,"_kad_post_classname":""},"product_brand":[],"product_cat":[28],"product_tag":[],"class_list":{"0":"post-9607","1":"product","2":"type-product","3":"status-publish","4":"has-post-thumbnail","6":"product_cat-sabres","7":"pa_grip-length-13-cm","8":"pa_grip-length-14-cm","9":"pa_grip-length-15-cm","11":"first","12":"onbackorder","13":"sale","14":"featured","15":"taxable","16":"shipping-taxable","17":"purchasable","18":"product-type-simple","19":"entry","20":"content-bg","21":"loop-entry"},"acf":[],"taxonomy_info":{"product_cat":[{"value":28,"label":"SABRES"}],"pa_grip-length":[{"value":26,"label":"13 cm"},{"value":27,"label":"14 cm"},{"value":85,"label":"15 cm"}]},"featured_image_src_large":["https:\/\/ensifer.pl\/wp-content\/uploads\/2025\/08\/Hajduk-sharp-3-1024x576.jpg",1024,576,true],"author_info":[],"comment_info":0,"_links":{"self":[{"href":"https:\/\/ensifer.pl\/pl\/wp-json\/wp\/v2\/product\/9607","targetHints":{"allow":["GET"]}}],"collection":[{"href":"https:\/\/ensifer.pl\/pl\/wp-json\/wp\/v2\/product"}],"about":[{"href":"https:\/\/ensifer.pl\/pl\/wp-json\/wp\/v2\/types\/product"}],"replies":[{"embeddable":true,"href":"https:\/\/ensifer.pl\/pl\/wp-json\/wp\/v2\/comments?post=9607"}],"version-history":[{"count":32,"href":"https:\/\/ensifer.pl\/pl\/wp-json\/wp\/v2\/product\/9607\/revisions"}],"predecessor-version":[{"id":11870,"href":"https:\/\/ensifer.pl\/pl\/wp-json\/wp\/v2\/product\/9607\/revisions\/11870"}],"wp:featuredmedia":[{"embeddable":true,"href":"https:\/\/ensifer.pl\/pl\/wp-json\/wp\/v2\/media\/9615"}],"wp:attachment":[{"href":"https:\/\/ensifer.pl\/pl\/wp-json\/wp\/v2\/media?parent=9607"}],"wp:term":[{"taxonomy":"product_brand","embeddable":true,"href":"https:\/\/ensifer.pl\/pl\/wp-json\/wp\/v2\/product_brand?post=9607"},{"taxonomy":"product_cat","embeddable":true,"href":"https:\/\/ensifer.pl\/pl\/wp-json\/wp\/v2\/product_cat?post=9607"},{"taxonomy":"product_tag","embeddable":true,"href":"https:\/\/ensifer.pl\/pl\/wp-json\/wp\/v2\/product_tag?post=9607"}],"curies":[{"name":"wp","href":"https:\/\/api.w.org\/{rel}","templated":true}]}}