{"id":9621,"date":"2025-08-26T18:12:42","date_gmt":"2025-08-26T16:12:42","guid":{"rendered":"https:\/\/ensifer.pl\/?post_type=product&#038;p=9621"},"modified":"2026-03-19T18:14:16","modified_gmt":"2026-03-19T17:14:16","slug":"cwik","status":"publish","type":"product","link":"https:\/\/ensifer.pl\/pl\/produkt\/cwik\/","title":{"rendered":"\u0106WIK"},"content":{"rendered":"\t\t<div data-elementor-type=\"product-post\" data-elementor-id=\"9621\" class=\"elementor elementor-9621\" data-elementor-post-type=\"product\">\n\t\t\t\t\t\t<section class=\"elementor-section elementor-top-section elementor-element elementor-element-2e4f05f3 elementor-section-boxed elementor-section-height-default elementor-section-height-default\" data-id=\"2e4f05f3\" data-element_type=\"section\" data-e-type=\"section\" data-settings=\"{&quot;jet_parallax_layout_list&quot;:[]}\">\n\t\t\t\t\t\t<div class=\"elementor-container elementor-column-gap-default\">\n\t\t\t\t\t<div class=\"elementor-column elementor-col-100 elementor-top-column elementor-element elementor-element-754b6075\" data-id=\"754b6075\" data-element_type=\"column\" data-e-type=\"column\">\n\t\t\t<div class=\"elementor-widget-wrap elementor-element-populated\">\n\t\t\t\t\t\t<div class=\"elementor-element elementor-element-20d6580b elementor-widget elementor-widget-text-editor\" data-id=\"20d6580b\" data-element_type=\"widget\" data-e-type=\"widget\" data-widget_type=\"text-editor.default\">\n\t\t\t\t<div class=\"elementor-widget-container\">\n\t\t\t\t\t\t\t\t\t<ul><li><span style=\"color: #000000;\">1-year warranty for blade breakage*<\/span><\/li><li><span style=\"color: #000000;\">Spring steel blade with fuller<\/span><\/li><li><span style=\"color: #000000;\">Reinforced sabre forte for stronger parries<\/span><\/li><li><span style=\"color: #000000;\">Rounded full point 12 x 4mm thick<\/span><\/li><li><span style=\"color: #000000;\">Around 50 HRC blade hardness<\/span><\/li><li><span style=\"color: #000000;\">Hardened guard<\/span><\/li><li><span style=\"color: #000000;\">Safe crossguard endings<\/span><\/li><li><span style=\"color: #000000;\">Steel cap<\/span><\/li><\/ul>\t\t\t\t\t\t\t\t<\/div>\n\t\t\t\t<\/div>\n\t\t\t\t<div class=\"elementor-element elementor-element-45e4b4f elementor-widget elementor-widget-text-editor\" data-id=\"45e4b4f\" data-element_type=\"widget\" data-e-type=\"widget\" data-widget_type=\"text-editor.default\">\n\t\t\t\t<div class=\"elementor-widget-container\">\n\t\t\t\t\t\t\t\t\t<table style=\"width: 100%; border-collapse: collapse; background-color: #29578c;\"><tbody><tr><td style=\"width: 100%;\"><p dir=\"auto\"><span style=\"color: #ffffff;\"><strong>*<\/strong>\u00a0Every blade is checked a few times during production to avoid mistakes. We give 1 year warranty for breakage not every bend. We can also replace swords which bend on first use\/sparring (and I do that without a problem) but after a few months of using and sparring minor \u00a0bendings are normal thing when forces are too big.\u00a0 We can make it straight in our workshop, but we do not cover shiping cost. Frankly it is a minute of work and 80 % chances to finish it with foot and floor. Straightening the blades are common on every sport fencing training:<\/span><\/p><p dir=\"auto\"><span style=\"color: #ffffff;\"><a style=\"color: #ffffff;\" href=\"https:\/\/academyoffencingmasters.com\/blog\/straighten-fencing-weapon-competition\/\" target=\"_blank\" rel=\"noopener\">https:\/\/<wbr \/>academyoffencingmasters.com\/<wbr \/>blog\/straighten-fencing-<wbr \/>weapon-competition\/<\/a><\/span><\/p><p dir=\"auto\"><span style=\"color: #ffffff;\">1. \u00a0Learn to properly thrust with feder and use its blade flexibility \u2013 hands up when you are hitting.<\/span><br \/><span style=\"color: #ffffff;\">2. \u00a0Cut with proper edge alignment and avoid full force cuts to rigid targets \u2013 like Strong of partner blade\/crossguard \u2013 if he parries your Weak just hit to his Strong \u2013 applying force does not work for you.<\/span><br \/><span style=\"color: #ffffff;\">3.\u00a0 Avoid charging to each other in sparring \u2013 it may easily \u00a0generate huge forces which can bend the blade.<\/span><\/p><\/td><\/tr><\/tbody><\/table><p>\u00a0<\/p>\t\t\t\t\t\t\t\t<\/div>\n\t\t\t\t<\/div>\n\t\t\t\t\t<\/div>\n\t\t<\/div>\n\t\t\t\t\t<\/div>\n\t\t<\/section>\n\t\t\t\t<section class=\"elementor-section elementor-top-section elementor-element elementor-element-83852f9 elementor-section-boxed elementor-section-height-default elementor-section-height-default\" data-id=\"83852f9\" data-element_type=\"section\" data-e-type=\"section\" data-settings=\"{&quot;jet_parallax_layout_list&quot;:[{&quot;jet_parallax_layout_image&quot;:{&quot;url&quot;:&quot;&quot;,&quot;id&quot;:&quot;&quot;,&quot;size&quot;:&quot;&quot;},&quot;_id&quot;:&quot;70dee19&quot;,&quot;jet_parallax_layout_image_tablet&quot;:{&quot;url&quot;:&quot;&quot;,&quot;id&quot;:&quot;&quot;,&quot;size&quot;:&quot;&quot;},&quot;jet_parallax_layout_image_mobile&quot;:{&quot;url&quot;:&quot;&quot;,&quot;id&quot;:&quot;&quot;,&quot;size&quot;:&quot;&quot;},&quot;jet_parallax_layout_speed&quot;:{&quot;unit&quot;:&quot;%&quot;,&quot;size&quot;:50,&quot;sizes&quot;:[]},&quot;jet_parallax_layout_type&quot;:&quot;scroll&quot;,&quot;jet_parallax_layout_direction&quot;:&quot;1&quot;,&quot;jet_parallax_layout_fx_direction&quot;:null,&quot;jet_parallax_layout_z_index&quot;:&quot;&quot;,&quot;jet_parallax_layout_bg_x&quot;:50,&quot;jet_parallax_layout_bg_x_tablet&quot;:&quot;&quot;,&quot;jet_parallax_layout_bg_x_mobile&quot;:&quot;&quot;,&quot;jet_parallax_layout_bg_y&quot;:50,&quot;jet_parallax_layout_bg_y_tablet&quot;:&quot;&quot;,&quot;jet_parallax_layout_bg_y_mobile&quot;:&quot;&quot;,&quot;jet_parallax_layout_bg_size&quot;:&quot;auto&quot;,&quot;jet_parallax_layout_bg_size_tablet&quot;:&quot;&quot;,&quot;jet_parallax_layout_bg_size_mobile&quot;:&quot;&quot;,&quot;jet_parallax_layout_animation_prop&quot;:&quot;transform&quot;,&quot;jet_parallax_layout_on&quot;:[&quot;desktop&quot;,&quot;tablet&quot;]}]}\">\n\t\t\t\t\t\t<div class=\"elementor-container elementor-column-gap-default\">\n\t\t\t\t\t<div class=\"elementor-column elementor-col-25 elementor-top-column elementor-element elementor-element-1861f51\" data-id=\"1861f51\" data-element_type=\"column\" data-e-type=\"column\">\n\t\t\t<div class=\"elementor-widget-wrap\">\n\t\t\t\t\t\t\t<\/div>\n\t\t<\/div>\n\t\t\t\t<div class=\"elementor-column elementor-col-50 elementor-top-column elementor-element elementor-element-c41f1eb\" data-id=\"c41f1eb\" data-element_type=\"column\" data-e-type=\"column\">\n\t\t\t<div class=\"elementor-widget-wrap elementor-element-populated\">\n\t\t\t\t\t\t<div class=\"elementor-element elementor-element-f403285 elementor-blockquote--skin-border elementor-blockquote--button-view-icon-text elementor-blockquote--button-skin-classic elementor-widget elementor-widget-blockquote\" data-id=\"f403285\" data-element_type=\"widget\" data-e-type=\"widget\" data-widget_type=\"blockquote.default\">\n\t\t\t\t<div class=\"elementor-widget-container\">\n\t\t\t\t\t\t\t<blockquote class=\"elementor-blockquote\">\n\t\t\t<p class=\"elementor-blockquote__content\">\n\t\t\t\t<span style=\", sans-serif;font-size: 17.6px;font-style: italic;font-weight: 400;text-align: justify\">\u0106wik, znaczy \u0107wiczony, wy\u0107wiczony, czyli do\u015bwiadczony, szczwany, przebieglec, nienowak, niefryc, bywalec, wyjadacz, weteran, kuty na cztery nogi, karmiony szpakami. Wyraz \u0107wik, oznaczaj\u0105cy cz\u0142owieka z powy\u017cszymi przymiotami, o kt\u00f3rym m\u00f3wi\u0105: \u201estary \u0107wik\u201c, ma jeszcze kilka znacze\u0144, a mianowicie: 1) kogut z przyci\u0119tym grzebieniem i niezupe\u0142nie wykap\u0142oniony, kt\u00f3ry g\u0142osu zupe\u0142nie nie traci, ale go znacznie odmienia; 2) Karp\u2019 stary: \u201eZa trzy lata stare karpie ju\u017c b\u0119d\u0105 \u0107wikami i okras\u0105 gatunku\u201c, pisze Haur; 3) woreczek konopny na pieni\u0105dze w wieku XVI; 4) rodzaj do\u015b\u0107 hazardownej gry w karty, rozpowszechnionej za Stanis\u0142awa Augusta i w pierwszej po\u0142owie XIX wieku; 5) gracz, rozdaj\u0105cy karty w tej grze i obowi\u0105zany przez to do wzi\u0119cia dwuch lew, st\u0105d m\u00f3wiono: \u201ezobowi\u0105za\u0107 si\u0119 na \u0107wika\u201c; 6) \u0107wiczenie, mustra, rygor, np. m\u00f3wiono: \u201eby\u0142 tam \u0107wik dobry\u201c; 7) ptak, kt\u00f3rego podej\u015b\u0107 ani zwabi\u0107 nie mo\u017cna, lub kt\u00f3ry sam dobrze wabi. St\u0105d w j\u0119zyku my\u015bliwskim \u0107wik jest to stary cietrzew albo gracz, kt\u00f3ry ju\u017c w sierpniu niekiedy poczyna tokowa\u0107, t. j. wabi\u0107, r\u00f3wnie\u017c sok\u00f3\u0142, krogulec, kt\u00f3ry pojedy\u0144czo zwalcza\u0142 dropie, \u0142ab\u0119dzie, \u017c\u00f3rawie lub drugiego soko\u0142a. Jest stare przys\u0142owie: \u201eDosta\u0142a \u0107wika za nieboszczyka\u201c, to si\u0119 znaczy m\u0119\u017ca czerstwiejszego i dzielniejszego, ni\u017c by\u0142 poprzedni, kt\u00f3ry umar\u0142. \u0106wikiem nazywaj\u0105 bowiem cz\u0142owieka cho\u0107 niem\u0142odego ale rumianego i krewkiego, u\u017cywaj\u0105c nieraz por\u00f3wnania: \u201eczerwony jak \u0107wik\u201c, st\u0105d i buraki czerwone nazywaj\u0105 si\u0119 \u0107wik\u0142owymi, \u0107wik\u0142\u0105.<\/span>\t\t\t<\/p>\n\t\t\t\t\t\t\t<div class=\"e-q-footer\">\n\t\t\t\t\t\t\t\t\t\t\t<cite class=\"elementor-blockquote__author\">Zygmunt Gloger, Encyklopedia Staropolska<\/cite>\n\t\t\t\t\t\t\t\t\t\t\t\t\t\t\t\t<a href=\"https:\/\/twitter.com\/intent\/tweet?text=%3Cspan+style%3D%22font-family%3A+%26quot%3BEB+Garamond%26quot%3B%2C+sans-serif%3B+font-size%3A+17.6px%3B+font-style%3A+italic%3B+font-weight%3A+400%3B+text-align%3A+justify%3B+black-space%3A+normal%3B%22%3E%C4%86wik%2C+znaczy+%C4%87wiczony%2C+wy%C4%87wiczony%2C+czyli+do%C5%9Bwiadczony%2C+szczwany%2C+przebieglec%2C+nienowak%2C+niefryc%2C+bywalec%2C+wyjadacz%2C+weteran%2C+kuty+na+cztery+nogi%2C+karmiony+szpakami.+Wyraz+%C4%87wik%2C+oznaczaj%C4%85cy+cz%C5%82owieka+z+powy%C5%BCszymi+przymiotami%2C+o+kt%C3%B3rym+m%C3%B3wi%C4%85%3A+%E2%80%9Estary+%C4%87wik%E2%80%9C%2C+ma+jeszcze+kilka+znacze%C5%84%2C+a+mianowicie%3A+1%29+kogut+z+przyci%C4%99tym+grzebieniem+i+niezupe%C5%82nie+wykap%C5%82oniony%2C+kt%C3%B3ry+g%C5%82osu+zupe%C5%82nie+nie+traci%2C+ale+go+znacznie+odmienia%3B+2%29+Karp%E2%80%99+stary%3A+%E2%80%9EZa+trzy+lata+stare+karpie+ju%C5%BC+b%C4%99d%C4%85+%C4%87wikami+i+okras%C4%85+gatunku%E2%80%9C%2C+pisze+Haur%3B+3%29+woreczek+konopny+na+pieni%C4%85dze+w+wieku+XVI%3B+4%29+rodzaj+do%C5%9B%C4%87+hazardownej+gry+w+karty%2C+rozpowszechnionej+za+Stanis%C5%82awa+Augusta+i+w+pierwszej+po%C5%82owie+XIX+wieku%3B+5%29+gracz%2C+rozdaj%C4%85cy+karty+w+tej+grze+i+obowi%C4%85zany+przez+to+do+wzi%C4%99cia+dwuch+lew%2C+st%C4%85d+m%C3%B3wiono%3A+%E2%80%9Ezobowi%C4%85za%C4%87+si%C4%99+na+%C4%87wika%E2%80%9C%3B+6%29+%C4%87wiczenie%2C+mustra%2C+rygor%2C+np.+m%C3%B3wiono%3A+%E2%80%9Eby%C5%82+tam+%C4%87wik+dobry%E2%80%9C%3B+7%29+ptak%2C+kt%C3%B3rego+podej%C5%9B%C4%87+ani+zwabi%C4%87+nie+mo%C5%BCna%2C+lub+kt%C3%B3ry+sam+dobrze+wabi.+St%C4%85d+w+j%C4%99zyku+my%C5%9Bliwskim+%C4%87wik+jest+to+stary+cietrzew+albo+gracz%2C+kt%C3%B3ry+ju%C5%BC+w+sierpniu+niekiedy+poczyna+tokowa%C4%87%2C+t.+j.+wabi%C4%87%2C+r%C3%B3wnie%C5%BC+sok%C3%B3%C5%82%2C+krogulec%2C+kt%C3%B3ry+pojedy%C5%84czo+zwalcza%C5%82+dropie%2C+%C5%82ab%C4%99dzie%2C+%C5%BC%C3%B3rawie+lub+drugiego+soko%C5%82a.+Jest+stare+przys%C5%82owie%3A+%E2%80%9EDosta%C5%82a+%C4%87wika+za+nieboszczyka%E2%80%9C%2C+to+si%C4%99+znaczy+m%C4%99%C5%BCa+czerstwiejszego+i+dzielniejszego%2C+ni%C5%BC+by%C5%82+poprzedni%2C+kt%C3%B3ry+umar%C5%82.+%C4%86wikiem+nazywaj%C4%85+bowiem+cz%C5%82owieka+cho%C4%87+niem%C5%82odego+ale+rumianego+i+krewkiego%2C+u%C5%BCywaj%C4%85c+nieraz+por%C3%B3wnania%3A+%E2%80%9Eczerwony+jak+%C4%87wik%E2%80%9C%2C+st%C4%85d+i+buraki+czerwone+nazywaj%C4%85+si%C4%99+%C4%87wik%C5%82owymi%2C+%C4%87wik%C5%82%C4%85.%3C%2Fspan%3E+%E2%80%94+Zygmunt+Gloger%2C+Encyklopedia+Staropolska&amp;url=https%3A%2F%2Fliterat.ug.edu.pl%2Fglogers%2Findex.htm\" class=\"elementor-blockquote__tweet-button\" target=\"_blank\" rel=\"noopener\">\n\t\t\t\t\t\t\t\t\t\t\t\t\t\t\t<i aria-hidden=\"true\" class=\"fab fa-twitter\"><\/i>\t\t\t\t\t\t\t\t\t\t\t\t\t\t\t\t\t\t\t\t\t\t\t\t\t\t\t\t\t\t<span class=\"elementor-blockquote__tweet-label\">Tweet<\/span>\n\t\t\t\t\t\t\t\t\t\t\t\t\t<\/a>\n\t\t\t\t\t\t\t\t\t<\/div>\n\t\t\t\t\t<\/blockquote>\n\t\t\t\t\t\t<\/div>\n\t\t\t\t<\/div>\n\t\t\t\t\t<\/div>\n\t\t<\/div>\n\t\t\t\t<div class=\"elementor-column elementor-col-25 elementor-top-column elementor-element elementor-element-427318e\" data-id=\"427318e\" data-element_type=\"column\" data-e-type=\"column\">\n\t\t\t<div class=\"elementor-widget-wrap\">\n\t\t\t\t\t\t\t<\/div>\n\t\t<\/div>\n\t\t\t\t\t<\/div>\n\t\t<\/section>\n\t\t\t\t<\/div>\n\t\t","protected":false},"excerpt":{"rendered":"<h2>\u0106WIK Sparring Sabre<\/h2>\n<p>We proudly present the \u0106wik Sparring Sabre \u2013 our newest training tool, specifically designed for practicing the Cross Cut Art, a unique saber fighting system rooted in Old Polish martial tradition.<\/p>\n<p>Szabla jest inspirowana historycznymi egzemplarzami z XVI - XVII wieku, czas\u00f3w kiedy Polska Sztuka Krzy\u017cowa zaczyna\u0142a si\u0119 formowa\u0107 w toku licznych wojen.<\/p>\n<table style=\"width: 66%; border-collapse: collapse; background-color: #2e2d2d; height: 206px;\">\n<tbody>\n<tr style=\"height: 206px;\">\n<td style=\"width: 100%; height: 206px;\"><span style=\"color: #ffffff;\">D\u0142ugo\u015b\u0107 ca\u0142kowita: 90 cm<\/span><br \/>\n<span style=\"color: #ffffff;\">D\u0142ugo\u015b\u0107 klingi: 75 cm<\/span><br \/>\n<span style=\"color: #ffffff;\">D\u0142ugo\u015b\u0107 r\u0119koje\u015bci: 14,5 cm<\/span><br \/>\n<span style=\"color: #ffffff;\">Krzywizna g\u0142owni: ~ 4cm<\/span><br \/>\n<span style=\"color: #ffffff;\">Grubo\u015b\u0107 ostrza: 4\u20132mm<\/span><br \/>\n<span style=\"color: #ffffff;\">Waga ~ 600-630 g<\/span><br \/>\n<span style=\"color: #ffffff;\">Punkt Ci\u0119zko\u015bci ~ 17 cm<\/span><\/td>\n<\/tr>\n<\/tbody>\n<\/table>\n<p>&nbsp;<\/p>","protected":false},"featured_media":9125,"comment_status":"open","ping_status":"closed","template":"","meta":{"_acf_changed":false,"_kad_blocks_custom_css":"","_kad_blocks_head_custom_js":"","_kad_blocks_body_custom_js":"","_kad_blocks_footer_custom_js":"","_kad_post_transparent":"default","_kad_post_title":"","_kad_post_layout":"default","_kad_post_sidebar_id":"","_kad_post_content_style":"default","_kad_post_vertical_padding":"default","_kad_post_feature":"","_kad_post_feature_position":"","_kad_post_header":false,"_kad_post_footer":false,"_kad_post_classname":""},"product_brand":[],"product_cat":[28],"product_tag":[],"class_list":{"0":"post-9621","1":"product","2":"type-product","3":"status-publish","4":"has-post-thumbnail","6":"product_cat-sabres","7":"pa_grip-length-13-cm","8":"pa_grip-length-14-cm","9":"pa_grip-length-15-cm","11":"first","12":"onbackorder","13":"taxable","14":"shipping-taxable","15":"purchasable","16":"product-type-simple","17":"entry","18":"content-bg","19":"loop-entry"},"acf":[],"taxonomy_info":{"product_cat":[{"value":28,"label":"SABRES"}],"pa_grip-length":[{"value":26,"label":"13 cm"},{"value":27,"label":"14 cm"},{"value":85,"label":"15 cm"}]},"featured_image_src_large":["https:\/\/ensifer.pl\/wp-content\/uploads\/2025\/06\/Mair_33-1024x576.jpg",1024,576,true],"author_info":[],"comment_info":0,"_links":{"self":[{"href":"https:\/\/ensifer.pl\/pl\/wp-json\/wp\/v2\/product\/9621","targetHints":{"allow":["GET"]}}],"collection":[{"href":"https:\/\/ensifer.pl\/pl\/wp-json\/wp\/v2\/product"}],"about":[{"href":"https:\/\/ensifer.pl\/pl\/wp-json\/wp\/v2\/types\/product"}],"replies":[{"embeddable":true,"href":"https:\/\/ensifer.pl\/pl\/wp-json\/wp\/v2\/comments?post=9621"}],"version-history":[{"count":40,"href":"https:\/\/ensifer.pl\/pl\/wp-json\/wp\/v2\/product\/9621\/revisions"}],"predecessor-version":[{"id":11869,"href":"https:\/\/ensifer.pl\/pl\/wp-json\/wp\/v2\/product\/9621\/revisions\/11869"}],"wp:featuredmedia":[{"embeddable":true,"href":"https:\/\/ensifer.pl\/pl\/wp-json\/wp\/v2\/media\/9125"}],"wp:attachment":[{"href":"https:\/\/ensifer.pl\/pl\/wp-json\/wp\/v2\/media?parent=9621"}],"wp:term":[{"taxonomy":"product_brand","embeddable":true,"href":"https:\/\/ensifer.pl\/pl\/wp-json\/wp\/v2\/product_brand?post=9621"},{"taxonomy":"product_cat","embeddable":true,"href":"https:\/\/ensifer.pl\/pl\/wp-json\/wp\/v2\/product_cat?post=9621"},{"taxonomy":"product_tag","embeddable":true,"href":"https:\/\/ensifer.pl\/pl\/wp-json\/wp\/v2\/product_tag?post=9621"}],"curies":[{"name":"wp","href":"https:\/\/api.w.org\/{rel}","templated":true}]}}